{"id":839,"date":"2019-03-07T23:10:14","date_gmt":"2019-03-08T00:10:14","guid":{"rendered":"https:\/\/lecoeuraloeuvre.com\/?page_id=839"},"modified":"2022-06-06T10:05:27","modified_gmt":"2022-06-06T11:05:27","slug":"la-pratique-du-don","status":"publish","type":"page","link":"https:\/\/lecoeuraloeuvre.com\/pt\/terpailleco\/la-pratique-du-don\/","title":{"rendered":"La pratique du don"},"content":{"rendered":"\n<div class=\"wp-block-image\"><figure class=\"aligncenter size-large is-resized\"><img data-recalc-dims=\"1\" decoding=\"async\" src=\"https:\/\/i0.wp.com\/lecoeuraloeuvre.com\/wp-content\/uploads\/2021\/03\/IMG_20210301_122755-575x1024.jpg?resize=181%2C322&#038;ssl=1\" alt=\"Du r\u00eave \u00e0 la r\u00e9alit\u00e9\" class=\"wp-image-1385\" width=\"181\" height=\"322\" srcset=\"https:\/\/i0.wp.com\/lecoeuraloeuvre.com\/wp-content\/uploads\/2021\/03\/IMG_20210301_122755-scaled.jpg?resize=575%2C1024&amp;ssl=1 575w, https:\/\/i0.wp.com\/lecoeuraloeuvre.com\/wp-content\/uploads\/2021\/03\/IMG_20210301_122755-scaled.jpg?resize=169%2C300&amp;ssl=1 169w, https:\/\/i0.wp.com\/lecoeuraloeuvre.com\/wp-content\/uploads\/2021\/03\/IMG_20210301_122755-scaled.jpg?resize=768%2C1367&amp;ssl=1 768w, https:\/\/i0.wp.com\/lecoeuraloeuvre.com\/wp-content\/uploads\/2021\/03\/IMG_20210301_122755-scaled.jpg?resize=863%2C1536&amp;ssl=1 863w, https:\/\/i0.wp.com\/lecoeuraloeuvre.com\/wp-content\/uploads\/2021\/03\/IMG_20210301_122755-scaled.jpg?resize=1151%2C2048&amp;ssl=1 1151w, https:\/\/i0.wp.com\/lecoeuraloeuvre.com\/wp-content\/uploads\/2021\/03\/IMG_20210301_122755-scaled.jpg?w=1439&amp;ssl=1 1439w\" sizes=\"(max-width: 181px) 100vw, 181px\" \/><figcaption>Du r\u00eave \u00e0 la r\u00e9alit\u00e9<\/figcaption><\/figure><\/div>\n\n\n\n<p>J&#8217;exp\u00e9rimente depuis 5 ans de r\u00e9aliser des chantiers gratuitement, sur base d&#8217;un don. Pourquoi?<\/p>\n\n\n\n<p>L&#8217;amour est un don, et l&#8217;amour est la source la plus importante du bonheur. Tout dans la nature est un don gratuit, pas m\u00eame un troc. Donc, faire un don est en harmonie avec les lois d&#8217;amour de Dieu et devrait en principe procurer de la joie et de l&#8217;harmonie pour moi, mes clients et par contagion notre entourage. C&#8217;est ce que j&#8217;exp\u00e9rimente. Je pense que c&#8217;est une pratique int\u00e9ressante \u00e0 plusieurs titres : <\/p>\n\n\n\n<ol class=\"wp-block-list\"><li><em><strong>Chez l&#8217;artisan :<\/strong><\/em> elle le confronte \u00e0 son (manque d&#8217;) estime de soi, \u00e0 ses peurs de manquer et de mourir, \u00e0 ses addictions envers l&#8217;argent, sa cupidit\u00e9, v\u00e9nalit\u00e9 et avarice ou manque de g\u00e9n\u00e9rosit\u00e9 quand les actes sont tous pes\u00e9s par rapport \u00e0 ce qu&#8217;on va y gagner. Ce que nous attirons refl\u00e8te notre condition de paix ou de peur int\u00e9rieure.<\/li><li><em><strong>Chez le client:<\/strong><\/em> cela entra\u00eene une prise de conscience, une sorte de r\u00e9flexion intime pour celui\/celle qui re\u00e7oit : comment recevoir un don sans se sentir redevable? Comment r\u00e9aliser son r\u00eave sans peur de manquer d&#8217;argent et faire confiance \u00e0 l&#8217;abondance, que notre d\u00e9sir est pur? Comment exprimer sa gratitude ou pas? Quelle est la valeur d&#8217;un cadeau que je re\u00e7ois?<\/li><li><em><strong>Dans la relation:<\/strong><\/em> cela aide \u00e0 cr\u00e9er du lien de qualit\u00e9. On sort de la spirale v\u00e9nale infernale du: &#8220;je te paye, donc j&#8217;ai tous les droits, fais ton boulot et tais-toi. Le reste, je ne veux pas savoir, d\u00e9brouille-toi&#8221;. On explore de nouvelles avenues: &#8220;comment faire le plus beau cadeau possible \u00e0 mon client? Et pour le client, qu&#8217;est-ce qui me pla\u00eet vraiment et qu&#8217;est-ce que cela implique dans sa r\u00e9alisation? Comment bien exprimer ma gratitude pour ce que j&#8217;ai re\u00e7u? Comment faire le plus beau cadeau possible \u00e0 l&#8217;artisan, selon mon d\u00e9sir et de mes moyens?&#8221;<\/li><\/ol>\n\n\n\n<p>Dans le cadre de mes chantiers priv\u00e9s Terpaille&amp;Co chez les particuliers, je souhaite cultiver et engager, autant que possible, le principe du don.  On d\u00e9cide toujours ensemble, moi et le client, si on engage ce processus. Les valeurs communes sont le d\u00e9sir de nourrir des relations humaines de confiance, bienveillantes et la foi dans le processus. J&#8217;ai d\u00e9couvert que c&#8217;est un processus qui me faire grandir, de donne confiance en mes moyens et en la g\u00e9n\u00e9rosit\u00e9 et l&#8217;abondance de l&#8217;univers. Et mes clients semblent appr\u00e9cier aussi.<\/p>\n\n\n\n<h2 class=\"wp-block-heading\"><strong>Comment cela se passe-t-il ? <\/strong><\/h2>\n\n\n\n<p>Je donne mon temps gratuitement, partage volontiers mon savoir-faire avec les personnes dans la mesure o\u00f9 l&#8217;amour est au centre de la transaction. Qu&#8217;est-ce que cela veut dire ?<\/p>\n\n\n\n<p><strong>Avant le d\u00e9but du chantier :<\/strong><\/p>\n\n\n\n<ol class=\"wp-block-list\"><li><strong>La s\u00e9curit\u00e9 : <\/strong>c&#8217;est ma priorit\u00e9 n\u00b0 1, la s\u00e9curit\u00e9 du chantier pour moi-m\u00eame, les autres artisans et aidants, et les passants par des \u00e9quipements de protection collectifs et individuels. La location d&#8217;\u00e9quipement de protection collective, tel un \u00e9chafaudage est \u00e0 charge du client. L&#8217;am\u00e9nagement pratique et s\u00e9curitaire de l&#8217;acc\u00e8s au chantier, et de la zone de travail sur le chantier (remblai des tranch\u00e9es, pose de concass\u00e9, &#8230;), est aussi la responsabilit\u00e9 du client.<\/li><li><strong>La propret\u00e9 :<\/strong> avant le d\u00e9but du chantier, j&#8217;encourage le client \u00e0 prot\u00e9ger tout ce qui pourrait \u00eatre souill\u00e9 pendant mon travail (risques de projections, d&#8217;\u00e9clats, de frottements etc&#8230;), et le cas \u00e9ch\u00e9ant, je mets le client en garde contre les risques restant possibles li\u00e9s \u00e0 un d\u00e9faut de protection g\u00e9n\u00e9rale. Je m&#8217;engage \u00e0 prot\u00e9ger personnellement au maximum les objets et environs du chantier pour ne pas les salir ou ab\u00eemer. Cela fera gagner de l&#8217;argent et du temps de nettoyage en fin de chantier. Les consommables de protection sont \u00e0 charge du client (b\u00e2ches, films, scotch, etc). Si le chantier est bien prot\u00e9g\u00e9, je gagne du temps de travail. <\/li><li> <strong>Relation de confiance : <\/strong>c&#8217;est essentiel pour moi. C&#8217;est la base de la joie d&#8217;un travail bien fait.  Je suis \u00e0 l\u2019\u00e9coute des besoins et d\u00e9sirs du client, et je tente de les appliquer. Le  client exprime ses go\u00fbts et envies techniques et esth\u00e9tiques, et dans ce cadre, je  fais des propositions, et je recommande les meilleures options techniques parmi lesquelles le client fait son choix. Je suis  totalement transparent sur mes choix techniques, pratiques, et je  partage volontiers la raison de mes choix et d\u00e9cisions. Je partage aussi mes sentiments par rapport au chantier, et j&#8217;ai le d\u00e9sir d&#8217;entendre le client partager les siens. La relation, mes ressentis et ceux du client sont aussi importants, et \u00e0 prendre en compte. Je m&#8217;engage \u00e0 assumer la responsabilit\u00e9 de mes \u00e9motions. Je cherche \u00e0 ne pas les projeter sur le client, m\u00eame si je suis frustr\u00e9 ou stress\u00e9. <\/li><li><strong>Les mat\u00e9riaux : <\/strong>soit le client dispose d\u00e9j\u00e0 des mat\u00e9riaux (\u00e0 \u00e9viter si possible), soit il ach\u00e8te les mat\u00e9riaux que je lui recommande et les met \u00e0 ma disposition sur le chantier, soit, j&#8217;ach\u00e8te moi-m\u00eame les mat\u00e9riaux au nom de mon client qui me r\u00e8gle \u00e0 l&#8217;avance ou me rembourse sur base de la facture\/ticket de caisse. <\/li><li><strong>Devis :<\/strong> En g\u00e9n\u00e9ral je travaille sans devis et fournis ensuite un d\u00e9compte d\u00e9taill\u00e9 de mes heures r\u00e9ellement prest\u00e9es. Je peux donner une estimation du co\u00fbt des mat\u00e9riaux, et du temps de travail. Cependant, elle est juste indicative et non contractuelle, \u00e0 moins qu&#8217;il en soit d\u00e9cid\u00e9 autrement. Comme je fais presque chaque fois des travaux &#8220;sur mesure&#8221; personnalis\u00e9s, j&#8217;ai remarqu\u00e9 que beaucoup de travaux sont beaucoup plus longs que pr\u00e9vu, certaine t\u00e2ches sont en plus, et d&#8217;autre vont plus vites. Ni moi, ni mes clients ne sont tenus par un devis avec des travaux suppl\u00e9mentaires surprises comme c&#8217;est souvent le cas, c&#8217;est la r\u00e9alisation des d\u00e9sirs dans une coop\u00e9ration bienveillante qui prime.  <\/li><li><strong>Indemnit\u00e9 de d\u00e9placement et de s\u00e9jour :<\/strong> avant le d\u00e9but du chantier, je conviens avec le client d&#8217;un montant forfaitaire pour couvrir mes frais de s\u00e9jour si je loge sur place. G\u00e9n\u00e9ralement, je ne compte pas mon temps de d\u00e9placement, juste les frais de d\u00e9placements factur\u00e9s aux <a rel=\"noreferrer noopener\" href=\"https:\/\/www.service-public.fr\/particuliers\/actualites\/A14686\" target=\"_blank\">bar\u00e8mes kilom\u00e9triques l\u00e9gaux en vigueur<\/a>. <\/li><\/ol>\n\n\n\n<p><strong>Pendant le chantier : <\/strong><\/p>\n\n\n\n<ol class=\"wp-block-list\"><li><strong>S\u00e9curit\u00e9 :<\/strong> cela reste le plus important pour moi et pour les autres. Outils et mat\u00e9riels conformes et s\u00e9curis\u00e9s, travail dans des conditions s\u00e9curitaires. J&#8217;interromps le chantier, et mets en place de solutions, d\u00e8s qu&#8217;il y a un risque d&#8217;accident.<\/li><li><strong>Qualit\u00e9 :<\/strong> le travail beau, propre, solide, utile et bien fait est mon objectif.<\/li><li><strong>Efficacit\u00e9, sans pr\u00e9cipitation :<\/strong> je travaille le plus efficacement possible. Dans ce cadre, je privil\u00e9gie la qualit\u00e9 et le plaisir du travail bien fait. J&#8217;\u00e9vite au maximum de travailler dans l&#8217;urgence. Je t\u00e2che de ne pas me pr\u00e9cipiter ou me presser, mais de privil\u00e9gier le travail bien fait une fois pour toute. M\u00eame sous la pression. Cela arrive souvent sur les chantiers du b\u00e2timent, et je ne le cautionne pas. \u00catre press\u00e9 conduit \u00e0 faire des erreurs, du travail b\u00e2cl\u00e9, \u00e0 occasionner des accidents, et \u00e0 d\u00e9truire le plaisir du travail bien fait, et la qualit\u00e9 des relations.<\/li><li><strong>Horaires de travail :<\/strong> j&#8217;\u00e9tablis mes horaires de travail selon mes priorit\u00e9s dans le respect de mes engagements, de mon bien-\u00eatre physique et des exigences du chantier en coop\u00e9ration avec les autres corps de m\u00e9tier intervenant.<\/li><li><strong>Humilit\u00e9 :<\/strong> Je reconnais que j&#8217;apprends toujours de mes chantiers, que je ne connais pas tout, qu&#8217;il y a souvent de nombreuses options techniques. Je prends la meilleure option que je pense sur le moment, mais je peux me tromper ou am\u00e9liorer la technique, et faire un choix diff\u00e9rent plus tard.<\/li><li><strong>Responsabilit\u00e9 :<\/strong> j&#8217;assume la responsabilit\u00e9 de mes choix et erreurs. S&#8217;il faut que je corrige, am\u00e9liore, ou recommence, quelque chose, je m&#8217;engage \u00e0 le faire. Si je n&#8217;en ai pas les moyens, le temps ou l&#8217;argent, je m&#8217;engage \u00e0 faire tout ce qui est dans mon pouvoir pour trouver une solution qui convienne au client en assumant ma responsabilit\u00e9 personnelle au mieux de mes possibilit\u00e9s. Je n&#8217;ai pas de <strong>garantie d\u00e9cennale<\/strong> pour le moment, d&#8217;abord parce que c&#8217;est tr\u00e8s rare dans mon domaine, mais aussi parce que cela m&#8217;obligerait \u00e0 travailler beaucoup plus, avec des tarifs fixes plus \u00e9lev\u00e9s. En cons\u00e9quence, je n&#8217;accepte que les chantiers que j&#8217;ai confiance de mener \u00e0 bonnes fins sans probl\u00e8mes.<\/li><li><strong>D\u00e9compte des travaux r\u00e9alis\u00e9s:<\/strong> \u00e0 la fin du chantier, ou en fin de mois si le chantier est plus long, je communique au client un relev\u00e9 d\u00e9taill\u00e9 des t\u00e2ches et heures prest\u00e9es. Le client d\u00e9cide ensuite s&#8217;il souhaite me faire un don, libre, \u00e0 son appr\u00e9ciation. Il y a 3 cas de figure : <\/li><\/ol>\n\n\n\n<ul class=\"wp-block-list\"><li>Le client est heureux du travail r\u00e9alis\u00e9 et souhaite me faire un don. Notre relation est excellente, construite pour durer. Je ressens son sentiment de gratitude et satisfaction pour le travail que j&#8217;ai fait pour lui.<\/li><li>Le client ne fait pas de don, ou il me fait un don sans vraiment en avoir envie (par peur, culpabilit\u00e9, sens d&#8217;\u00eatre oblig\u00e9, ou peu importe). Dans ce cas, je d\u00e9ciderai si je souhaite continuer ou arr\u00eater le chantier, selon ce qui me semble un choix aimant, au cas pas cas.<\/li><li>Le client n&#8217;est pas satisfait de mon travail (hypoth\u00e9tiquement car cela ne m&#8217;est encore jamais arriv\u00e9). Peu importe s&#8217;il me fait un don ou pas, soit nous trouvons une solution gagnante pour tout le monde en refilant le chantier \u00e0 un coll\u00e8gue, soit j&#8217;arr\u00eate simplement le chantier.<\/li><\/ul>\n\n\n\n<h2 class=\"wp-block-heading\"><strong>Engagement de bonne fin<\/strong> : <\/h2>\n\n\n\n<p>L&#8217;avantage de la pratique du don est que, non seulement le client me choisit pour ma fa\u00e7on unique de travailler de mani\u00e8re humaine et personnalis\u00e9e, mais en plus, je choisis moi-m\u00eame mes clients ne m&#8217;engageant que si je le sens bien. <\/p>\n\n\n\n<p>En cons\u00e9quence, si je suis amen\u00e9 \u00e0 interrompre ou arr\u00eater le chantier, peu importe la raison, professionnelle ou personnelle, je m&#8217;engage \u00e0 faire tout ce qui est en mon pouvoir pour trouver un coll\u00e8gue pour le terminer, et \u00e0 collaborer et communiquer toutes les informations n\u00e9cessaires pour qu&#8217;il se termine bien et dans les meilleurs d\u00e9lais.<\/p>\n\n\n\n<h2 class=\"wp-block-heading\"><strong>Facturation : <\/strong><\/h2>\n\n\n\n<p>A la fin de chaque mois, je remets au client une facture incluant la somme des dons re\u00e7us pendant le mois pour les heures prest\u00e9es, ainsi que le montant des d\u00e9placements. Les mat\u00e9riaux sont rembours\u00e9s s\u00e9par\u00e9ment sur base des factures\/tickets de caisse. <\/p>\n\n\n\n<p>Pour information, sur le montant factur\u00e9 d\u00e9clar\u00e9, environ 22% servent \u00e0 payer les charges sociales, professionnelles et les imp\u00f4ts. Ensuite, il y a les frais de v\u00e9hicule et d&#8217;outils et \u00e9quipements professionnels. L\u2019artisan auto-entrepreneur a une protection sociale minimum, sans revenu garanti en cas d\u2019accident ou de maladie et sans droit au ch\u00f4mage. Payer une protection sociale compl\u00e9mentaire est donc n\u00e9cessaire. <\/p>\n\n\n\n<h2 class=\"wp-block-heading\"><strong>Comment d\u00e9terminer le juste don ? <\/strong><\/h2>\n\n\n\n<p>Mettez-vous \u00e0 la place de l&#8217;autre, imaginez ce que vous aimeriez recevoir si vous \u00e9tiez artisan. <\/p>\n\n\n\n<p>R\u00e9fl\u00e9chissez \u00e0 la valeur du temps, si vous pensez que la valeur du temps de chaque personne est la m\u00eame ou pas. Combien vaut une heure de votre temps. Traitez-vous tout le monde de mani\u00e8re \u00e9gale ? Valez-vous plus, moins ou la m\u00eame chose que les autres.<\/p>\n\n\n\n<p>Essayez d&#8217;\u00eatre g\u00e9n\u00e9reux, ou de donner un minimum, et ressentez en votre c\u0153ur ce qui vous semble le plus juste.<\/p>\n\n\n\n<p>\u00c9coutez votre c\u0153ur et votre conscience. Utiliser cette opportunit\u00e9 pour d\u00e9velopper votre sens de l&#8217;amour et du don de ce qui est juste selon vous.<\/p>\n\n\n\n<p>Juste pour vous donner une indication, si vous avez vraiment peu de moyen mais appr\u00e9ciez mon travail, 120 \u00e0 150\u20ac par jour (15 \u00e0 20\u20ac par heure de travail) me permet de continuer mon activit\u00e9, si c&#8217;est de temps en temps. Sinon, 200 \u00e0 250\u20ac  par jour (25 \u00e0 30\u20ac par heure) est un montant qui me permet de vivre et d\u00e9velopper mon activit\u00e9 et engager mes passions. Certaines personnes sont plus g\u00e9n\u00e9reuses et me donnent 35 ou 40 \u20ac par heure. Si c&#8217;est pour un chantier participatif, plus complexe \u00e0 pr\u00e9parer et g\u00e9rer, c&#8217;est plut\u00f4t 250\u20ac \u00e0 300\u20ac par jour. <\/p>\n","protected":false},"excerpt":{"rendered":"<p>J&#8217;exp\u00e9rimente depuis 5 ans de r\u00e9aliser des chantiers gratuitement, sur base d&#8217;un don. Pourquoi? L&#8217;amour est un don, et l&#8217;amour est la source la plus importante du bonheur. Tout dans la nature est un don gratuit, pas m\u00eame un troc. Donc, faire un don est en harmonie avec les lois d&#8217;amour de Dieu et devrait&#8230; <\/p>\n","protected":false},"author":9632,"featured_media":0,"parent":217,"menu_order":0,"comment_status":"closed","ping_status":"closed","template":"","meta":{"footnotes":""},"class_list":["post-839","page","type-page","status-publish","hentry"],"translation":{"provider":"WPGlobus","version":"3.0.2","language":"pt","enabled_languages":["fr","en","pt"],"languages":{"fr":{"title":true,"content":true,"excerpt":false},"en":{"title":true,"content":true,"excerpt":false},"pt":{"title":false,"content":false,"excerpt":false}}},"jetpack_sharing_enabled":true,"jetpack_shortlink":"https:\/\/wp.me\/P8nQaq-dx","_links":{"self":[{"href":"https:\/\/lecoeuraloeuvre.com\/pt\/wp-json\/wp\/v2\/pages\/839","targetHints":{"allow":["GET"]}}],"collection":[{"href":"https:\/\/lecoeuraloeuvre.com\/pt\/wp-json\/wp\/v2\/pages"}],"about":[{"href":"https:\/\/lecoeuraloeuvre.com\/pt\/wp-json\/wp\/v2\/types\/page"}],"author":[{"embeddable":true,"href":"https:\/\/lecoeuraloeuvre.com\/pt\/wp-json\/wp\/v2\/users\/9632"}],"replies":[{"embeddable":true,"href":"https:\/\/lecoeuraloeuvre.com\/pt\/wp-json\/wp\/v2\/comments?post=839"}],"version-history":[{"count":31,"href":"https:\/\/lecoeuraloeuvre.com\/pt\/wp-json\/wp\/v2\/pages\/839\/revisions"}],"predecessor-version":[{"id":2630,"href":"https:\/\/lecoeuraloeuvre.com\/pt\/wp-json\/wp\/v2\/pages\/839\/revisions\/2630"}],"up":[{"embeddable":true,"href":"https:\/\/lecoeuraloeuvre.com\/pt\/wp-json\/wp\/v2\/pages\/217"}],"wp:attachment":[{"href":"https:\/\/lecoeuraloeuvre.com\/pt\/wp-json\/wp\/v2\/media?parent=839"}],"curies":[{"name":"wp","href":"https:\/\/api.w.org\/{rel}","templated":true}]}}