{"id":8340,"date":"2023-06-02T10:15:56","date_gmt":"2023-06-02T11:15:56","guid":{"rendered":"https:\/\/lecoeuraloeuvre.com\/?page_id=8340"},"modified":"2024-07-23T04:15:38","modified_gmt":"2024-07-23T05:15:38","slug":"shop","status":"publish","type":"page","link":"https:\/\/lecoeuraloeuvre.com\/pt\/shop\/","title":{"rendered":"Boutique en ligne"},"content":{"rendered":"<\/p>\n\n<div class=\"wp-block-image\">\n<figure class=\"aligncenter size-full is-resized\"><a href=\"https:\/\/i0.wp.com\/lecoeuraloeuvre.com\/wp-content\/uploads\/2023\/06\/Logo5-png-1.png?ssl=1\"><img data-recalc-dims=\"1\" decoding=\"async\" width=\"500\" height=\"500\" src=\"https:\/\/i0.wp.com\/lecoeuraloeuvre.com\/wp-content\/uploads\/2023\/06\/Logo5-png-1.png?resize=500%2C500&#038;ssl=1\" alt=\"\" class=\"wp-image-8347\" style=\"width:198px;height:198px\" srcset=\"https:\/\/i0.wp.com\/lecoeuraloeuvre.com\/wp-content\/uploads\/2023\/06\/Logo5-png-1.png?w=500&amp;ssl=1 500w, https:\/\/i0.wp.com\/lecoeuraloeuvre.com\/wp-content\/uploads\/2023\/06\/Logo5-png-1.png?resize=300%2C300&amp;ssl=1 300w, https:\/\/i0.wp.com\/lecoeuraloeuvre.com\/wp-content\/uploads\/2023\/06\/Logo5-png-1.png?resize=150%2C150&amp;ssl=1 150w\" sizes=\"(max-width: 500px) 100vw, 500px\" \/><\/a><\/figure>\n<\/div>\n\n\n<p>Vous soutenez les projets environnementaux, d&#8217;accueil et d&#8217;\u00e2me de Tapada do Castelo en achetant<\/p>\n\n\n\n<p>un T-shirt, Hoodie, sac, robe, etc\u2026 sur notre boutique.<\/p>\n\n\n\n<p>Ils sont fabriqu\u00e9s de mani\u00e8re \u00e9thique avec des tissus de haute qualit\u00e9, bio, respectueux de l&#8217;environnement, et sont imprim\u00e9s \u00e0 la demande juste pour vous avec des encres v\u00e9g\u00e9taliennes (*).<\/p>\n\n\n\n<p>Ils ont en plus des conceptions inspirantes pour encourager l&#8217;Amour et la V\u00e9rit\u00e9 et que vous puissiez briller ce message autour de vous.<\/p>\n\n\n\n<p>Visitez notre boutique sur <a href=\"https:\/\/soulartbypierre.etsy.com\"><strong>Etsy<\/strong><\/a><\/p>\n\n\n\n<p>(*) NB: Les articles All Over Printing, bien que vraiment amusants et color\u00e9s, ne sont pas aussi \u00e9cologiques car ils sont fabriqu\u00e9s \u00e0 partir de polyester ou d&#8217;un m\u00e9lange de polyester (parfois recycl\u00e9) et de coton.<\/p>\n\n\n<p>","protected":false},"excerpt":{"rendered":"<p>Vous soutenez les projets environnementaux, d&#8217;accueil et d&#8217;\u00e2me de Tapada do Castelo en achetant un T-shirt, Hoodie, sac, robe, etc\u2026 sur notre boutique. Ils sont fabriqu\u00e9s de mani\u00e8re \u00e9thique avec des tissus de haute qualit\u00e9, bio, respectueux de l&#8217;environnement, et sont imprim\u00e9s \u00e0 la demande juste pour vous avec des encres v\u00e9g\u00e9taliennes (*). Ils ont&#8230; <\/p>\n","protected":false},"author":9632,"featured_media":0,"parent":0,"menu_order":0,"comment_status":"closed","ping_status":"closed","template":"","meta":{"jetpack_post_was_ever_published":false,"footnotes":""},"class_list":["post-8340","page","type-page","status-publish","hentry"],"translation":{"provider":"WPGlobus","version":"3.0.2","language":"pt","enabled_languages":["fr","en","pt"],"languages":{"fr":{"title":true,"content":true,"excerpt":false},"en":{"title":true,"content":true,"excerpt":false},"pt":{"title":false,"content":false,"excerpt":false}}},"jetpack_sharing_enabled":true,"jetpack_shortlink":"https:\/\/wp.me\/P8nQaq-2aw","_links":{"self":[{"href":"https:\/\/lecoeuraloeuvre.com\/pt\/wp-json\/wp\/v2\/pages\/8340","targetHints":{"allow":["GET"]}}],"collection":[{"href":"https:\/\/lecoeuraloeuvre.com\/pt\/wp-json\/wp\/v2\/pages"}],"about":[{"href":"https:\/\/lecoeuraloeuvre.com\/pt\/wp-json\/wp\/v2\/types\/page"}],"author":[{"embeddable":true,"href":"https:\/\/lecoeuraloeuvre.com\/pt\/wp-json\/wp\/v2\/users\/9632"}],"replies":[{"embeddable":true,"href":"https:\/\/lecoeuraloeuvre.com\/pt\/wp-json\/wp\/v2\/comments?post=8340"}],"version-history":[{"count":19,"href":"https:\/\/lecoeuraloeuvre.com\/pt\/wp-json\/wp\/v2\/pages\/8340\/revisions"}],"predecessor-version":[{"id":16891,"href":"https:\/\/lecoeuraloeuvre.com\/pt\/wp-json\/wp\/v2\/pages\/8340\/revisions\/16891"}],"wp:attachment":[{"href":"https:\/\/lecoeuraloeuvre.com\/pt\/wp-json\/wp\/v2\/media?parent=8340"}],"curies":[{"name":"wp","href":"https:\/\/api.w.org\/{rel}","templated":true}]}}