{"id":74,"date":"2017-02-12T03:34:27","date_gmt":"2017-02-12T03:34:27","guid":{"rendered":"http:\/\/lecoeuraloeuvre.com\/?page_id=74"},"modified":"2018-05-05T14:44:49","modified_gmt":"2018-05-05T15:44:49","slug":"apprendre-a-aimer","status":"publish","type":"page","link":"https:\/\/lecoeuraloeuvre.com\/pt\/apprendre-a-aimer\/","title":{"rendered":"\u00c9ducation &#8220;Apprendre \u00e0 aimer&#8221;"},"content":{"rendered":"<p><strong>&#8220;Apprendre\u00a0\u00e0 aimer&#8221;<\/strong> est l&#8217;activit\u00e9 fondamentale sous-jacente \u00e0 tout ce que je fais dans le C\u0153ur \u00e0 l\u2019\u0153uvre, le fondement de toutes les autres activit\u00e9s de service que je propose. C&#8217;est ce qui importe le plus, qui donne la joie et construit l&#8217;harmonie. J&#8217;exp\u00e9rimente et partage sous diff\u00e9rentes formes mes exp\u00e9riences personnelles par rapport \u00e0 la mise en pratique des enseignements sur l&#8217;amour de <a href=\"https:\/\/lecoeuraloeuvre.com\/verite-divine\/\">Divine Truth<\/a>. Je cr\u00e9e et produit divers mat\u00e9riels et contenus sous divers formes: articles, livres, livrets, vid\u00e9os, groupes de partage, atelier\/conf\u00e9rences.<\/p>\n<ul>\n<li>Formation d&#8217;aide aux parents &#8220;<a href=\"https:\/\/lecoeuraloeuvre.com\/comment-aimer-nos-enfants\/\">Comment aimer nos enfants?&#8221;<\/a><\/li>\n<li><a href=\"https:\/\/lecoeuraloeuvre.com\/coaching-familial-en-immersion-totale\/\">Coaching familial en immersion totale<\/a><\/li>\n<li><a href=\"http:\/\/www.uniondivine.info\/archives\/2011\/06\/23\/21663683.html\" target=\"_blank\" rel=\"noopener\">Atelier\/Groupe de partage de th\u00e8mes divers de la V\u00e9rit\u00e9 Divine<\/a><\/li>\n<li><a href=\"https:\/\/www.youtube.com\/user\/Veritedivine\">Vid\u00e9os sur YouTube<\/a><\/li>\n<li><a href=\"http:\/\/www.uniondivine.info\/archives\/2014\/07\/15\/36101683.html\" target=\"_blank\" rel=\"noopener\">Traduction d&#8217;enseignements de J\u00e9sus, productions de livrets A5, r\u00e9dactions d&#8217;articles et autres ressources sur Divine Truth<\/a><\/li>\n<\/ul>\n<p><strong>\u00c9tude permanente:<\/strong> j&#8217;\u00e9tudie en permanence pour apprendre \u00e0 aimer plus et mieux, tel que Dieu aime, ce qui est la base de tous mes partages. <a href=\"https:\/\/lecoeuraloeuvre.com\/une-education-a-lamour-pour-tous\/\">Une \u00e9ducation \u00e0 l&#8217;Amour pour tous<\/a> est donn\u00e9e par J\u00e9sus et Mary de Divine Truth pour la premi\u00e8re fois sur terre depuis 2016. Je\u00a0 prends un temps pr\u00e9cieux \u00e0 \u00e9tudier, et \u00eatre seul pour r\u00e9fl\u00e9chir, et me donner le temps ressentir et lib\u00e9rer nos \u00e9motions douloureuses sans amour, afin de les gu\u00e9rir, et de servir avec une intention d&#8217;amour sup\u00e9rieure. Ce temps est bien rare dans notre monde, il n&#8217;est pas valoris\u00e9, mais seul nous-m\u00eames pouvons nous le donner. Je souhaite apprendre \u00e0<strong> donner la priorit\u00e9 au ressenti, \u00e0 l&#8217;amour, la responsabilit\u00e9 et la sinc\u00e9rit\u00e9 dans tout ce que je fais<\/strong>, pour pr\u00e9parer mon \u00e2me \u00e0 avoir une relation avec Dieu, car c&#8217;est le plus beau potentiel que je pense avoir, avec tous les <a href=\"http:\/\/www.uniondivine.info\/pages\/les-benefices-eternels-d-une-relation-avec-dieu\/27623853.html\" target=\"_blank\" rel=\"noopener\">b\u00e9n\u00e9fices<\/a> associ\u00e9s.<\/p>\n","protected":false},"excerpt":{"rendered":"<p>&#8220;Apprendre\u00a0\u00e0 aimer&#8221; est l&#8217;activit\u00e9 fondamentale sous-jacente \u00e0 tout ce que je fais dans le C\u0153ur \u00e0 l\u2019\u0153uvre, le fondement de toutes les autres activit\u00e9s de service que je propose. C&#8217;est ce qui importe le plus, qui donne la joie et construit l&#8217;harmonie. J&#8217;exp\u00e9rimente et partage sous diff\u00e9rentes formes mes exp\u00e9riences personnelles par rapport \u00e0 la&#8230; <\/p>\n","protected":false},"author":9632,"featured_media":0,"parent":0,"menu_order":0,"comment_status":"closed","ping_status":"closed","template":"","meta":{"jetpack_post_was_ever_published":false,"footnotes":""},"class_list":["post-74","page","type-page","status-publish","hentry"],"translation":{"provider":"WPGlobus","version":"3.0.2","language":"pt","enabled_languages":["fr","en","pt"],"languages":{"fr":{"title":true,"content":true,"excerpt":false},"en":{"title":false,"content":false,"excerpt":false},"pt":{"title":false,"content":false,"excerpt":false}}},"jetpack_sharing_enabled":true,"jetpack_shortlink":"https:\/\/wp.me\/P8nQaq-1c","_links":{"self":[{"href":"https:\/\/lecoeuraloeuvre.com\/pt\/wp-json\/wp\/v2\/pages\/74","targetHints":{"allow":["GET"]}}],"collection":[{"href":"https:\/\/lecoeuraloeuvre.com\/pt\/wp-json\/wp\/v2\/pages"}],"about":[{"href":"https:\/\/lecoeuraloeuvre.com\/pt\/wp-json\/wp\/v2\/types\/page"}],"author":[{"embeddable":true,"href":"https:\/\/lecoeuraloeuvre.com\/pt\/wp-json\/wp\/v2\/users\/9632"}],"replies":[{"embeddable":true,"href":"https:\/\/lecoeuraloeuvre.com\/pt\/wp-json\/wp\/v2\/comments?post=74"}],"version-history":[{"count":13,"href":"https:\/\/lecoeuraloeuvre.com\/pt\/wp-json\/wp\/v2\/pages\/74\/revisions"}],"predecessor-version":[{"id":78,"href":"https:\/\/lecoeuraloeuvre.com\/pt\/wp-json\/wp\/v2\/pages\/74\/revisions\/78"}],"wp:attachment":[{"href":"https:\/\/lecoeuraloeuvre.com\/pt\/wp-json\/wp\/v2\/media?parent=74"}],"curies":[{"name":"wp","href":"https:\/\/api.w.org\/{rel}","templated":true}]}}