{"id":429,"date":"2018-05-05T14:16:51","date_gmt":"2018-05-05T15:16:51","guid":{"rendered":"https:\/\/lecoeuraloeuvre.com\/?page_id=429"},"modified":"2022-05-01T15:29:55","modified_gmt":"2022-05-01T16:29:55","slug":"philosophie","status":"publish","type":"page","link":"https:\/\/lecoeuraloeuvre.com\/pt\/philosophie\/","title":{"rendered":"Philosophie"},"content":{"rendered":"<ul>\n<li>exp\u00e9rimenter la mise en pratique quotidienne des enseignements de <a href=\"https:\/\/lecoeuraloeuvre.com\/verite-divine\/\" target=\"_blank\" rel=\"noopener noreferrer\">Divine Truth<\/a> fond\u00e9s sur les principes d&#8217;amour de Dieu, de soi, des autres et de l&#8217;environnement, au service de la communaut\u00e9 et de l&#8217;humanit\u00e9.<\/li>\n<li>exp\u00e9rimenter le don dans toutes les activit\u00e9s et passions que je partage et les services propos\u00e9s ici. Lire l&#8217;exemple de l&#8217;\u00e9coconstruction : <a href=\"https:\/\/lecoeuraloeuvre.com\/terpailleco\/la-pratique-du-don\/\">la pratique du don<\/a><\/li>\n<li>apprendre, appliquer et faire conna\u00eetre par mes actions, les <a href=\"https:\/\/lecoeuraloeuvre.com\/principes-de-dieu\/\" target=\"_blank\" rel=\"noopener noreferrer\">Principes des Lois de Dieu<\/a> tels qu&#8217;enseign\u00e9s dans les enseignements de Divine Truth, en d\u00e9veloppant progressivement une relation personnelle de qualit\u00e9 avec Dieu, moi-m\u00eame (y compris mon \u00e2me jumelle), les autres et l&#8217;environnement.<\/li>\n<li>d\u00e9montrer par ma vie, dans mes actions quotidiennes, les b\u00e9n\u00e9fices de la mise en application des principes d&#8217;amour, et du d\u00e9veloppement d&#8217;une relation personnelle intime avec Dieu, non seulement pour le bonheur individuel, des couples et familles, mais aussi pour le bonheur collectif des communaut\u00e9s et de toute l&#8217;humanit\u00e9.<\/li>\n<li>\u00eatre totalement sinc\u00e8re, transparent et responsable dans toutes mes actions, relations et mes comptes financiers.<\/li>\n<li>faire aux autres ce que j&#8217;aimerais qu&#8217;ils me fassent, sans pour autant nourrir mes addictions ou celles des autres.<\/li>\n<li>\u00eatre humble et conscient que j&#8217;ai de nombreux domaines o\u00f9 je ne suis pas encore dans l&#8217;amour, ou j&#8217;ai des blessures non gu\u00e9ries, et je souhaite en prendre la responsabilit\u00e9 personnelle et les lib\u00e9rer.<\/li>\n<li>soutenir toute action \u00e9thique et morale \u00e0 vocation sociale, humanitaire, et environnementale, adressant et traitant les causes des probl\u00e8mes et de la souffrance humaine, de mani\u00e8re \u00e0 les faire dispara\u00eetre.<\/li>\n<li>aider les personnes et la soci\u00e9t\u00e9, dans la mesure de mon propre d\u00e9veloppement, \u00e0 exposer et lib\u00e9rer leurs peurs et fausses croyances dans tous les domaines : enfance, avortement et fausses couches, \u00e9ducation, relations intimes, relations familiales, relations sociales, relations professionnelles, industrie et commerce, religion, sant\u00e9, \u00e9cologie, alimentation.<\/li>\n<li>encourager le d\u00e9veloppement des d\u00e9sirs et passions aimants de chaque individu, qu&#8217;il\/elle souhaite d\u00e9velopper une relation personnelle avec Dieu ou pas.<\/li>\n<\/ul>\n<p style=\"text-align: center;\"><!--more--><\/p>\n<p>Je crois que :<\/p>\n<ul>\n<li>J\u00e9sus de Nazareth, fondateur de Divine Truth, Marie-Madeleine, et 12 autres personnes sont revenues sur terre \u00e0 partir de 1962, s&#8217;incarnant des plus hautes sph\u00e8res c\u00e9lestes de l&#8217;univers, pour enseigner la v\u00e9rit\u00e9 sur l&#8217;amour. J\u00e9sus et Marie-Madeleine enseignent et partagent gratuitement leurs enseignements sur internet sous le nom de <strong>Divine Truth<\/strong>. Pour plus d&#8217;information, regarder la vid\u00e9o &#8220;<a href=\"https:\/\/www.youtube.com\/watch?v=DLDRkcIRJpg\" target=\"_blank\" rel=\"noopener\">Le retour J\u00e9sus et 13 autres sur terre<\/a>&#8220;, ou visitez le site <a href=\"https:\/\/www.divinetruth.com\/sites\/main\/en\/index.htm#welcome.htm\" target=\"_blank\" rel=\"noopener noreferrer\">site web de Divine Truth<\/a> ou visitez les liens dans la colonne de droite.<\/li>\n<li>J\u00e9sus a montr\u00e9 la voie de l&#8217;Amour au premier si\u00e8cle, et il l&#8217;a montre encore une fois aujourd&#8217;hui.<\/li>\n<li>Les changements mat\u00e9riels, pratiques, et scientifiques ne peuvent pas \u00e9liminer les causes de la souffrance humaine, juste traiter les effets pour en diminuer la douleur.<\/li>\n<li>Beaucoup de fausses croyances sur l&#8217;amour, et addictions sont \u00e0 l&#8217;origine de la souffrance humaine sur terre ; elles doivent \u00eatre identifi\u00e9es, r\u00e9v\u00e9l\u00e9es et lib\u00e9r\u00e9es si nous voulons un jour cr\u00e9er un monde de v\u00e9rit\u00e9 et d&#8217;amour. C&#8217;est une cl\u00e9 importante du bonheur et de la paix individuelle et collective de l&#8217;humanit\u00e9.<\/li>\n<li>Le d\u00e9sir d&#8217;aimer, de v\u00e9rit\u00e9 et d&#8217;humilit\u00e9 sont des qualit\u00e9s essentielles dans la progression de l&#8217;\u00e2me.<\/li>\n<li>Seul l&#8217;engagement des lois de repentance et de pardon m\u00e8ne au bonheur et \u00e0 la paix de l&#8217;\u00e2me.<\/li>\n<li>Seul une relation intime et personnelle avec Dieu peut nous mener \u00e0 notre plus grand potentiel de bonheur : \u00e0 ne faire plus qu&#8217;un avec Dieu au niveau croyances et \u00e9motions, ce qui constitue la lib\u00e9ration totale de toute peur avec la certitude de l&#8217;immortalit\u00e9 de notre \u00e2me. Seule cette relation avec Dieu nous permet de continuer \u00e0 grandir en amour pour, \u00e0 terme, compl\u00e9ter le processus d&#8217;individualisation de notre \u00e2me par l&#8217;union avec notre \u00e2me jumelle, notre autre moiti\u00e9 masculine ou f\u00e9minine d&#8217;\u00e2me, et continuer \u00e0 d\u00e9velopper notre \u00eatre en amour et joie \u00e0 l&#8217;infini.<\/li>\n<\/ul>\n<p><strong>NOTE :<\/strong> bien qu&#8217;il ait un fondement dans des valeurs spirituelles, le C\u0153ur \u00e0 l\u2019\u0153uvre est ind\u00e9pendant de tout mouvement ou organisation religieuse quelconque. C&#8217;est une exploration de la mise en pratique personnelle de principes d&#8217;amour de Dieu, de soi, des autres et de l&#8217;environnement tels qu&#8217;ils sont partag\u00e9s par J\u00e9sus et Mary dans leurs enseignements.<\/p>\n","protected":false},"excerpt":{"rendered":"<p>exp\u00e9rimenter la mise en pratique quotidienne des enseignements de Divine Truth fond\u00e9s sur les principes d&#8217;amour de Dieu, de soi, des autres et de l&#8217;environnement, au service de la communaut\u00e9 et de l&#8217;humanit\u00e9. exp\u00e9rimenter le don dans toutes les activit\u00e9s et passions que je partage et les services propos\u00e9s ici. Lire l&#8217;exemple de l&#8217;\u00e9coconstruction :&#8230; <\/p>\n","protected":false},"author":9632,"featured_media":0,"parent":0,"menu_order":0,"comment_status":"closed","ping_status":"closed","template":"","meta":{"jetpack_post_was_ever_published":false,"footnotes":""},"class_list":["post-429","page","type-page","status-publish","hentry"],"translation":{"provider":"WPGlobus","version":"3.0.2","language":"pt","enabled_languages":["fr","en","pt"],"languages":{"fr":{"title":true,"content":true,"excerpt":false},"en":{"title":true,"content":true,"excerpt":false},"pt":{"title":false,"content":false,"excerpt":false}}},"jetpack_sharing_enabled":true,"jetpack_shortlink":"https:\/\/wp.me\/P8nQaq-6V","_links":{"self":[{"href":"https:\/\/lecoeuraloeuvre.com\/pt\/wp-json\/wp\/v2\/pages\/429","targetHints":{"allow":["GET"]}}],"collection":[{"href":"https:\/\/lecoeuraloeuvre.com\/pt\/wp-json\/wp\/v2\/pages"}],"about":[{"href":"https:\/\/lecoeuraloeuvre.com\/pt\/wp-json\/wp\/v2\/types\/page"}],"author":[{"embeddable":true,"href":"https:\/\/lecoeuraloeuvre.com\/pt\/wp-json\/wp\/v2\/users\/9632"}],"replies":[{"embeddable":true,"href":"https:\/\/lecoeuraloeuvre.com\/pt\/wp-json\/wp\/v2\/comments?post=429"}],"version-history":[{"count":18,"href":"https:\/\/lecoeuraloeuvre.com\/pt\/wp-json\/wp\/v2\/pages\/429\/revisions"}],"predecessor-version":[{"id":2550,"href":"https:\/\/lecoeuraloeuvre.com\/pt\/wp-json\/wp\/v2\/pages\/429\/revisions\/2550"}],"wp:attachment":[{"href":"https:\/\/lecoeuraloeuvre.com\/pt\/wp-json\/wp\/v2\/media?parent=429"}],"curies":[{"name":"wp","href":"https:\/\/api.w.org\/{rel}","templated":true}]}}