{"id":348,"date":"2018-04-12T21:45:32","date_gmt":"2018-04-12T22:45:32","guid":{"rendered":"https:\/\/lecoeuraloeuvre.com\/?page_id=348"},"modified":"2021-03-08T13:08:33","modified_gmt":"2021-03-08T14:08:33","slug":"productions-audiovisuelles","status":"publish","type":"page","link":"https:\/\/lecoeuraloeuvre.com\/pt\/productions-audiovisuelles\/","title":{"rendered":"Productions audiovisuelles"},"content":{"rendered":"<ul>\n<li>r\u00e9alisation de court-m\u00e9trages et reportages.<\/li>\n<li>cr\u00e9ation de clips vid\u00e9o<\/li>\n<li>montage de vid\u00e9o clips<\/li>\n<li>sous-titrage de vid\u00e9o clips<\/li>\n<\/ul>\n<p>J&#8217;utilise et recommande le logiciel <a href=\"https:\/\/fr.cyberlink.com\/products\/powerdirector-ultra\/features_fr_FR.html?item=1&amp;affid=2581_-1_419_PDR-B&amp;mkwid=s&amp;pcrid=267684370010&amp;pkw=power%20director%2016&amp;pmt=e&amp;pdv=c&amp;gclid=Cj0KCQjwz7rXBRD9ARIsABfBl80OjFIUPzRayqCTq5pJC30dtbJZ8PSJlXyK4QjHNDbtjLUyafYtMFUaAv1qEALw_wcB&amp;r=1\" target=\"_blank\" rel=\"noopener noreferrer\">Power Director<\/a> pour faire les montages vid\u00e9o. J&#8217;utilise <a href=\"http:\/\/www.aegisub.org\/\">Aegisub<\/a> pour le sous-titrage.<\/p>\n<p>Voici un film reportage tourn\u00e9 par Koumac Design &amp; Com production, sur ma formation et le tournage de mon premier court-m\u00e9trage (en co-r\u00e9alisation) en 2016 en Nouvelle Cal\u00e9donie : <a href=\"https:\/\/www.youtube.com\/watch?v=FgPHxK1UEGQ&amp;list=PL5uUuUX_7dp8eExAoSykI9qIrBZf6_yVV&amp;index=3\" target=\"_blank\" rel=\"noopener\">Les coulisses du court m\u00e9trage au Centre Culturel Pom\u00e9mie<\/a><\/p>\n<p>R\u00e9alisations :<\/p>\n<ul>\n<li>Court m\u00e9trage \/ reportage sur un jeudi boulanger bio : <a href=\"https:\/\/www.youtube.com\/watch?v=VU9iYOow5Ow\">Le fournil de Thomas<\/a><\/li>\n<li>Court m\u00e9trage d&#8217;ambiance souvenir pour la famille, tourn\u00e9 sur le vif : <a href=\"https:\/\/www.youtube.com\/watch?v=8HRMRhTvmRo&amp;list=PL5uUuUX_7dp8eExAoSykI9qIrBZf6_yVV&amp;index=2&amp;t=128s\">Lily, 4 ans<\/a><\/li>\n<li>Film documentaire sur la construction de murs porteurs en bottes de paille selon la technique CST : <a href=\"https:\/\/www.youtube.com\/watch?v=-1syoLNa1is&amp;feature=youtu.be\" target=\"_blank\" rel=\"noopener noreferrer\">Le Flexagone de Baptiste et Kl\u00e1ra<\/a><\/li>\n<\/ul>\n\n\n<p>Je tourne et \u00e9dite \u00e9galement des vid\u00e9os informatives et interviews que je mets en ligne gratuitement sur mes cha\u00eenes YouTube:<\/p>\n\n\n\n<ul class=\"wp-block-list\"><li><a rel=\"noreferrer noopener\" href=\"https:\/\/www.youtube.com\/user\/Veritedivine\" target=\"_blank\">YouTube V\u00e9rit\u00e9 Divine<\/a><\/li><li><a href=\"https:\/\/www.youtube.com\/channel\/UCxG9uMbSaEuIZlVexAkzLcg?view_as=subscriber\">YouTube Pierre Joseph<\/a><\/li><\/ul>\n\n\n\n<p><\/p>\n","protected":false},"excerpt":{"rendered":"<p>r\u00e9alisation de court-m\u00e9trages et reportages. cr\u00e9ation de clips vid\u00e9o montage de vid\u00e9o clips sous-titrage de vid\u00e9o clips J&#8217;utilise et recommande le logiciel Power Director pour faire les montages vid\u00e9o. J&#8217;utilise Aegisub pour le sous-titrage. Voici un film reportage tourn\u00e9 par Koumac Design &amp; Com production, sur ma formation et le tournage de mon premier court-m\u00e9trage&#8230; <\/p>\n","protected":false},"author":9632,"featured_media":0,"parent":0,"menu_order":0,"comment_status":"closed","ping_status":"closed","template":"","meta":{"jetpack_post_was_ever_published":false,"footnotes":""},"class_list":["post-348","page","type-page","status-publish","hentry"],"translation":{"provider":"WPGlobus","version":"3.0.2","language":"pt","enabled_languages":["fr","en","pt"],"languages":{"fr":{"title":true,"content":true,"excerpt":false},"en":{"title":false,"content":false,"excerpt":false},"pt":{"title":false,"content":false,"excerpt":false}}},"jetpack_sharing_enabled":true,"jetpack_shortlink":"https:\/\/wp.me\/P8nQaq-5C","_links":{"self":[{"href":"https:\/\/lecoeuraloeuvre.com\/pt\/wp-json\/wp\/v2\/pages\/348","targetHints":{"allow":["GET"]}}],"collection":[{"href":"https:\/\/lecoeuraloeuvre.com\/pt\/wp-json\/wp\/v2\/pages"}],"about":[{"href":"https:\/\/lecoeuraloeuvre.com\/pt\/wp-json\/wp\/v2\/types\/page"}],"author":[{"embeddable":true,"href":"https:\/\/lecoeuraloeuvre.com\/pt\/wp-json\/wp\/v2\/users\/9632"}],"replies":[{"embeddable":true,"href":"https:\/\/lecoeuraloeuvre.com\/pt\/wp-json\/wp\/v2\/comments?post=348"}],"version-history":[{"count":16,"href":"https:\/\/lecoeuraloeuvre.com\/pt\/wp-json\/wp\/v2\/pages\/348\/revisions"}],"predecessor-version":[{"id":1453,"href":"https:\/\/lecoeuraloeuvre.com\/pt\/wp-json\/wp\/v2\/pages\/348\/revisions\/1453"}],"wp:attachment":[{"href":"https:\/\/lecoeuraloeuvre.com\/pt\/wp-json\/wp\/v2\/media?parent=348"}],"curies":[{"name":"wp","href":"https:\/\/api.w.org\/{rel}","templated":true}]}}