{"id":3129,"date":"2023-01-09T15:14:19","date_gmt":"2023-01-09T16:14:19","guid":{"rendered":"https:\/\/lecoeuraloeuvre.com\/?page_id=3129"},"modified":"2024-04-25T10:53:34","modified_gmt":"2024-04-25T11:53:34","slug":"documentation","status":"publish","type":"page","link":"https:\/\/lecoeuraloeuvre.com\/pt\/documentation\/","title":{"rendered":"Documentation"},"content":{"rendered":"\n<p>Tous les documents et vid\u00e9os en lien avec les projets de notre programme de restoration de l&#8217;\u00e9cosyst\u00e8me et production de nourriture (Ecosystem Restoration &amp; Food Production)<\/p>\n\n\n\n<h2 class=\"wp-block-heading\">Zone Z1<\/h2>\n\n\n\n<h2 class=\"wp-block-heading\">Zone Z2<\/h2>\n\n\n\n<h2 class=\"wp-block-heading\">Zone Z3<\/h2>\n\n\n\n<h2 class=\"wp-block-heading\">Zone Z4<\/h2>\n\n\n\n<h2 class=\"wp-block-heading\">Zone Z5<\/h2>\n\n\n\n<div class=\"wp-block-file\"><a id=\"wp-block-file--media-368f8ebc-02c1-4f9d-b3f6-e2f40c75eea7\" href=\"https:\/\/lecoeuraloeuvre.com\/wp-content\/uploads\/2023\/06\/Z5-Planting-Seeding-Design.xlsx\">Z5-Planting-Seeding-Design<\/a><a href=\"https:\/\/lecoeuraloeuvre.com\/wp-content\/uploads\/2023\/06\/Z5-Planting-Seeding-Design.xlsx\" class=\"wp-block-file__button wp-element-button\" download aria-describedby=\"wp-block-file--media-368f8ebc-02c1-4f9d-b3f6-e2f40c75eea7\">T\u00e9l\u00e9charger<\/a><\/div>\n\n\n\n<figure class=\"wp-block-embed is-type-video is-provider-youtube wp-block-embed-youtube wp-embed-aspect-16-9 wp-has-aspect-ratio\"><div class=\"wp-block-embed__wrapper\">\n<span class=\"embed-youtube\" style=\"text-align:center; display: block;\"><iframe class=\"youtube-player\" width=\"640\" height=\"360\" src=\"https:\/\/www.youtube.com\/embed\/vdVZ9vEoFfo?version=3&#038;rel=1&#038;showsearch=0&#038;showinfo=1&#038;iv_load_policy=1&#038;fs=1&#038;hl=pt-PT&#038;autohide=2&#038;start=19&#038;wmode=transparent\" allowfullscreen=\"true\" style=\"border:0;\" sandbox=\"allow-scripts allow-same-origin allow-popups allow-presentation allow-popups-to-escape-sandbox\"><\/iframe><\/span>\n<\/div><figcaption class=\"wp-element-caption\">Vid\u00e9o de la plantation et ensemencement d&#8217;une ligne d&#8217;arbres \u00e0 multiple \u00e9tages haie coupe-vent en Z5-I02A <\/figcaption><\/figure>\n\n\n\n<h2 class=\"wp-block-heading\">Comment nous plantons <strong>les arbres fruitiers ? &#8211; Une exp\u00e9rimentation <\/strong><\/h2>\n\n\n\n<p>Dans la vid\u00e9o suivante, nous partageons notre m\u00e9thode de plantation des arbres fruitiers.<\/p>\n\n\n\n<p>Nous expliquons comment nous encourageons la microbiologie du r\u00e9seau alimentaire du sol \u00e0 soutenir la sant\u00e9 et la croissance de l&#8217;arbre afin de minimiser le besoin d&#8217;irrigation et d&#8217;\u00e9viter l&#8217;utilisation d&#8217;engrais chimiques ou de pesticides.<\/p>\n\n\n\n<figure class=\"wp-block-embed is-type-video is-provider-youtube wp-block-embed-youtube wp-embed-aspect-16-9 wp-has-aspect-ratio\"><div class=\"wp-block-embed__wrapper\">\n<span class=\"embed-youtube\" style=\"text-align:center; display: block;\"><iframe class=\"youtube-player\" width=\"640\" height=\"360\" src=\"https:\/\/www.youtube.com\/embed\/Q3ywhV2050c?version=3&#038;rel=1&#038;showsearch=0&#038;showinfo=1&#038;iv_load_policy=1&#038;fs=1&#038;hl=pt-PT&#038;autohide=2&#038;wmode=transparent\" allowfullscreen=\"true\" style=\"border:0;\" sandbox=\"allow-scripts allow-same-origin allow-popups allow-presentation allow-popups-to-escape-sandbox\"><\/iframe><\/span>\n<\/div><\/figure>\n\n\n\n<h2 class=\"wp-block-heading\">Inventaire des oiseaux \u00e0 Tapada do Castelo (2023 &amp; 2024)<\/h2>\n\n\n\n<div data-wp-interactive=\"core\/file\" class=\"wp-block-file\"><object data-wp-bind--hidden=\"!state.hasPdfPreview\" hidden class=\"wp-block-file__embed\" data=\"https:\/\/lecoeuraloeuvre.com\/wp-content\/uploads\/2024\/04\/20240406-1700-DOC-Inventory-list-of-birds-2023-2024.pdf\" type=\"application\/pdf\" style=\"width:100%;height:600px\" aria-label=\"Embed of 20240406-1700-DOC- Inventory list of birds 2023 &amp; 2024.\"><\/object><a id=\"wp-block-file--media-05dabd56-2196-498f-a74e-6a8613a276ec\" href=\"https:\/\/lecoeuraloeuvre.com\/wp-content\/uploads\/2024\/04\/20240406-1700-DOC-Inventory-list-of-birds-2023-2024.pdf\">20240406-1700-DOC- Inventory list of birds 2023 &#038; 2024<\/a><a href=\"https:\/\/lecoeuraloeuvre.com\/wp-content\/uploads\/2024\/04\/20240406-1700-DOC-Inventory-list-of-birds-2023-2024.pdf\" class=\"wp-block-file__button wp-element-button\" download aria-describedby=\"wp-block-file--media-05dabd56-2196-498f-a74e-6a8613a276ec\">T\u00e9l\u00e9charger<\/a><\/div>\n","protected":false},"excerpt":{"rendered":"<p>Tous les documents et vid\u00e9os en lien avec les projets de notre programme de restoration de l&#8217;\u00e9cosyst\u00e8me et production de nourriture (Ecosystem Restoration &amp; Food Production) Zone Z1 Zone Z2 Zone Z3 Zone Z4 Zone Z5 Comment nous plantons les arbres fruitiers ? &#8211; Une exp\u00e9rimentation Dans la vid\u00e9o suivante, nous partageons notre m\u00e9thode de&#8230; <\/p>\n","protected":false},"author":9632,"featured_media":0,"parent":0,"menu_order":0,"comment_status":"closed","ping_status":"closed","template":"","meta":{"jetpack_post_was_ever_published":false,"footnotes":""},"class_list":["post-3129","page","type-page","status-publish","hentry"],"translation":{"provider":"WPGlobus","version":"3.0.2","language":"pt","enabled_languages":["fr","en","pt"],"languages":{"fr":{"title":true,"content":true,"excerpt":false},"en":{"title":true,"content":true,"excerpt":false},"pt":{"title":false,"content":false,"excerpt":false}}},"jetpack_sharing_enabled":true,"jetpack_shortlink":"https:\/\/wp.me\/P8nQaq-Ot","_links":{"self":[{"href":"https:\/\/lecoeuraloeuvre.com\/pt\/wp-json\/wp\/v2\/pages\/3129","targetHints":{"allow":["GET"]}}],"collection":[{"href":"https:\/\/lecoeuraloeuvre.com\/pt\/wp-json\/wp\/v2\/pages"}],"about":[{"href":"https:\/\/lecoeuraloeuvre.com\/pt\/wp-json\/wp\/v2\/types\/page"}],"author":[{"embeddable":true,"href":"https:\/\/lecoeuraloeuvre.com\/pt\/wp-json\/wp\/v2\/users\/9632"}],"replies":[{"embeddable":true,"href":"https:\/\/lecoeuraloeuvre.com\/pt\/wp-json\/wp\/v2\/comments?post=3129"}],"version-history":[{"count":16,"href":"https:\/\/lecoeuraloeuvre.com\/pt\/wp-json\/wp\/v2\/pages\/3129\/revisions"}],"predecessor-version":[{"id":16801,"href":"https:\/\/lecoeuraloeuvre.com\/pt\/wp-json\/wp\/v2\/pages\/3129\/revisions\/16801"}],"wp:attachment":[{"href":"https:\/\/lecoeuraloeuvre.com\/pt\/wp-json\/wp\/v2\/media?parent=3129"}],"curies":[{"name":"wp","href":"https:\/\/api.w.org\/{rel}","templated":true}]}}