{"id":306,"date":"2018-02-04T18:28:44","date_gmt":"2018-02-04T19:28:44","guid":{"rendered":"https:\/\/lecoeuraloeuvre.com\/?page_id=306"},"modified":"2025-09-12T10:20:25","modified_gmt":"2025-09-12T11:20:25","slug":"principes","status":"publish","type":"page","link":"https:\/\/lecoeuraloeuvre.com\/pt\/principes\/","title":{"rendered":"Principes"},"content":{"rendered":"<p>Le Coeur \u00e0 l&#8217;oeuvre est auto-entreprise citoyenne s&#8217;inspirant de <a href=\"https:\/\/blog.godsway.net\/\" target=\"_blank\" rel=\"noopener\">God&#8217;s Way<\/a>, une organisation de volontaires fond\u00e9e en 2017 en Australie sous l&#8217;impulsion et la guidance d&#8217;A.J. Miller, alias J\u00e9sus de Nazareth, fondateur de Divine Truth.<\/p>\n<p>C&#8217;est une entreprise fond\u00e9e sur des valeurs profond\u00e9ment spirituelles pr\u00f4nant l&#8217;amour de soi, des autres, et de l&#8217;environnement, et qui encourage le d\u00e9veloppement d&#8217;une relation avec Dieu.<\/p>\n<p>Statuts de l&#8217;organisation God&#8217;s Way (en anglais) : <a href=\"https:\/\/lecoeuraloeuvre.com\/wp-content\/uploads\/2018\/02\/20170524-gods-way-constitution-revision-3-1.pdf\">20170524-gods-way-constitution-revision-3-1<\/a><\/p>\n\n\n<p>Ma source d&#8217;inspiration est <a href=\"https:\/\/blog.godsway.net\/\" target=\"_blank\" rel=\"noreferrer noopener\">God&#8217;s Way<\/a>, une organisation australienne sans lucratif fond\u00e9e en 2017 par J\u00e9sus et Marie-Madeleine, \u00e9galement enseignants de <a href=\"https:\/\/www.divinetruth.com\/sites\/main\/en\/index.htm#welcome.htm\">Divine Truth<\/a>.<\/p>\n\n\n\n<p>God&#8217;s Way a pour mission de trouver et de diffuser la voie de Dieu en relation avec toutes choses.<\/p>\n\n\n\n<p>Constitution de l&#8217;organisation God&#8217;s Way : <a href=\"https:\/\/lecoeuraloeuvre.com\/wp-content\/uploads\/2018\/02\/20170524-gods-way-constitution-revision-3-1.pdf\">20170524-gods-way-constitution-revision-3-1<\/a><\/p>\n\n\n\n<p><\/p>\n","protected":false},"excerpt":{"rendered":"<p>Le Coeur \u00e0 l&#8217;oeuvre est auto-entreprise citoyenne s&#8217;inspirant de God&#8217;s Way, une organisation de volontaires fond\u00e9e en 2017 en Australie sous l&#8217;impulsion et la guidance d&#8217;A.J. Miller, alias J\u00e9sus de Nazareth, fondateur de Divine Truth. C&#8217;est une entreprise fond\u00e9e sur des valeurs profond\u00e9ment spirituelles pr\u00f4nant l&#8217;amour de soi, des autres, et de l&#8217;environnement, et qui&#8230; <\/p>\n","protected":false},"author":9632,"featured_media":0,"parent":0,"menu_order":0,"comment_status":"closed","ping_status":"closed","template":"","meta":{"jetpack_post_was_ever_published":false,"footnotes":""},"class_list":["post-306","page","type-page","status-publish","hentry"],"translation":{"provider":"WPGlobus","version":"3.0.2","language":"pt","enabled_languages":["fr","en","pt"],"languages":{"fr":{"title":true,"content":true,"excerpt":false},"en":{"title":true,"content":true,"excerpt":false},"pt":{"title":false,"content":false,"excerpt":false}}},"jetpack_sharing_enabled":true,"jetpack_shortlink":"https:\/\/wp.me\/P8nQaq-4W","_links":{"self":[{"href":"https:\/\/lecoeuraloeuvre.com\/pt\/wp-json\/wp\/v2\/pages\/306","targetHints":{"allow":["GET"]}}],"collection":[{"href":"https:\/\/lecoeuraloeuvre.com\/pt\/wp-json\/wp\/v2\/pages"}],"about":[{"href":"https:\/\/lecoeuraloeuvre.com\/pt\/wp-json\/wp\/v2\/types\/page"}],"author":[{"embeddable":true,"href":"https:\/\/lecoeuraloeuvre.com\/pt\/wp-json\/wp\/v2\/users\/9632"}],"replies":[{"embeddable":true,"href":"https:\/\/lecoeuraloeuvre.com\/pt\/wp-json\/wp\/v2\/comments?post=306"}],"version-history":[{"count":6,"href":"https:\/\/lecoeuraloeuvre.com\/pt\/wp-json\/wp\/v2\/pages\/306\/revisions"}],"predecessor-version":[{"id":17667,"href":"https:\/\/lecoeuraloeuvre.com\/pt\/wp-json\/wp\/v2\/pages\/306\/revisions\/17667"}],"wp:attachment":[{"href":"https:\/\/lecoeuraloeuvre.com\/pt\/wp-json\/wp\/v2\/media?parent=306"}],"curies":[{"name":"wp","href":"https:\/\/api.w.org\/{rel}","templated":true}]}}