{"id":2808,"date":"2022-07-05T08:58:54","date_gmt":"2022-07-05T09:58:54","guid":{"rendered":"https:\/\/lecoeuraloeuvre.com\/?page_id=2808"},"modified":"2022-07-05T10:15:52","modified_gmt":"2022-07-05T11:15:52","slug":"quest-ce-que-gods-way","status":"publish","type":"page","link":"https:\/\/lecoeuraloeuvre.com\/pt\/quest-ce-que-gods-way\/","title":{"rendered":"Qu&#8217;est-ce que God&#8217;s Way ?"},"content":{"rendered":"\n<h2 class=\"wp-block-heading\">\u00c0 propos de<\/h2>\n\n\n\n<p>God&#8217;s Way est une organisation \u00e0 but non lucratif cr\u00e9\u00e9e en 2016.<\/p>\n\n\n\n<p>Notre vision est de fournir des solutions pratiques et scientifiquement prouv\u00e9es aux probl\u00e8mes physiques, \u00e9motionnels et spirituels auxquels l&#8217;humanit\u00e9 est confront\u00e9e.<\/p>\n\n\n\n<p>Nous le faisons \u00e0 travers le d\u00e9veloppement et le don de syst\u00e8mes, services et concepts qui sont efficaces, efficients, \u00e9quitables, innovants et durables et qui servent non seulement les besoins des humains mais soutiennent \u00e9galement tous les autres aspects\/\u00e9l\u00e9ments du syst\u00e8me naturel \u00e9tabli de Dieu.<\/p>\n\n\n\n<p>Nous cherchons \u00e0 prouver scientifiquement que la V\u00e9rit\u00e9 de Dieu est universelle et profite \u00e0 toute l&#8217;humanit\u00e9, que l&#8217;Amour de Dieu est une substance r\u00e9elle qui peut \u00eatre obtenue par toute personne qui le d\u00e9sire et \u00e0 montrer que les syst\u00e8mes et cr\u00e9ations con\u00e7us et mis en \u0153uvre en harmonie avec l&#8217;Amour de Dieu et La v\u00e9rit\u00e9 n&#8217;est pas seulement durable mais conduit automatiquement \u00e0 plus de paix, d&#8217;harmonie et de joie dans toutes les cr\u00e9atures vivantes.<\/p>\n\n\n\n<p>Certaines de nos valeurs fondamentales incluent l&#8217;\u00e9galit\u00e9 de traitement de tous et nous pensons que la v\u00e9rit\u00e9 doit \u00eatre accessible \u00e0 tous ceux qui le souhaitent. Pour cette raison, nous fournissons toutes les informations et tous les services gratuitement.<\/p>\n\n\n\n<p>Nous ne sommes pas align\u00e9s ou affili\u00e9s \u00e0 une organisation religieuse ou \u00e0 une foi religieuse sp\u00e9cifique.<\/p>\n\n\n\n<p><a href=\"https:\/\/lecoeuraloeuvre.com\/wp-content\/uploads\/2022\/07\/Vision-de-Gods-Way-1.pdf\" target=\"_blank\" rel=\"noreferrer noopener\"><img decoding=\"async\" class=\"wp-image-2823\" style=\"width: NaNpx;\" src=\"https:\/\/lecoeuraloeuvre.com\/wp-content\/uploads\/2022\/07\/Vision-de-Gods-Way-1.pdf\" alt=\"\">Vision de God&#8217;s Way <\/a><br><strong><a href=\"https:\/\/lecoeuraloeuvre.com\/wp-content\/uploads\/2022\/07\/Principes-fondamentaux-de-Gods-Way-1.pdf\" target=\"_blank\" rel=\"noreferrer noopener\">Principes fondamentaux de God&#8217;s Way<\/a><\/strong><\/p>\n\n\n\n<h2 class=\"wp-block-heading\">Les objectifs de God&#8217;s Way<\/h2>\n\n\n\n<p>Notre objectif est d&#8217;\u00e9duquer le monde sur le fait qu&#8217;une relation personnelle avec Dieu est possible et accessible \u00e0 toute personne qui cherche \u00e0 l&#8217;obtenir.<\/p>\n\n\n\n<p>Cette relation est possible sans appartenir \u00e0 aucun groupe ou religion et ne d\u00e9pend d&#8217;aucun rituel ou acceptation d&#8217;un livre saint ou d&#8217;une doctrine ou d&#8217;appartenance \u00e0 l&#8217;une des confessions religieuses \u00e9tablies qui existent actuellement sur terre. Nous ne cherchons pas \u00e0 cr\u00e9er un mouvement religieux mais plut\u00f4t \u00e0 apprendre aux personnes d\u00e9sireuses de cette relation comment l&#8217;\u00e9tablir par elles-m\u00eames.<\/p>\n\n\n\n<p>Nous savons que la relation personnelle avec Dieu est l&#8217;effort le plus transformateur qu&#8217;un \u00eatre humain puisse entreprendre et a le pouvoir d&#8217;apporter non seulement un bonheur personnel complet, mais si elle est engag\u00e9e par un nombre important d&#8217;humanit\u00e9, elle apporterait la paix et l&#8217;harmonie dans tous les syst\u00e8mes et soci\u00e9t\u00e9s du monde.<\/p>\n\n\n\n<p>Notre objectif est de b\u00e9n\u00e9ficier \u00e0 tous les humains (qu&#8217;ils soient encore sur terre ou pass\u00e9s dans le monde des esprits) \u00e0 travers la d\u00e9couverte et la d\u00e9monstration de la &#8220;Voie de Dieu&#8221; (God&#8217;s Way) en action.<\/p>\n\n\n\n<p>Nous d\u00e9finissons la voie de Dieu comme toute approche ou m\u00e9thode mise en \u0153uvre en harmonie avec les lois de Dieu qui r\u00e9gissent l&#8217;univers. Nous savons que ces lois existent et sont mesurables et nous cherchons \u00e0 prouver scientifiquement et \u00e0 \u00e9duquer les autres sur la fa\u00e7on de vivre et de cr\u00e9er en harmonie avec ces lois.<\/p>\n\n\n\n<p>Notre objectif est de b\u00e9n\u00e9ficier \u00e0 l&#8217;humanit\u00e9 via le d\u00e9veloppement et le don de syst\u00e8mes innovants, \u00e9prouv\u00e9s, durables et efficaces qui r\u00e9pondent non seulement aux besoins des humains, mais soutiennent \u00e9galement tous les autres aspects\/\u00e9l\u00e9ments du syst\u00e8me naturel \u00e9tabli de Dieu.<\/p>\n\n\n\n<p>Actuellement, nous d\u00e9veloppons des syst\u00e8mes dans les domaines suivants :<\/p>\n\n\n\n<ul class=\"wp-block-list\"><li><code>Production et r\u00e9g\u00e9n\u00e9ration des sols Collecte et stockage de l'eau<\/code><\/li><li><code>Production alimentaire<\/code><\/li><li><code>R\u00e9g\u00e9n\u00e9ration et soutien de l'\u00e9cosyst\u00e8me<\/code><\/li><li><code>\u00c9ducation des enfants, des parents, des familles, des couples, de l'humanit\u00e9<\/code><\/li><li>Construction<\/li><\/ul>\n\n\n\n<hr class=\"wp-block-separator has-alpha-channel-opacity\"\/>\n\n\n\n<p>Pour les demandes g\u00e9n\u00e9rales, veuillez contacter l&#8217;e-mail suivant&nbsp;: <strong>office@godsway.net<\/strong><\/p>\n\n\n\n<p><em><a href=\"https:\/\/discoverylearningcentre.files.wordpress.com\/2016\/09\/20170524-gods-way-constitution-revision-3-1.pdf\" target=\"_blank\" rel=\"noreferrer noopener\"><strong>Constitution de God\u2019s Way<\/strong> <\/a><\/em><\/p>\n\n\n\n<p><strong>En savoir plus sur <a rel=\"noreferrer noopener\" href=\"https:\/\/blog.godsway.net\/\" target=\"_blank\">Godsway<\/a><\/strong><\/p>\n","protected":false},"excerpt":{"rendered":"<p>\u00c0 propos de God&#8217;s Way est une organisation \u00e0 but non lucratif cr\u00e9\u00e9e en 2016. Notre vision est de fournir des solutions pratiques et scientifiquement prouv\u00e9es aux probl\u00e8mes physiques, \u00e9motionnels et spirituels auxquels l&#8217;humanit\u00e9 est confront\u00e9e. Nous le faisons \u00e0 travers le d\u00e9veloppement et le don de syst\u00e8mes, services et concepts qui sont efficaces, efficients,&#8230; <\/p>\n","protected":false},"author":9632,"featured_media":0,"parent":0,"menu_order":0,"comment_status":"closed","ping_status":"closed","template":"","meta":{"jetpack_post_was_ever_published":false,"footnotes":""},"class_list":["post-2808","page","type-page","status-publish","hentry"],"translation":{"provider":"WPGlobus","version":"3.0.2","language":"pt","enabled_languages":["fr","en","pt"],"languages":{"fr":{"title":true,"content":true,"excerpt":false},"en":{"title":true,"content":true,"excerpt":false},"pt":{"title":false,"content":false,"excerpt":false}}},"jetpack_sharing_enabled":true,"jetpack_shortlink":"https:\/\/wp.me\/P8nQaq-Ji","_links":{"self":[{"href":"https:\/\/lecoeuraloeuvre.com\/pt\/wp-json\/wp\/v2\/pages\/2808","targetHints":{"allow":["GET"]}}],"collection":[{"href":"https:\/\/lecoeuraloeuvre.com\/pt\/wp-json\/wp\/v2\/pages"}],"about":[{"href":"https:\/\/lecoeuraloeuvre.com\/pt\/wp-json\/wp\/v2\/types\/page"}],"author":[{"embeddable":true,"href":"https:\/\/lecoeuraloeuvre.com\/pt\/wp-json\/wp\/v2\/users\/9632"}],"replies":[{"embeddable":true,"href":"https:\/\/lecoeuraloeuvre.com\/pt\/wp-json\/wp\/v2\/comments?post=2808"}],"version-history":[{"count":8,"href":"https:\/\/lecoeuraloeuvre.com\/pt\/wp-json\/wp\/v2\/pages\/2808\/revisions"}],"predecessor-version":[{"id":2833,"href":"https:\/\/lecoeuraloeuvre.com\/pt\/wp-json\/wp\/v2\/pages\/2808\/revisions\/2833"}],"wp:attachment":[{"href":"https:\/\/lecoeuraloeuvre.com\/pt\/wp-json\/wp\/v2\/media?parent=2808"}],"curies":[{"name":"wp","href":"https:\/\/api.w.org\/{rel}","templated":true}]}}