{"id":26,"date":"2017-02-03T12:11:20","date_gmt":"2017-02-03T12:11:20","guid":{"rendered":"http:\/\/lecoeuraloeuvre.com\/?page_id=26"},"modified":"2025-09-12T11:12:06","modified_gmt":"2025-09-12T12:12:06","slug":"profil","status":"publish","type":"page","link":"https:\/\/lecoeuraloeuvre.com\/pt\/profil\/","title":{"rendered":"Profil"},"content":{"rendered":"<\/p>\n\n<div class=\"wp-block-image is-style-rectangular is-style-rounded\">\n<figure class=\"aligncenter size-full is-resized\"><a href=\"https:\/\/i0.wp.com\/lecoeuraloeuvre.com\/wp-content\/uploads\/2025\/09\/20250626-scaled.jpg?ssl=1\"><img data-recalc-dims=\"1\" decoding=\"async\" width=\"2560\" height=\"1920\" src=\"https:\/\/i0.wp.com\/lecoeuraloeuvre.com\/wp-content\/uploads\/2025\/09\/20250626-scaled.jpg?resize=2560%2C1920&#038;ssl=1\" alt=\"\" class=\"wp-image-17645\" style=\"width:346px;height:auto\" srcset=\"https:\/\/i0.wp.com\/lecoeuraloeuvre.com\/wp-content\/uploads\/2025\/09\/20250626-scaled.jpg?w=2560&amp;ssl=1 2560w, https:\/\/i0.wp.com\/lecoeuraloeuvre.com\/wp-content\/uploads\/2025\/09\/20250626-scaled.jpg?resize=300%2C225&amp;ssl=1 300w, https:\/\/i0.wp.com\/lecoeuraloeuvre.com\/wp-content\/uploads\/2025\/09\/20250626-scaled.jpg?resize=1024%2C768&amp;ssl=1 1024w, https:\/\/i0.wp.com\/lecoeuraloeuvre.com\/wp-content\/uploads\/2025\/09\/20250626-scaled.jpg?resize=768%2C576&amp;ssl=1 768w, https:\/\/i0.wp.com\/lecoeuraloeuvre.com\/wp-content\/uploads\/2025\/09\/20250626-scaled.jpg?resize=1536%2C1152&amp;ssl=1 1536w, https:\/\/i0.wp.com\/lecoeuraloeuvre.com\/wp-content\/uploads\/2025\/09\/20250626-scaled.jpg?resize=2048%2C1536&amp;ssl=1 2048w\" sizes=\"(max-width: 1000px) 100vw, 1000px\" \/><\/a><figcaption class=\"wp-element-caption\">Piere Joseph 2025<\/figcaption><\/figure>\n<\/div>\n\n\n<p class=\"has-text-align-center\"><em>\u201cL<\/em><em>a<\/em><em> poursuite de la v\u00e9rit\u00e9 et de la beaut\u00e9 est une sph\u00e8re d&#8217;activit\u00e9 dans laquelle nous sommes autoris\u00e9s \u00e0 rester des enfants toute notre vie.&#8221; Albert Einstein<\/em><strong><em><br><\/em><\/strong><\/p>\n\n\n\n<h3 class=\"wp-block-heading\"><strong>Parcours professionnel<\/strong><\/h3>\n\n\n\n<p>Je suis ing\u00e9nieur (master) en gestion d&#8217;entreprise, avec une exp\u00e9rience de 17 ans en tant que cadre et entrepreneur dans l&#8217;industrie, puis coach d&#8217;affaires et consultant en entreprise.<\/p>\n\n\n\n<p>En qu\u00eate de sens dans ma vie, je change d&#8217;orientation \u00e0 40 ans. Je d\u00e9cide alors de m&#8217;engager pleinement sur un nouveau chemin de recherche personnelle. Je deviens th\u00e9rapeute, enseignant de ta\u00efchi. Ensuite, j&#8217;\u00e9tudie et donne des ateliers spirituels avec ma femme.<\/p>\n\n\n\n<h3 class=\"wp-block-heading\"><strong>D\u00e9couverte et engagement de Divine Truth<\/strong><\/h3>\n\n\n\n<p>En juin 2011, je d\u00e9couvre les enseignements de <a href=\"https:\/\/lecoeuraloeuvre.com\/verite-divine\/\" target=\"_blank\" rel=\"noopener\"><strong>Divine Truth<\/strong><\/a> enseign\u00e9s par J\u00e9sus et Marie Madeleine. Gr\u00e2ce \u00e0 cela, je fais l&#8217;exp\u00e9rience personnelle de l&#8217;existence de Dieu, pour la premi\u00e8re fois. C&#8217;est un choc incroyable, et mes aspirations changent compl\u00e8tement \u00e0 partir de cet instant. La m\u00eame ann\u00e9e, je d\u00e9cide alors de partir en Australie avec ma famille pour \u00e9tudier et exp\u00e9rimenter intensivement les enseignements de J\u00e9sus et Marie Madeleine.<\/p>\n\n\n\n<p>Dans les mois qui suivent, je cr\u00e9e le site web <a rel=\"noopener\" href=\"http:\/\/www.uniondivine.info\" target=\"_blank\"><strong>Union Divine<\/strong><\/a> et la cha\u00eene YouTube <a rel=\"noopener\" href=\"https:\/\/www.youtube.com\/user\/Veritedivine\" target=\"_blank\"><strong>V\u00e9rit\u00e9 Divine<\/strong><\/a> et <a href=\"https:\/\/www.youtube.com\/channel\/UCxG9uMbSaEuIZlVexAkzLcg\" target=\"_blank\" rel=\"noreferrer noopener\">Pierre Joseph<\/a> pour partager mon exp\u00e9rience, traduire et faire conna\u00eetre les enseignements de Divine Truth en fran\u00e7ais, et aider les personnes d\u00e9sirant d\u00e9velopper une relation personnelle avec Dieu.<\/p>\n\n\n\n<h3 class=\"wp-block-heading\"><strong>Le C\u0153ur \u00e0 l\u2019\u0153uvre : une \u00e9cole de la vie<\/strong><\/h3>\n\n\n\n<p>Lors de mon s\u00e9jour en Australie, je d\u00e9couvre et explore de nouveaux centres d&#8217;int\u00e9r\u00eats. J&#8217;apprends la construction traditionnelle d&#8217;abord, puis l&#8217;\u00e9coconstruction, la permaculture, la r\u00e9paration de l&#8217;environnement, et plein d&#8217;autres choses. Je construis un chalet dans la for\u00eat avec un charpentier.<\/p>\n\n\n\n<p>En septembre 2012, mon visa touristique et mes \u00e9conomies sont \u00e9puis\u00e9s. Je pars en Nouvelle Z\u00e9lande avec l&#8217;espoir de revenir rapidement en Australie. Mais cela ne marche pas, et mon visa de 6 mois expire aussi. Je d\u00e9m\u00e9nage alors en Nouvelle Cal\u00e9donie, o\u00f9 j&#8217;ouvre une &#8220;patente&#8221;, une activit\u00e9 nomm\u00e9e &#8220;<strong>Le C\u0153ur \u00e0 l\u2019\u0153uvre<\/strong>&#8221; et cr\u00e9e en m\u00eame temps ce site pour partager ce que je fais et mes d\u00e9couvertes. Je continue \u00e0 engager mes passions pour l&#8217;environnement, la construction, l&#8217;\u00e9ducation des enfants, mais je peux cette fois officiellement toucher et d\u00e9clarer des revenus.<\/p>\n\n\n\n<p>Passionn\u00e9 de produits et cuisine v\u00e9gans, je cr\u00e9e en 2015 une nouvelle enseigne, &#8220;Vegan Pacifique&#8221;, et je vends mes produits et g\u00e2teaux v\u00e9ganes sur le march\u00e9 local hebdomadaire.<\/p>\n\n\n\n<p>En 2016, je d\u00e9couvre les <a href=\"https:\/\/lecoeuraloeuvre.com\/principes-de-dieu\/\"><strong>Principes de Dieu<\/strong><\/a> lors d&#8217;un s\u00e9minaire de J\u00e9sus d&#8217;\u00e9ducation \u00e0 l&#8217;amour. Je me rends compte de l&#8217;importance d&#8217;engager ces principes, et entre-autres, la repentance et le pardon. Depuis lors, c&#8217;est devenu une de mes priorit\u00e9s. Je d\u00e9sire pr\u00e9parer mon \u00e2me pour d\u00e9velopper une relation avec Dieu, et avec mon \u00e2me jumelle. Mais pour cela, il est n\u00e9cessaire de faire beaucoup de <strong>travail personnel d&#8217;introspection et de lib\u00e9ration \u00e9motionnelle<\/strong> surtout en lien avec les blessures de l&#8217;enfance l\u00e0 o\u00f9 tout se mets en place dans les 7 premi\u00e8res ann\u00e9es de la vie, et j&#8217;ai beaucoup de<strong> r\u00e9sistances<\/strong> \u00e0 ce niveau que je dois aussi identifier et lib\u00e9rer.<\/p>\n\n\n\n<p>En 2017, je pars en Australie faire une formation de s\u00e9lection de volontaires pour <a href=\"http:\/\/www.uniondivine.info\/pages\/qu-est-ce-que-god-s-way--\/35770358.html\" target=\"_blank\" rel=\"noopener\"><strong>God&#8217;s Way<\/strong><\/a>, une organisation sans but lucratif qui \u0153uvre \u00e0 d\u00e9montrer en pratique l&#8217;amour de Dieu tel qu&#8217;enseigner par Divine Truth dans tous les domaines de la soci\u00e9t\u00e9. Je re\u00e7ois le plus beau cadeau de ma vie en termes de feed-back personnel sur mes probl\u00e8mes \u00e0 r\u00e9gler pour \u00eatre un volontaire sinc\u00e8re. Comme je n&#8217;ai toujours pas de visa de travail, je d\u00e9cide alors de vendre Vegan Pacifique, de fermer ma patente, et de d\u00e9m\u00e9nager en Europe.<\/p>\n\n\n\n<h3 class=\"wp-block-heading\"><strong>Terpaille<span style=\"color: #339966;\">&amp;Co<\/span><\/strong><\/h3>\n\n\n\n<p>D\u00e9but 2018, fra\u00eechement d\u00e9barqu\u00e9 en Europe, j&#8217;aide pendant quelques semaines mon fr\u00e8re, auto-constructeur, \u00e0 faire quelques finitions dans sa nouvelle maison, ce qui m&#8217;am\u00e8ne \u00e0 m&#8217;installer provisoirement en France (24-Dordogne).<\/p>\n\n\n\n<p>En mai 2018, je m&#8217;inscris \u00e0 une formation professionnelle au centre de formation compagnonnique de Brive la Gaillarde, de <strong>ma\u00e7on en \u00e9coconstruction, sp\u00e9cialit\u00e9 terre crue<\/strong>. Je suis dipl\u00f4m\u00e9 en d\u00e9cembre de la m\u00eame ann\u00e9e.<\/p>\n\n\n\n<p>En f\u00e9vrier 2019, j&#8217;inscris <strong>Le c\u0153ur \u00e0 l\u2019\u0153uvre<\/strong> \u00e0 la Chambre des m\u00e9tiers de P\u00e9rigueux. J&#8217;ouvre l&#8217;enseigne <strong><a href=\"https:\/\/lecoeuraloeuvre.com\/terpailleco\/\">Terpaille<span style=\"color: #339966;\">&amp;Co<\/span><\/a><\/strong> de ma\u00e7onnerie en \u00e9coconstruction, tout en continuant \u00e0 d\u00e9couvrir autant que possible dans mes temps libres, qui je suis, mes passions d&#8217;\u00e2me, et exp\u00e9rimenter et partager ma compr\u00e9hension et mes exp\u00e9rience de l&#8217;engagement des&nbsp; enseignements de <a href=\"https:\/\/lecoeuraloeuvre.com\/verite-divine\/\" target=\"_blank\" rel=\"noopener\">Divine Truth<\/a>.<\/p>\n\n\n\n<p><strong>Tapada do Castelo<\/strong><\/p>\n\n\n\n<p>En 2022, j&#8217;ach\u00e8te <a href=\"https:\/\/lecoeuraloeuvre.com\/tapada-do-castelo\/\" target=\"_blank\" rel=\"noreferrer noopener\">Tapada do Castelo<\/a>, un terrain agricole situ\u00e9 \u00e0 Marv\u00e3o, Alentejo dans le centre du Portugal avec le d\u00e9sir d&#8217;explorer mes passions, particuli\u00e8rement pour l&#8217;environnement, la r\u00e9paration des \u00e9cosyst\u00e8mes et la production r\u00e9g\u00e9n\u00e9rative de nourriture tout en apprenant la mise en pratique les principes enseign\u00e9s par J\u00e9sus et Mary d&#8217;amour, v\u00e9rit\u00e9, foi, humilit\u00e9 et d&#8217;actions aimantes.<\/p>\n\n\n\n<p>Le lieu est une micro-ferme d&#8217;agriculture de r\u00e9g\u00e9n\u00e9ration et de reforestation qui accueille les <a href=\"https:\/\/lecoeuraloeuvre.com\/accueil\/\">visiteurs et volontaires<\/a> qui souhaitent participer aux programmes de la ferme, constructions naturelles, de production de fruits, l\u00e9gumes et baies, restauration des \u00e9cosyst\u00e8mes, production de compost et analyse de microbiologique des sols. Plus d&#8217;info sur les services de <a href=\"https:\/\/tapadadocastelo.com\/\">Tapada do castelo<\/a>&#8230;<\/p>\n\n\n\n<p><strong>Terralma Marv\u00e3o<\/strong><\/p>\n\n\n\n<p>En mai 2023, je cr\u00e9e Terralma Marv\u00e3o, la structure l\u00e9gale de Tapada do Castelo, comme agriculteur et constructeur et designer ind\u00e9pendant. Je partage mon temps entre les projets de la ferme de Tapada do Castelo et des projets de construction, reforestation et agriculture de r\u00e9g\u00e9n\u00e9ration pour la communaut\u00e9, tout en accueillant les visiteurs et volontaires.  <\/p>\n\n\n<p>","protected":false},"excerpt":{"rendered":"<p>\u201cLa poursuite de la v\u00e9rit\u00e9 et de la beaut\u00e9 est une sph\u00e8re d&#8217;activit\u00e9 dans laquelle nous sommes autoris\u00e9s \u00e0 rester des enfants toute notre vie.&#8221; Albert Einstein Parcours professionnel Je suis ing\u00e9nieur (master) en gestion d&#8217;entreprise, avec une exp\u00e9rience de 17 ans en tant que cadre et entrepreneur dans l&#8217;industrie, puis coach d&#8217;affaires et consultant&#8230; <\/p>\n","protected":false},"author":9632,"featured_media":0,"parent":0,"menu_order":0,"comment_status":"closed","ping_status":"closed","template":"","meta":{"jetpack_post_was_ever_published":false,"footnotes":""},"class_list":["post-26","page","type-page","status-publish","hentry"],"translation":{"provider":"WPGlobus","version":"3.0.2","language":"pt","enabled_languages":["fr","en","pt"],"languages":{"fr":{"title":true,"content":true,"excerpt":false},"en":{"title":true,"content":true,"excerpt":false},"pt":{"title":false,"content":false,"excerpt":false}}},"jetpack_sharing_enabled":true,"jetpack_shortlink":"https:\/\/wp.me\/P8nQaq-q","_links":{"self":[{"href":"https:\/\/lecoeuraloeuvre.com\/pt\/wp-json\/wp\/v2\/pages\/26","targetHints":{"allow":["GET"]}}],"collection":[{"href":"https:\/\/lecoeuraloeuvre.com\/pt\/wp-json\/wp\/v2\/pages"}],"about":[{"href":"https:\/\/lecoeuraloeuvre.com\/pt\/wp-json\/wp\/v2\/types\/page"}],"author":[{"embeddable":true,"href":"https:\/\/lecoeuraloeuvre.com\/pt\/wp-json\/wp\/v2\/users\/9632"}],"replies":[{"embeddable":true,"href":"https:\/\/lecoeuraloeuvre.com\/pt\/wp-json\/wp\/v2\/comments?post=26"}],"version-history":[{"count":67,"href":"https:\/\/lecoeuraloeuvre.com\/pt\/wp-json\/wp\/v2\/pages\/26\/revisions"}],"predecessor-version":[{"id":17684,"href":"https:\/\/lecoeuraloeuvre.com\/pt\/wp-json\/wp\/v2\/pages\/26\/revisions\/17684"}],"wp:attachment":[{"href":"https:\/\/lecoeuraloeuvre.com\/pt\/wp-json\/wp\/v2\/media?parent=26"}],"curies":[{"name":"wp","href":"https:\/\/api.w.org\/{rel}","templated":true}]}}