{"id":2586,"date":"2022-05-29T15:18:20","date_gmt":"2022-05-29T16:18:20","guid":{"rendered":"https:\/\/lecoeuraloeuvre.com\/?page_id=2586"},"modified":"2025-12-04T16:34:13","modified_gmt":"2025-12-04T17:34:13","slug":"projet-de-restauration","status":"publish","type":"page","link":"https:\/\/lecoeuraloeuvre.com\/pt\/projet-de-restauration\/","title":{"rendered":"Restauration de l&#8217;\u00e9cosyst\u00e8me"},"content":{"rendered":"\n<p>Tapada do Castelo est un site agricole que nous d\u00e9sirons transform\u00e9 en r\u00e9serve naturelle prot\u00e9g\u00e9e faisant l&#8217;objet d&#8217;un projet exp\u00e9rimental de restauration de l&#8217;\u00e9cosyst\u00e8me qui implique le reboisement et l&#8217;augmentation de la biodiversit\u00e9 v\u00e9g\u00e9tale, la protection de la faune et de la flore, et l&#8217;exp\u00e9rimentation de production de nourriture de mani\u00e8re aimante avec un impact positif pour l&#8217;environnement par l&#8217;usage de principes d&#8217;agriculture de r\u00e9g\u00e9n\u00e9ration. <\/p>\n\n\n\n<p>Ce programme comprend plusieurs projets pour lesquels les t\u00e2ches suivantes sont requises&nbsp;:<\/p>\n\n\n\n<ul class=\"wp-block-list\">\n<li>Conception et planification<\/li>\n\n\n\n<li>Inventaire et suivi de la flore &amp; faune<\/li>\n\n\n\n<li>Mise en \u0153uvre du projet<\/li>\n\n\n\n<li>Suivi des progr\u00e8s (croissance des plantes, r\u00e9colte des graines et des fruits)<\/li>\n\n\n\n<li>Documentation et partage<\/li>\n<\/ul>\n\n\n\n<h2 class=\"wp-block-heading\">Laboratoire de microbiologie<\/h2>\n\n\n<div class=\"wp-block-image is-style-rounded\">\n<figure class=\"aligncenter size-large is-resized\"><a href=\"https:\/\/i0.wp.com\/lecoeuraloeuvre.com\/wp-content\/uploads\/2025\/09\/TUC-20240328120350695.png?ssl=1\"><img data-recalc-dims=\"1\" decoding=\"async\" width=\"1024\" height=\"576\" src=\"https:\/\/i0.wp.com\/lecoeuraloeuvre.com\/wp-content\/uploads\/2025\/09\/TUC-20240328120350695-1024x576.png?resize=1024%2C576&#038;ssl=1\" alt=\"\" class=\"wp-image-17654\" style=\"width:440px;height:auto\" srcset=\"https:\/\/i0.wp.com\/lecoeuraloeuvre.com\/wp-content\/uploads\/2025\/09\/TUC-20240328120350695.png?resize=1024%2C576&amp;ssl=1 1024w, https:\/\/i0.wp.com\/lecoeuraloeuvre.com\/wp-content\/uploads\/2025\/09\/TUC-20240328120350695.png?resize=300%2C169&amp;ssl=1 300w, https:\/\/i0.wp.com\/lecoeuraloeuvre.com\/wp-content\/uploads\/2025\/09\/TUC-20240328120350695.png?resize=768%2C432&amp;ssl=1 768w, https:\/\/i0.wp.com\/lecoeuraloeuvre.com\/wp-content\/uploads\/2025\/09\/TUC-20240328120350695.png?resize=1536%2C864&amp;ssl=1 1536w, https:\/\/i0.wp.com\/lecoeuraloeuvre.com\/wp-content\/uploads\/2025\/09\/TUC-20240328120350695.png?w=1920&amp;ssl=1 1920w\" sizes=\"(max-width: 1000px) 100vw, 1000px\" \/><\/a><figcaption class=\"wp-element-caption\">Nematode sous le microscope<\/figcaption><\/figure>\n<\/div>\n\n\n<p>Nous avons construit et mis en place un laboratoire de microbiologie des sols afin de soutenir la restauration de la sant\u00e9 des sols, de l&#8217;\u00e9cosyst\u00e8me local endommag\u00e9 et diverses exp\u00e9riences de culture alimentaire. Notre objectif est de partager nos exp\u00e9riences et de soutenir la communaut\u00e9 par le biais de l&#8217;\u00e9ducation et de la transition vers des pratiques agricoles durables et \u00e9thiques. Pour plus d&#8217;informations, visitez notre nouveau site web : <a href=\"https:\/\/tapadadocastelo.com\/\">Tapada do Castelo<\/a><\/p>\n\n\n\n<h2 class=\"wp-block-heading\">Introduction<\/h2>\n\n\n\n<p>La propri\u00e9t\u00e9 de Tapada do Castelo est compos\u00e9e de 3 parcelles s\u00e9par\u00e9es par des murs en pierres s\u00e8ches et de 4 zones avec des \u00e9cosyst\u00e8mes sp\u00e9cifiques et divers degr\u00e9s de restauration naturelle de l&#8217;environnement (voir photo ci-dessous). La zone 5 est compos\u00e9e des haies sur le p\u00e9rim\u00e8tre de la propri\u00e9t\u00e9. La zone 6 est un petit terrain abandonn\u00e9 de l&#8217;autre c\u00f4t\u00e9 de la route.<\/p>\n\n\n\n<figure class=\"wp-block-image\"><a href=\"https:\/\/i0.wp.com\/lecoeuraloeuvre.com\/wp-content\/uploads\/2023\/01\/Image-Zones-TdC.jpg?ssl=1\"><img decoding=\"async\" width=\"1896\" height=\"756\" src=\"https:\/\/i0.wp.com\/lecoeuraloeuvre.com\/wp-content\/uploads\/2023\/01\/Image-Zones-TdC.jpg?resize=1024%2C408&amp;ssl=1\" alt=\"\" class=\"wp-image-3065\" srcset=\"https:\/\/i0.wp.com\/lecoeuraloeuvre.com\/wp-content\/uploads\/2023\/01\/Image-Zones-TdC.jpg?w=1896&amp;ssl=1 1896w, https:\/\/i0.wp.com\/lecoeuraloeuvre.com\/wp-content\/uploads\/2023\/01\/Image-Zones-TdC.jpg?resize=300%2C120&amp;ssl=1 300w, https:\/\/i0.wp.com\/lecoeuraloeuvre.com\/wp-content\/uploads\/2023\/01\/Image-Zones-TdC.jpg?resize=1024%2C408&amp;ssl=1 1024w, https:\/\/i0.wp.com\/lecoeuraloeuvre.com\/wp-content\/uploads\/2023\/01\/Image-Zones-TdC.jpg?resize=768%2C306&amp;ssl=1 768w, https:\/\/i0.wp.com\/lecoeuraloeuvre.com\/wp-content\/uploads\/2023\/01\/Image-Zones-TdC.jpg?resize=1536%2C612&amp;ssl=1 1536w\" sizes=\"(max-width: 1000px) 100vw, 1000px\" \/><\/a><\/figure>\n\n\n\n<h2 class=\"wp-block-heading\">Pr\u00e9sentation du programme<\/h2>\n\n\n\n<p>Voici un aper\u00e7u du projet global (version anglaise pour le moment). Il est compos\u00e9 de 6 projets exp\u00e9rimentaux diff\u00e9rents de r\u00e9cup\u00e9ration d&#8217;\u00e9cosyst\u00e8mes sur un total de 6 zones diff\u00e9rentes :<\/p>\n\n\n\n<div data-wp-interactive=\"core\/file\" class=\"wp-block-file\"><object data-wp-bind--hidden=\"!state.hasPdfPreview\" hidden class=\"wp-block-file__embed\" data=\"https:\/\/lecoeuraloeuvre.com\/wp-content\/uploads\/2023\/01\/20221128-1700-DOC-Overview-of-the-Ecosystem-Recovery-Programme.pdf\" type=\"application\/pdf\" style=\"width:100%;height:600px\" aria-label=\"Embed of 20221128-1700-DOC-Overview-of-the-Ecosystem-Recovery-Programme.\"><\/object><a id=\"wp-block-file--media-ced47b79-4d96-4a39-9e7e-d16802efbad7\" href=\"https:\/\/lecoeuraloeuvre.com\/wp-content\/uploads\/2023\/01\/20221128-1700-DOC-Overview-of-the-Ecosystem-Recovery-Programme.pdf\">20221128-1700-DOC-Overview-of-the-Ecosystem-Recovery-Programme<\/a><a href=\"https:\/\/lecoeuraloeuvre.com\/wp-content\/uploads\/2023\/01\/20221128-1700-DOC-Overview-of-the-Ecosystem-Recovery-Programme.pdf\" class=\"wp-block-file__button wp-element-button\" download aria-describedby=\"wp-block-file--media-ced47b79-4d96-4a39-9e7e-d16802efbad7\">T\u00e9l\u00e9charger<\/a><\/div>\n\n\n\n<p>Chaque zone a une couverture v\u00e9g\u00e9tale particuli\u00e8re, \u00e9tant \u00e0 sa propre \u00e9tape dans le processus naturel de restauration de l\u2019\u00e9cosyst\u00e8me. Il y a eu un incendie massif en 2002 et un p\u00e2turage occasionnel d&#8217;animaux dans la zone 1 jusqu&#8217;\u00e0 il y a un an. Aucune autre activit\u00e9 que la r\u00e9colte des ch\u00e2taignes une fois par an n&#8217;a \u00e9t\u00e9 enregistr\u00e9e sur les autres parcelles.<\/p>\n\n\n\n<p><strong>Zone 1 : Projet d&#8217;une For\u00eat Pristine<\/strong><\/p>\n\n\n\n<figure class=\"wp-block-image\"><a href=\"https:\/\/i0.wp.com\/lecoeuraloeuvre.com\/wp-content\/uploads\/2022\/06\/IMG_20220430_194523-1-scaled.jpg?ssl=1\"><img data-recalc-dims=\"1\" decoding=\"async\" width=\"1024\" height=\"575\" src=\"https:\/\/i0.wp.com\/lecoeuraloeuvre.com\/wp-content\/uploads\/2022\/06\/IMG_20220430_194523-1-1024x575.jpg?resize=1024%2C575&#038;ssl=1\" alt=\"\" class=\"wp-image-2685\" srcset=\"https:\/\/i0.wp.com\/lecoeuraloeuvre.com\/wp-content\/uploads\/2022\/06\/IMG_20220430_194523-1-scaled.jpg?resize=1024%2C575&amp;ssl=1 1024w, https:\/\/i0.wp.com\/lecoeuraloeuvre.com\/wp-content\/uploads\/2022\/06\/IMG_20220430_194523-1-scaled.jpg?resize=300%2C169&amp;ssl=1 300w, https:\/\/i0.wp.com\/lecoeuraloeuvre.com\/wp-content\/uploads\/2022\/06\/IMG_20220430_194523-1-scaled.jpg?resize=768%2C432&amp;ssl=1 768w, https:\/\/i0.wp.com\/lecoeuraloeuvre.com\/wp-content\/uploads\/2022\/06\/IMG_20220430_194523-1-scaled.jpg?resize=1536%2C863&amp;ssl=1 1536w, https:\/\/i0.wp.com\/lecoeuraloeuvre.com\/wp-content\/uploads\/2022\/06\/IMG_20220430_194523-1-scaled.jpg?resize=2048%2C1151&amp;ssl=1 2048w\" sizes=\"(max-width: 1000px) 100vw, 1000px\" \/><\/a><figcaption class=\"wp-element-caption\">Avril 2022<\/figcaption><\/figure>\n\n\n\n<figure class=\"wp-block-image\"><a href=\"https:\/\/i0.wp.com\/lecoeuraloeuvre.com\/wp-content\/uploads\/2022\/06\/IMG_20220529_151114-1-scaled.jpg?ssl=1\"><img data-recalc-dims=\"1\" decoding=\"async\" width=\"1024\" height=\"575\" src=\"https:\/\/i0.wp.com\/lecoeuraloeuvre.com\/wp-content\/uploads\/2022\/06\/IMG_20220529_151114-1-1024x575.jpg?resize=1024%2C575&#038;ssl=1\" alt=\"\" class=\"wp-image-2686\" srcset=\"https:\/\/i0.wp.com\/lecoeuraloeuvre.com\/wp-content\/uploads\/2022\/06\/IMG_20220529_151114-1-scaled.jpg?resize=1024%2C575&amp;ssl=1 1024w, https:\/\/i0.wp.com\/lecoeuraloeuvre.com\/wp-content\/uploads\/2022\/06\/IMG_20220529_151114-1-scaled.jpg?resize=300%2C169&amp;ssl=1 300w, https:\/\/i0.wp.com\/lecoeuraloeuvre.com\/wp-content\/uploads\/2022\/06\/IMG_20220529_151114-1-scaled.jpg?resize=768%2C432&amp;ssl=1 768w, https:\/\/i0.wp.com\/lecoeuraloeuvre.com\/wp-content\/uploads\/2022\/06\/IMG_20220529_151114-1-scaled.jpg?resize=1536%2C863&amp;ssl=1 1536w, https:\/\/i0.wp.com\/lecoeuraloeuvre.com\/wp-content\/uploads\/2022\/06\/IMG_20220529_151114-1-scaled.jpg?resize=2048%2C1151&amp;ssl=1 2048w\" sizes=\"(max-width: 1000px) 100vw, 1000px\" \/><\/a><figcaption class=\"wp-element-caption\">Avril 2022 : Beaucoup de foug\u00e8res !<\/figcaption><\/figure>\n\n\n\n<p><strong>Zone 2 : Projet de For\u00eat \u00e0 haute bio-diversit\u00e9<\/strong><\/p>\n\n\n\n<figure class=\"wp-block-image\"><a href=\"https:\/\/i0.wp.com\/lecoeuraloeuvre.com\/wp-content\/uploads\/2022\/06\/chemin-des-chenes-liege-1-scaled.jpg?ssl=1\"><img data-recalc-dims=\"1\" decoding=\"async\" width=\"1024\" height=\"575\" src=\"https:\/\/i0.wp.com\/lecoeuraloeuvre.com\/wp-content\/uploads\/2022\/06\/chemin-des-chenes-liege-1-1024x575.jpg?resize=1024%2C575&#038;ssl=1\" alt=\"\" class=\"wp-image-2691\" srcset=\"https:\/\/i0.wp.com\/lecoeuraloeuvre.com\/wp-content\/uploads\/2022\/06\/chemin-des-chenes-liege-1-scaled.jpg?resize=1024%2C575&amp;ssl=1 1024w, https:\/\/i0.wp.com\/lecoeuraloeuvre.com\/wp-content\/uploads\/2022\/06\/chemin-des-chenes-liege-1-scaled.jpg?resize=300%2C169&amp;ssl=1 300w, https:\/\/i0.wp.com\/lecoeuraloeuvre.com\/wp-content\/uploads\/2022\/06\/chemin-des-chenes-liege-1-scaled.jpg?resize=768%2C432&amp;ssl=1 768w, https:\/\/i0.wp.com\/lecoeuraloeuvre.com\/wp-content\/uploads\/2022\/06\/chemin-des-chenes-liege-1-scaled.jpg?resize=1536%2C863&amp;ssl=1 1536w, https:\/\/i0.wp.com\/lecoeuraloeuvre.com\/wp-content\/uploads\/2022\/06\/chemin-des-chenes-liege-1-scaled.jpg?resize=2048%2C1151&amp;ssl=1 2048w\" sizes=\"(max-width: 1000px) 100vw, 1000px\" \/><\/a><figcaption class=\"wp-element-caption\">Juin 2022 : Chemin des ch\u00eanes li\u00e8ge (quercus suber)<\/figcaption><\/figure>\n\n\n\n<figure class=\"wp-block-image\"><a href=\"https:\/\/i0.wp.com\/lecoeuraloeuvre.com\/wp-content\/uploads\/2022\/06\/Grand-chene-scaled.jpg?ssl=1\"><img data-recalc-dims=\"1\" decoding=\"async\" width=\"1024\" height=\"575\" src=\"https:\/\/i0.wp.com\/lecoeuraloeuvre.com\/wp-content\/uploads\/2022\/06\/Grand-chene-1024x575.jpg?resize=1024%2C575&#038;ssl=1\" alt=\"\" class=\"wp-image-2696\" srcset=\"https:\/\/i0.wp.com\/lecoeuraloeuvre.com\/wp-content\/uploads\/2022\/06\/Grand-chene-scaled.jpg?resize=1024%2C575&amp;ssl=1 1024w, https:\/\/i0.wp.com\/lecoeuraloeuvre.com\/wp-content\/uploads\/2022\/06\/Grand-chene-scaled.jpg?resize=300%2C169&amp;ssl=1 300w, https:\/\/i0.wp.com\/lecoeuraloeuvre.com\/wp-content\/uploads\/2022\/06\/Grand-chene-scaled.jpg?resize=768%2C432&amp;ssl=1 768w, https:\/\/i0.wp.com\/lecoeuraloeuvre.com\/wp-content\/uploads\/2022\/06\/Grand-chene-scaled.jpg?resize=1536%2C863&amp;ssl=1 1536w, https:\/\/i0.wp.com\/lecoeuraloeuvre.com\/wp-content\/uploads\/2022\/06\/Grand-chene-scaled.jpg?resize=2048%2C1151&amp;ssl=1 2048w\" sizes=\"(max-width: 1000px) 100vw, 1000px\" \/><\/a><figcaption class=\"wp-element-caption\">Juin 2022 : Grand ch\u00eane (quercus pyrenaica)<\/figcaption><\/figure>\n\n\n\n<figure class=\"wp-block-image\"><a href=\"https:\/\/i0.wp.com\/lecoeuraloeuvre.com\/wp-content\/uploads\/2022\/06\/Chataigner-scaled.jpg?ssl=1\"><img data-recalc-dims=\"1\" decoding=\"async\" width=\"472\" height=\"1024\" src=\"https:\/\/i0.wp.com\/lecoeuraloeuvre.com\/wp-content\/uploads\/2022\/06\/Chataigner-472x1024.jpg?resize=472%2C1024&#038;ssl=1\" alt=\"\" class=\"wp-image-2697\" srcset=\"https:\/\/i0.wp.com\/lecoeuraloeuvre.com\/wp-content\/uploads\/2022\/06\/Chataigner-scaled.jpg?resize=472%2C1024&amp;ssl=1 472w, https:\/\/i0.wp.com\/lecoeuraloeuvre.com\/wp-content\/uploads\/2022\/06\/Chataigner-scaled.jpg?resize=138%2C300&amp;ssl=1 138w, https:\/\/i0.wp.com\/lecoeuraloeuvre.com\/wp-content\/uploads\/2022\/06\/Chataigner-scaled.jpg?resize=768%2C1666&amp;ssl=1 768w, https:\/\/i0.wp.com\/lecoeuraloeuvre.com\/wp-content\/uploads\/2022\/06\/Chataigner-scaled.jpg?resize=708%2C1536&amp;ssl=1 708w, https:\/\/i0.wp.com\/lecoeuraloeuvre.com\/wp-content\/uploads\/2022\/06\/Chataigner-scaled.jpg?resize=944%2C2048&amp;ssl=1 944w, https:\/\/i0.wp.com\/lecoeuraloeuvre.com\/wp-content\/uploads\/2022\/06\/Chataigner-scaled.jpg?w=1180&amp;ssl=1 1180w\" sizes=\"(max-width: 472px) 100vw, 472px\" \/><\/a><figcaption class=\"wp-element-caption\">Juin 2022 ; ch\u00e2taigner (castanea sativa)<\/figcaption><\/figure>\n\n\n\n<p><strong>Zone 3: Projet de Restauration de l&#8217;\u00e9cosyst\u00e8me et Production de nourriture<\/strong><\/p>\n\n\n\n<figure class=\"wp-block-image\"><a href=\"https:\/\/i0.wp.com\/lecoeuraloeuvre.com\/wp-content\/uploads\/2022\/06\/Mars-2022-scaled.jpg?ssl=1\"><img data-recalc-dims=\"1\" decoding=\"async\" width=\"1024\" height=\"575\" src=\"https:\/\/i0.wp.com\/lecoeuraloeuvre.com\/wp-content\/uploads\/2022\/06\/Mars-2022-1024x575.jpg?resize=1024%2C575&#038;ssl=1\" alt=\"\" class=\"wp-image-2692\" srcset=\"https:\/\/i0.wp.com\/lecoeuraloeuvre.com\/wp-content\/uploads\/2022\/06\/Mars-2022-scaled.jpg?resize=1024%2C575&amp;ssl=1 1024w, https:\/\/i0.wp.com\/lecoeuraloeuvre.com\/wp-content\/uploads\/2022\/06\/Mars-2022-scaled.jpg?resize=300%2C169&amp;ssl=1 300w, https:\/\/i0.wp.com\/lecoeuraloeuvre.com\/wp-content\/uploads\/2022\/06\/Mars-2022-scaled.jpg?resize=768%2C432&amp;ssl=1 768w, https:\/\/i0.wp.com\/lecoeuraloeuvre.com\/wp-content\/uploads\/2022\/06\/Mars-2022-scaled.jpg?resize=1536%2C863&amp;ssl=1 1536w, https:\/\/i0.wp.com\/lecoeuraloeuvre.com\/wp-content\/uploads\/2022\/06\/Mars-2022-scaled.jpg?resize=2048%2C1151&amp;ssl=1 2048w\" sizes=\"(max-width: 1000px) 100vw, 1000px\" \/><\/a><figcaption class=\"wp-element-caption\">Mars 2022 : sol rocailleux sec avec couvert v\u00e9g\u00e9tal \u00e9pars (point haut de la zone)<\/figcaption><\/figure>\n\n\n\n<figure class=\"wp-block-image\"><a href=\"https:\/\/i0.wp.com\/lecoeuraloeuvre.com\/wp-content\/uploads\/2022\/06\/Juin-2022-1-scaled.jpg?ssl=1\"><img data-recalc-dims=\"1\" decoding=\"async\" width=\"1024\" height=\"472\" src=\"https:\/\/i0.wp.com\/lecoeuraloeuvre.com\/wp-content\/uploads\/2022\/06\/Juin-2022-1-1024x472.jpg?resize=1024%2C472&#038;ssl=1\" alt=\"\" class=\"wp-image-2693\" srcset=\"https:\/\/i0.wp.com\/lecoeuraloeuvre.com\/wp-content\/uploads\/2022\/06\/Juin-2022-1-scaled.jpg?resize=1024%2C472&amp;ssl=1 1024w, https:\/\/i0.wp.com\/lecoeuraloeuvre.com\/wp-content\/uploads\/2022\/06\/Juin-2022-1-scaled.jpg?resize=300%2C138&amp;ssl=1 300w, https:\/\/i0.wp.com\/lecoeuraloeuvre.com\/wp-content\/uploads\/2022\/06\/Juin-2022-1-scaled.jpg?resize=768%2C354&amp;ssl=1 768w, https:\/\/i0.wp.com\/lecoeuraloeuvre.com\/wp-content\/uploads\/2022\/06\/Juin-2022-1-scaled.jpg?resize=1536%2C708&amp;ssl=1 1536w, https:\/\/i0.wp.com\/lecoeuraloeuvre.com\/wp-content\/uploads\/2022\/06\/Juin-2022-1-scaled.jpg?resize=2048%2C944&amp;ssl=1 2048w\" sizes=\"(max-width: 1000px) 100vw, 1000px\" \/><\/a><figcaption class=\"wp-element-caption\">Juin 2022 : une prairie de fleurs sauvage avec plein d&#8217;insectes butinant (point haut de la zone)<\/figcaption><\/figure>\n\n\n\n<p><strong>Zone 4 : Projet d&#8217;une For\u00eat de Noyers <\/strong><\/p>\n\n\n\n<figure class=\"wp-block-image\"><a href=\"https:\/\/i0.wp.com\/lecoeuraloeuvre.com\/wp-content\/uploads\/2022\/06\/Castanheira-1-scaled.jpg?ssl=1\"><img data-recalc-dims=\"1\" decoding=\"async\" width=\"1024\" height=\"575\" src=\"https:\/\/i0.wp.com\/lecoeuraloeuvre.com\/wp-content\/uploads\/2022\/06\/Castanheira-1-1024x575.jpg?resize=1024%2C575&#038;ssl=1\" alt=\"\" class=\"wp-image-2694\" srcset=\"https:\/\/i0.wp.com\/lecoeuraloeuvre.com\/wp-content\/uploads\/2022\/06\/Castanheira-1-scaled.jpg?resize=1024%2C575&amp;ssl=1 1024w, https:\/\/i0.wp.com\/lecoeuraloeuvre.com\/wp-content\/uploads\/2022\/06\/Castanheira-1-scaled.jpg?resize=300%2C169&amp;ssl=1 300w, https:\/\/i0.wp.com\/lecoeuraloeuvre.com\/wp-content\/uploads\/2022\/06\/Castanheira-1-scaled.jpg?resize=768%2C432&amp;ssl=1 768w, https:\/\/i0.wp.com\/lecoeuraloeuvre.com\/wp-content\/uploads\/2022\/06\/Castanheira-1-scaled.jpg?resize=1536%2C863&amp;ssl=1 1536w, https:\/\/i0.wp.com\/lecoeuraloeuvre.com\/wp-content\/uploads\/2022\/06\/Castanheira-1-scaled.jpg?resize=2048%2C1151&amp;ssl=1 2048w\" sizes=\"(max-width: 1000px) 100vw, 1000px\" \/><\/a><figcaption class=\"wp-element-caption\">Mai 2022 : une flore abondante au milieu des ch\u00e2taigniers ombrageant la zone<\/figcaption><\/figure>\n\n\n\n<h2 class=\"wp-block-heading\">Zone 5 : Projet de haies coupe-vent<\/h2>\n\n\n\n<figure class=\"wp-block-gallery has-nested-images columns-default is-cropped wp-block-gallery-1 is-layout-flex wp-block-gallery-is-layout-flex\">\n<figure class=\"wp-block-image size-large\"><a href=\"https:\/\/i0.wp.com\/lecoeuraloeuvre.com\/wp-content\/uploads\/2023\/01\/IMG_20221227_093233-1-scaled.jpg?ssl=1\"><img data-recalc-dims=\"1\" decoding=\"async\" width=\"1024\" height=\"472\" data-id=\"3086\" src=\"https:\/\/i0.wp.com\/lecoeuraloeuvre.com\/wp-content\/uploads\/2023\/01\/IMG_20221227_093233-1-1024x472.jpg?resize=1024%2C472&#038;ssl=1\" alt=\"\" class=\"wp-image-3086\" srcset=\"https:\/\/i0.wp.com\/lecoeuraloeuvre.com\/wp-content\/uploads\/2023\/01\/IMG_20221227_093233-1-scaled.jpg?resize=1024%2C472&amp;ssl=1 1024w, https:\/\/i0.wp.com\/lecoeuraloeuvre.com\/wp-content\/uploads\/2023\/01\/IMG_20221227_093233-1-scaled.jpg?resize=300%2C138&amp;ssl=1 300w, https:\/\/i0.wp.com\/lecoeuraloeuvre.com\/wp-content\/uploads\/2023\/01\/IMG_20221227_093233-1-scaled.jpg?resize=768%2C354&amp;ssl=1 768w, https:\/\/i0.wp.com\/lecoeuraloeuvre.com\/wp-content\/uploads\/2023\/01\/IMG_20221227_093233-1-scaled.jpg?resize=1536%2C708&amp;ssl=1 1536w, https:\/\/i0.wp.com\/lecoeuraloeuvre.com\/wp-content\/uploads\/2023\/01\/IMG_20221227_093233-1-scaled.jpg?resize=2048%2C944&amp;ssl=1 2048w\" sizes=\"(max-width: 1000px) 100vw, 1000px\" \/><\/a><figcaption class=\"wp-element-caption\">Haie coupe-vent Nord zone 3 &#8211; December 2022 <\/figcaption><\/figure>\n<\/figure>\n\n\n\n<h2 class=\"wp-block-heading\">Inventaire de la flore et de la faune du territoire<\/h2>\n\n\n\n<p>Nous souhaitons identifier et documenter la faune et la flore locales chaque ann\u00e9e (par saison) de passage pour observer l&#8217;\u00e9volution au fil des ann\u00e9es.<\/p>\n\n\n\n<p>Voici l&#8217;inventaire des arbres et arbustes existants en ao\u00fbt 2022 (version anglaise \u00e0 traduire) :<\/p>\n\n\n\n<div data-wp-interactive=\"core\/file\" class=\"wp-block-file\"><object data-wp-bind--hidden=\"!state.hasPdfPreview\" hidden class=\"wp-block-file__embed\" data=\"https:\/\/lecoeuraloeuvre.com\/wp-content\/uploads\/2023\/01\/20221107-1700-DOC-Inventory-list-of-existing-trees-and-schrubs-August-2022.pdf\" type=\"application\/pdf\" style=\"width:100%;height:600px\" aria-label=\"Embed of 20221107-1700-DOC- Inventory list of existing trees and schrubs August 2022.\"><\/object><a id=\"wp-block-file--media-594fb0ee-706c-4af8-8f64-03b12a578709\" href=\"https:\/\/lecoeuraloeuvre.com\/wp-content\/uploads\/2023\/01\/20221107-1700-DOC-Inventory-list-of-existing-trees-and-schrubs-August-2022.pdf\">20221107-1700-DOC- Inventory list of existing trees and schrubs August 2022<\/a><a href=\"https:\/\/lecoeuraloeuvre.com\/wp-content\/uploads\/2023\/01\/20221107-1700-DOC-Inventory-list-of-existing-trees-and-schrubs-August-2022.pdf\" class=\"wp-block-file__button wp-element-button\" download aria-describedby=\"wp-block-file--media-594fb0ee-706c-4af8-8f64-03b12a578709\">T\u00e9l\u00e9charger<\/a><\/div>\n\n\n\n<h2 class=\"wp-block-heading\">Qu&#8217;est-ce qui a d\u00e9j\u00e0 \u00e9t\u00e9 fait ?<\/h2>\n\n\n\n<p>Entre novembre 2022 et janvier 2023&nbsp;:<\/p>\n\n\n\n<ul class=\"wp-block-list\">\n<li>&nbsp;&nbsp;&nbsp;&nbsp; Marquage &amp; mise en \u0153uvre du dessin Z3 sur le terrain<\/li>\n\n\n\n<li>&nbsp;&nbsp;&nbsp;&nbsp; Semis de 270m ou 30.000 graines de 125 vari\u00e9t\u00e9s d&#8217;herbes, arbustes et arbres indig\u00e8nes de r\u00e9cup\u00e9ration<\/li>\n\n\n\n<li>&nbsp;&nbsp;&nbsp;&nbsp; Semis de 120m de cultures fruiti\u00e8res principales et secondaires<\/li>\n\n\n\n<li>&nbsp;&nbsp;&nbsp;&nbsp; Conception et plantation de 44m de haies brise-vent en Z2 &amp; Z3<\/li>\n<\/ul>\n\n\n\n<h2 class=\"wp-block-heading\">Comment pouvez-vous aider?<\/h2>\n\n\n\n<ul class=\"wp-block-list\">\n<li>&nbsp;&nbsp;&nbsp;&nbsp; Faites un don pour soutenir plusieurs analyses de laboratoire d&#8217;\u00e9chantillonnage de sol, l&#8217;achat de semences indig\u00e8nes d&#8217;herbes, d&#8217;arbustes et d&#8217;arbres pour toutes les zones et l&#8217;ensemble de l&#8217;\u00e9quipement et du mat\u00e9riel de plantation.<\/li>\n\n\n\n<li>&nbsp;&nbsp;&nbsp;&nbsp; Volontaire pour aider dans les domaines suivants&nbsp;: conception, tri des semences, cr\u00e9ation de bases de donn\u00e9es sur les semences, recherche de semences et de boutures locales, plantation, r\u00e9colte des futures semences et documentation en photos, vid\u00e9os et documents<\/li>\n\n\n\n<li>&nbsp;&nbsp;&nbsp;&nbsp; Suivi de l&#8217;\u00e9tat de r\u00e9cup\u00e9ration de l&#8217;\u00e9cosyst\u00e8me et de la production alimentaire tous les 6 mois<\/li>\n\n\n\n<li>&nbsp;&nbsp;&nbsp;&nbsp; Inventaire flore &amp; faune (oiseaux &amp; animaux &amp; insectes) et mise \u00e0 jour chaque ann\u00e9e<\/li>\n<\/ul>\n","protected":false},"excerpt":{"rendered":"<p>Tapada do Castelo est un site agricole que nous d\u00e9sirons transform\u00e9 en r\u00e9serve naturelle prot\u00e9g\u00e9e faisant l&#8217;objet d&#8217;un projet exp\u00e9rimental de restauration de l&#8217;\u00e9cosyst\u00e8me qui implique le reboisement et l&#8217;augmentation de la biodiversit\u00e9 v\u00e9g\u00e9tale, la protection de la faune et de la flore, et l&#8217;exp\u00e9rimentation de production de nourriture de mani\u00e8re aimante avec un impact&#8230; <\/p>\n","protected":false},"author":9632,"featured_media":0,"parent":0,"menu_order":0,"comment_status":"closed","ping_status":"closed","template":"","meta":{"jetpack_post_was_ever_published":false,"footnotes":""},"class_list":["post-2586","page","type-page","status-publish","hentry"],"translation":{"provider":"WPGlobus","version":"3.0.2","language":"pt","enabled_languages":["fr","en","pt"],"languages":{"fr":{"title":true,"content":true,"excerpt":false},"en":{"title":true,"content":true,"excerpt":false},"pt":{"title":false,"content":false,"excerpt":false}}},"jetpack_sharing_enabled":true,"jetpack_shortlink":"https:\/\/wp.me\/P8nQaq-FI","_links":{"self":[{"href":"https:\/\/lecoeuraloeuvre.com\/pt\/wp-json\/wp\/v2\/pages\/2586","targetHints":{"allow":["GET"]}}],"collection":[{"href":"https:\/\/lecoeuraloeuvre.com\/pt\/wp-json\/wp\/v2\/pages"}],"about":[{"href":"https:\/\/lecoeuraloeuvre.com\/pt\/wp-json\/wp\/v2\/types\/page"}],"author":[{"embeddable":true,"href":"https:\/\/lecoeuraloeuvre.com\/pt\/wp-json\/wp\/v2\/users\/9632"}],"replies":[{"embeddable":true,"href":"https:\/\/lecoeuraloeuvre.com\/pt\/wp-json\/wp\/v2\/comments?post=2586"}],"version-history":[{"count":38,"href":"https:\/\/lecoeuraloeuvre.com\/pt\/wp-json\/wp\/v2\/pages\/2586\/revisions"}],"predecessor-version":[{"id":18186,"href":"https:\/\/lecoeuraloeuvre.com\/pt\/wp-json\/wp\/v2\/pages\/2586\/revisions\/18186"}],"wp:attachment":[{"href":"https:\/\/lecoeuraloeuvre.com\/pt\/wp-json\/wp\/v2\/media?parent=2586"}],"curies":[{"name":"wp","href":"https:\/\/api.w.org\/{rel}","templated":true}]}}