{"id":2565,"date":"2022-05-29T14:32:06","date_gmt":"2022-05-29T15:32:06","guid":{"rendered":"https:\/\/lecoeuraloeuvre.com\/?page_id=2565"},"modified":"2024-02-14T09:04:48","modified_gmt":"2024-02-14T10:04:48","slug":"les-sites-de-camping","status":"publish","type":"page","link":"https:\/\/lecoeuraloeuvre.com\/pt\/les-sites-de-camping\/","title":{"rendered":"Les sites de camping"},"content":{"rendered":"\n<p>Il existe actuellement 5 emplacements d&#8217;accueil en mode camping, soit en v\u00e9hicule am\u00e9nag\u00e9 (camping-car, etc.), soit en caravane ou en tente.<\/p>\n\n\n\n<p>Chaque emplacement dispose d&#8217;un point d&#8217;eau (robinet), et d&#8217;un point de raccordement \u00e9lectrique (prise classique ou caravane).<\/p>\n\n\n\n<h2 class=\"wp-block-heading\">Conditions d&#8217;accueil pour les campeurs<\/h2>\n\n\n\n<ul class=\"wp-block-list\">\n<li>Nous vous encourageons, avant votre visite, \u00e0 visionner les 2 vid\u00e9os \u00ab&nbsp;<a rel=\"noreferrer noopener\" href=\"https:\/\/www.youtube.com\/watch?v=NNJokdORqOQ&amp;t=43s\" target=\"_blank\">Les Secrets de l\u2019Univers 1<\/a>&nbsp;\u00bb et \u00ab&nbsp;<a rel=\"noreferrer noopener\" href=\"https:\/\/www.youtube.com\/watch?v=0Q78SxBdkaU&amp;t=703s\" target=\"_blank\">Les Secrets de l\u2019Univers 2<\/a>\u00ab&nbsp;, particuli\u00e8rement si vous vous int\u00e9ressez au d\u00e9veloppement de l\u2019amour dans votre vie, vos relations, du plan\u00e8te et sur terre en g\u00e9n\u00e9ral. Ce lieu est un lieu d\u2019exp\u00e9rimentation spirituelle qui accueille occasionnellement des b\u00e9n\u00e9voles \u00e0 cet effet, soyez-en conscients.<\/li>\n\n\n\n<li>Les visiteurs sont responsables en cas d&#8217;accident (assurance personnelle recommand\u00e9e). Le lieu est un milieu naturel en cours d&#8217;am\u00e9nagement et de restauration, il existe donc un risque d&#8217;accident en cas de n\u00e9gligence. Alors soyez prudent et prenez soin de vos enfants. <\/li>\n\n\n\n<li>Utiliser les chemins d&#8217;acc\u00e8s am\u00e9nag\u00e9s (ne pas pi\u00e9tiner la v\u00e9g\u00e9tation du sol)<\/li>\n\n\n\n<li>Prenez soin des arbres et des plantes, vous \u00eates dans un endroit prot\u00e9g\u00e9.<\/li>\n\n\n\n<li>Les adultes sont responsables des actions et de la s\u00e9curit\u00e9 de leurs enfants.<\/li>\n\n\n\n<li>Utilisez avec mod\u00e9ration les ressources en eau et en \u00e9lectricit\u00e9 mises \u00e0 votre disposition. Les r\u00e9serves d&#8217;eau sont limit\u00e9es, l&#8217;eau \u00e9tant capt\u00e9e sur le terrain et stock\u00e9e dans des petits r\u00e9servoirs provisoires.  Le r\u00e9seau \u00e9lectrique est solaire et dimensionn\u00e9 pour recharger les lampes \u00e0 led et les petits appareils (t\u00e9l\u00e9phone portable, ordinateur, etc.). Pour les appareils \u00e9lectrom\u00e9nagers plus \u00e9nergivores (frigo, TV, etc.), nous vous invitons \u00e0 utiliser votre propre installation solaire ind\u00e9pendante. Si vous souhaitez vous connecter au point d&#8217;alimentation, veuillez apporter une rallonge d&#8217;alimentation compatible portugaise. <\/li>\n\n\n\n<li>Pas d&#8217;alcool ou de tabac consomm\u00e9 sur le terrain svp. Il est interdit par la loi de faire un feu \u00e0 l&#8217;ext\u00e9rieur en \u00e9t\u00e9 et n\u00e9cessite une autorisation sp\u00e9ciale du conseil pour faire un feu en hiver. Le risque d&#8217;incendie est tr\u00e8s \u00e9lev\u00e9 <\/li>\n\n\n\n<li>Ne laissez pas de nourriture ou de d\u00e9chets sur le site (papier, plastiques, etc.). <\/li>\n\n\n\n<li>D\u00e9posez uniquement vos d\u00e9chets v\u00e9g\u00e9taux dans le compost pr\u00e9vu \u00e0 cet effet <\/li>\n\n\n\n<li>Vous ne pouvez utiliser les toilettes s\u00e8ches que si vous \u00eates v\u00e9g\u00e9talien car elles nourrissent les vers de terre qui sont v\u00e9g\u00e9taliens. Si vous \u00eates non v\u00e9g\u00e9taliens, vous devrez utiliser des toilettes publiques (\u00e0 2km \u00e0 Alvarroes)<\/li>\n\n\n\n<li>Une douche solaire ext\u00e9rieure est disponible. Attention \u00e0 ne pas vous br\u00fbler (surtout en milieu d&#8217;apr\u00e8s-midi ensoleill\u00e9), v\u00e9rifiez toujours la temp\u00e9rature de l&#8217;eau avant de vous glisser sous la douche. L&#8217;eau est chaude uniquement les apr\u00e8s-midi ensoleill\u00e9s avant 17h en hiver et 18h en \u00e9t\u00e9. Une eau froide est agr\u00e9able en p\u00e9riode chaude d&#8217;\u00e9t\u00e9.<\/li>\n\n\n\n<li>Les chiens sont autoris\u00e9s sous la responsabilit\u00e9 de leur propri\u00e9taire et \u00e0 condition qu&#8217;ils n&#8217;endommagent pas l&#8217;environnement, auquel cas ils devront \u00eatre surveill\u00e9s constamment.<\/li>\n\n\n\n<li>Les chats ne sont pas autoris\u00e9s car il y a beaucoup de petits oiseaux vuln\u00e9rables<\/li>\n<\/ul>\n\n\n\n<p>En cas de non-respect des conditions d&#8217;accueil, nous vous demanderons de quitter les lieux imm\u00e9diatement.<\/p>\n\n\n\n<h2 class=\"wp-block-heading\">Les 5 sites de camping<\/h2>\n\n\n\n<p><strong>Site 1 : L&#8217;arbre de Jud\u00e9e (pour 1 ou 2 v\u00e9hicules am\u00e9nag\u00e9s)<\/strong><\/p>\n\n\n\n<figure class=\"wp-block-image size-large\"><a href=\"https:\/\/i0.wp.com\/lecoeuraloeuvre.com\/wp-content\/uploads\/2022\/05\/Site-1-scaled.jpg?ssl=1\"><img data-recalc-dims=\"1\" decoding=\"async\" width=\"1024\" height=\"575\" src=\"https:\/\/i0.wp.com\/lecoeuraloeuvre.com\/wp-content\/uploads\/2022\/05\/Site-1-1024x575.jpg?resize=1024%2C575&#038;ssl=1\" alt=\"\" class=\"wp-image-2566\" srcset=\"https:\/\/i0.wp.com\/lecoeuraloeuvre.com\/wp-content\/uploads\/2022\/05\/Site-1-scaled.jpg?resize=1024%2C575&amp;ssl=1 1024w, https:\/\/i0.wp.com\/lecoeuraloeuvre.com\/wp-content\/uploads\/2022\/05\/Site-1-scaled.jpg?resize=300%2C169&amp;ssl=1 300w, https:\/\/i0.wp.com\/lecoeuraloeuvre.com\/wp-content\/uploads\/2022\/05\/Site-1-scaled.jpg?resize=768%2C432&amp;ssl=1 768w, https:\/\/i0.wp.com\/lecoeuraloeuvre.com\/wp-content\/uploads\/2022\/05\/Site-1-scaled.jpg?resize=1536%2C863&amp;ssl=1 1536w, https:\/\/i0.wp.com\/lecoeuraloeuvre.com\/wp-content\/uploads\/2022\/05\/Site-1-scaled.jpg?resize=2048%2C1151&amp;ssl=1 2048w\" sizes=\"(max-width: 1000px) 100vw, 1000px\" \/><\/a><\/figure>\n\n\n\n<p><strong>Site 2 : Fleurs des champs (pour 1 v\u00e9hicule am\u00e9nag\u00e9 ou 1 ou plusieurs tentes)<\/strong><\/p>\n\n\n\n<figure class=\"wp-block-image size-large\"><a href=\"https:\/\/i0.wp.com\/lecoeuraloeuvre.com\/wp-content\/uploads\/2022\/05\/Site-2b-scaled.jpg?ssl=1\"><img data-recalc-dims=\"1\" decoding=\"async\" width=\"1024\" height=\"575\" src=\"https:\/\/i0.wp.com\/lecoeuraloeuvre.com\/wp-content\/uploads\/2022\/05\/Site-2b-1024x575.jpg?resize=1024%2C575&#038;ssl=1\" alt=\"\" class=\"wp-image-2568\" srcset=\"https:\/\/i0.wp.com\/lecoeuraloeuvre.com\/wp-content\/uploads\/2022\/05\/Site-2b-scaled.jpg?resize=1024%2C575&amp;ssl=1 1024w, https:\/\/i0.wp.com\/lecoeuraloeuvre.com\/wp-content\/uploads\/2022\/05\/Site-2b-scaled.jpg?resize=300%2C169&amp;ssl=1 300w, https:\/\/i0.wp.com\/lecoeuraloeuvre.com\/wp-content\/uploads\/2022\/05\/Site-2b-scaled.jpg?resize=768%2C432&amp;ssl=1 768w, https:\/\/i0.wp.com\/lecoeuraloeuvre.com\/wp-content\/uploads\/2022\/05\/Site-2b-scaled.jpg?resize=1536%2C863&amp;ssl=1 1536w, https:\/\/i0.wp.com\/lecoeuraloeuvre.com\/wp-content\/uploads\/2022\/05\/Site-2b-scaled.jpg?resize=2048%2C1151&amp;ssl=1 2048w\" sizes=\"(max-width: 1000px) 100vw, 1000px\" \/><\/a><\/figure>\n\n\n\n<p><strong>Site 3 : La caravane  (pour 1 ou 2 personnes max.)<\/strong> &#8211; en travaux! <\/p>\n\n\n\n<figure class=\"wp-block-image size-large\"><a href=\"https:\/\/i0.wp.com\/lecoeuraloeuvre.com\/wp-content\/uploads\/2022\/05\/Site-3-Caravane-1-scaled.jpg?ssl=1\"><img data-recalc-dims=\"1\" decoding=\"async\" width=\"1024\" height=\"575\" src=\"https:\/\/i0.wp.com\/lecoeuraloeuvre.com\/wp-content\/uploads\/2022\/05\/Site-3-Caravane-1-1024x575.jpg?resize=1024%2C575&#038;ssl=1\" alt=\"\" class=\"wp-image-2570\" srcset=\"https:\/\/i0.wp.com\/lecoeuraloeuvre.com\/wp-content\/uploads\/2022\/05\/Site-3-Caravane-1-scaled.jpg?resize=1024%2C575&amp;ssl=1 1024w, https:\/\/i0.wp.com\/lecoeuraloeuvre.com\/wp-content\/uploads\/2022\/05\/Site-3-Caravane-1-scaled.jpg?resize=300%2C169&amp;ssl=1 300w, https:\/\/i0.wp.com\/lecoeuraloeuvre.com\/wp-content\/uploads\/2022\/05\/Site-3-Caravane-1-scaled.jpg?resize=768%2C432&amp;ssl=1 768w, https:\/\/i0.wp.com\/lecoeuraloeuvre.com\/wp-content\/uploads\/2022\/05\/Site-3-Caravane-1-scaled.jpg?resize=1536%2C863&amp;ssl=1 1536w, https:\/\/i0.wp.com\/lecoeuraloeuvre.com\/wp-content\/uploads\/2022\/05\/Site-3-Caravane-1-scaled.jpg?resize=2048%2C1151&amp;ssl=1 2048w\" sizes=\"(max-width: 1000px) 100vw, 1000px\" \/><\/a><\/figure>\n\n\n\n<p><strong>Site 4: Le grand ch\u00eane (pour une ou plusieurs tentes)<\/strong><\/p>\n\n\n\n<figure class=\"wp-block-image size-large\"><a href=\"https:\/\/i0.wp.com\/lecoeuraloeuvre.com\/wp-content\/uploads\/2022\/05\/Site-4b-scaled.jpg?ssl=1\"><img data-recalc-dims=\"1\" decoding=\"async\" width=\"1024\" height=\"575\" src=\"https:\/\/i0.wp.com\/lecoeuraloeuvre.com\/wp-content\/uploads\/2022\/05\/Site-4b-1024x575.jpg?resize=1024%2C575&#038;ssl=1\" alt=\"\" class=\"wp-image-2577\" srcset=\"https:\/\/i0.wp.com\/lecoeuraloeuvre.com\/wp-content\/uploads\/2022\/05\/Site-4b-scaled.jpg?resize=1024%2C575&amp;ssl=1 1024w, https:\/\/i0.wp.com\/lecoeuraloeuvre.com\/wp-content\/uploads\/2022\/05\/Site-4b-scaled.jpg?resize=300%2C169&amp;ssl=1 300w, https:\/\/i0.wp.com\/lecoeuraloeuvre.com\/wp-content\/uploads\/2022\/05\/Site-4b-scaled.jpg?resize=768%2C432&amp;ssl=1 768w, https:\/\/i0.wp.com\/lecoeuraloeuvre.com\/wp-content\/uploads\/2022\/05\/Site-4b-scaled.jpg?resize=1536%2C863&amp;ssl=1 1536w, https:\/\/i0.wp.com\/lecoeuraloeuvre.com\/wp-content\/uploads\/2022\/05\/Site-4b-scaled.jpg?resize=2048%2C1151&amp;ssl=1 2048w\" sizes=\"(max-width: 1000px) 100vw, 1000px\" \/><\/a><\/figure>\n\n\n\n<p><strong>Site 5 : L&#8217;or\u00e9e des champs (pour une tente, pas d&#8217;\u00e9lecricit\u00e9)<\/strong><\/p>\n\n\n\n<figure class=\"wp-block-image size-large\"><a href=\"https:\/\/i0.wp.com\/lecoeuraloeuvre.com\/wp-content\/uploads\/2022\/06\/Site-5-1-scaled.jpg?ssl=1\"><img data-recalc-dims=\"1\" decoding=\"async\" width=\"1024\" height=\"575\" src=\"https:\/\/i0.wp.com\/lecoeuraloeuvre.com\/wp-content\/uploads\/2022\/06\/Site-5-1-1024x575.jpg?resize=1024%2C575&#038;ssl=1\" alt=\"\" class=\"wp-image-2597\" srcset=\"https:\/\/i0.wp.com\/lecoeuraloeuvre.com\/wp-content\/uploads\/2022\/06\/Site-5-1-scaled.jpg?resize=1024%2C575&amp;ssl=1 1024w, https:\/\/i0.wp.com\/lecoeuraloeuvre.com\/wp-content\/uploads\/2022\/06\/Site-5-1-scaled.jpg?resize=300%2C169&amp;ssl=1 300w, https:\/\/i0.wp.com\/lecoeuraloeuvre.com\/wp-content\/uploads\/2022\/06\/Site-5-1-scaled.jpg?resize=768%2C432&amp;ssl=1 768w, https:\/\/i0.wp.com\/lecoeuraloeuvre.com\/wp-content\/uploads\/2022\/06\/Site-5-1-scaled.jpg?resize=1536%2C863&amp;ssl=1 1536w, https:\/\/i0.wp.com\/lecoeuraloeuvre.com\/wp-content\/uploads\/2022\/06\/Site-5-1-scaled.jpg?resize=2048%2C1151&amp;ssl=1 2048w\" sizes=\"(max-width: 1000px) 100vw, 1000px\" \/><\/a><\/figure>\n","protected":false},"excerpt":{"rendered":"<p>Il existe actuellement 5 emplacements d&#8217;accueil en mode camping, soit en v\u00e9hicule am\u00e9nag\u00e9 (camping-car, etc.), soit en caravane ou en tente. Chaque emplacement dispose d&#8217;un point d&#8217;eau (robinet), et d&#8217;un point de raccordement \u00e9lectrique (prise classique ou caravane). Conditions d&#8217;accueil pour les campeurs En cas de non-respect des conditions d&#8217;accueil, nous vous demanderons de quitter&#8230; <\/p>\n","protected":false},"author":9632,"featured_media":0,"parent":0,"menu_order":0,"comment_status":"closed","ping_status":"closed","template":"","meta":{"jetpack_post_was_ever_published":false,"footnotes":""},"class_list":["post-2565","page","type-page","status-publish","hentry"],"translation":{"provider":"WPGlobus","version":"3.0.2","language":"pt","enabled_languages":["fr","en","pt"],"languages":{"fr":{"title":true,"content":true,"excerpt":false},"en":{"title":true,"content":true,"excerpt":false},"pt":{"title":false,"content":false,"excerpt":false}}},"jetpack_sharing_enabled":true,"jetpack_shortlink":"https:\/\/wp.me\/P8nQaq-Fn","_links":{"self":[{"href":"https:\/\/lecoeuraloeuvre.com\/pt\/wp-json\/wp\/v2\/pages\/2565","targetHints":{"allow":["GET"]}}],"collection":[{"href":"https:\/\/lecoeuraloeuvre.com\/pt\/wp-json\/wp\/v2\/pages"}],"about":[{"href":"https:\/\/lecoeuraloeuvre.com\/pt\/wp-json\/wp\/v2\/types\/page"}],"author":[{"embeddable":true,"href":"https:\/\/lecoeuraloeuvre.com\/pt\/wp-json\/wp\/v2\/users\/9632"}],"replies":[{"embeddable":true,"href":"https:\/\/lecoeuraloeuvre.com\/pt\/wp-json\/wp\/v2\/comments?post=2565"}],"version-history":[{"count":19,"href":"https:\/\/lecoeuraloeuvre.com\/pt\/wp-json\/wp\/v2\/pages\/2565\/revisions"}],"predecessor-version":[{"id":16584,"href":"https:\/\/lecoeuraloeuvre.com\/pt\/wp-json\/wp\/v2\/pages\/2565\/revisions\/16584"}],"wp:attachment":[{"href":"https:\/\/lecoeuraloeuvre.com\/pt\/wp-json\/wp\/v2\/media?parent=2565"}],"curies":[{"name":"wp","href":"https:\/\/api.w.org\/{rel}","templated":true}]}}