{"id":234,"date":"2018-01-30T23:15:18","date_gmt":"2018-01-31T00:15:18","guid":{"rendered":"https:\/\/lecoeuraloeuvre.com\/?page_id=234"},"modified":"2022-05-01T15:41:10","modified_gmt":"2022-05-01T16:41:10","slug":"les-4-priorites","status":"publish","type":"page","link":"https:\/\/lecoeuraloeuvre.com\/pt\/les-4-priorites\/","title":{"rendered":"Les 4 priorit\u00e9s"},"content":{"rendered":"<p>La liste qui suit est une liste de priorit\u00e9s que Dieu a pour l&#8217;humanit\u00e9, peu importe si nous connaissons Dieu ou pas.<\/p>\n<p>J&#8217;aspire \u00e0 d\u00e9velopper dans ma vie un d\u00e9sir sinc\u00e8re de rechercher, d\u2019agir en harmonie, et d\u2019engager les priorit\u00e9s suivantes de la mani\u00e8re que Dieu souhaite pour tous Ses enfants\u00a0:<\/p>\n<ol>\n<li>L\u2019amour de Dieu<\/li>\n<li>L\u2019amour de soi-m\u00eame et de son \u00e2me jumelle<\/li>\n<li>L\u2019amour des autres<\/li>\n<li>L\u2019amour de l\u2019environnement naturel<\/li>\n<\/ol>\n<p>Toutes ces choses sont importantes, pour le bonheur des hommes, mais dans l&#8217;ordre d\u00e9croissant d&#8217;importance.<\/p>\n","protected":false},"excerpt":{"rendered":"<p>La liste qui suit est une liste de priorit\u00e9s que Dieu a pour l&#8217;humanit\u00e9, peu importe si nous connaissons Dieu ou pas. J&#8217;aspire \u00e0 d\u00e9velopper dans ma vie un d\u00e9sir sinc\u00e8re de rechercher, d\u2019agir en harmonie, et d\u2019engager les priorit\u00e9s suivantes de la mani\u00e8re que Dieu souhaite pour tous Ses enfants\u00a0: L\u2019amour de Dieu L\u2019amour&#8230; <\/p>\n","protected":false},"author":9632,"featured_media":0,"parent":0,"menu_order":0,"comment_status":"closed","ping_status":"closed","template":"","meta":{"jetpack_post_was_ever_published":false,"footnotes":""},"class_list":["post-234","page","type-page","status-publish","hentry"],"translation":{"provider":"WPGlobus","version":"3.0.2","language":"pt","enabled_languages":["fr","en","pt"],"languages":{"fr":{"title":true,"content":true,"excerpt":false},"en":{"title":true,"content":true,"excerpt":false},"pt":{"title":false,"content":false,"excerpt":false}}},"jetpack_sharing_enabled":true,"jetpack_shortlink":"https:\/\/wp.me\/P8nQaq-3M","_links":{"self":[{"href":"https:\/\/lecoeuraloeuvre.com\/pt\/wp-json\/wp\/v2\/pages\/234","targetHints":{"allow":["GET"]}}],"collection":[{"href":"https:\/\/lecoeuraloeuvre.com\/pt\/wp-json\/wp\/v2\/pages"}],"about":[{"href":"https:\/\/lecoeuraloeuvre.com\/pt\/wp-json\/wp\/v2\/types\/page"}],"author":[{"embeddable":true,"href":"https:\/\/lecoeuraloeuvre.com\/pt\/wp-json\/wp\/v2\/users\/9632"}],"replies":[{"embeddable":true,"href":"https:\/\/lecoeuraloeuvre.com\/pt\/wp-json\/wp\/v2\/comments?post=234"}],"version-history":[{"count":7,"href":"https:\/\/lecoeuraloeuvre.com\/pt\/wp-json\/wp\/v2\/pages\/234\/revisions"}],"predecessor-version":[{"id":2556,"href":"https:\/\/lecoeuraloeuvre.com\/pt\/wp-json\/wp\/v2\/pages\/234\/revisions\/2556"}],"wp:attachment":[{"href":"https:\/\/lecoeuraloeuvre.com\/pt\/wp-json\/wp\/v2\/media?parent=234"}],"curies":[{"name":"wp","href":"https:\/\/api.w.org\/{rel}","templated":true}]}}