{"id":2302,"date":"2022-02-27T15:17:14","date_gmt":"2022-02-27T16:17:14","guid":{"rendered":"https:\/\/lecoeuraloeuvre.com\/?page_id=2302"},"modified":"2024-09-01T10:32:46","modified_gmt":"2024-09-01T11:32:46","slug":"accueil","status":"publish","type":"page","link":"https:\/\/lecoeuraloeuvre.com\/pt\/accueil\/","title":{"rendered":"Conditions d&#8217;accueil"},"content":{"rendered":"<\/p>\n\n\n<p>Ce lieu sera \u00e9ventuellement am\u00e9nag\u00e9 pour accueillir 1 \u00e0 4 personnes en mode camping.<\/p>\n\n\n\n<p>Si vous souhaitez simplement passer un moment d&#8217;amour et de ressourcement en pleine nature, vous pouvez venir camper dans une des cinq zones am\u00e9nag\u00e9es \u00e0 cet effet (lire <a href=\"https:\/\/lecoeuraloeuvre.com\/les-sites-de-camping\/\" target=\"_blank\" rel=\"noreferrer noopener\">les sites de camping et conditions d&#8217;accueil pour les campeurs<\/a>).<\/p>\n\n\n\n<p>Tapada do Castelo est un lieu v\u00e9g\u00e9talien et un site naturel prot\u00e9g\u00e9 en phase de restauration. Cela signifie que chaque visiteur s&#8217;engage \u00e0 traiter le lieu avec amour et soin, en respectant les r\u00e8gles du lieu.<\/p>\n\n\n\n<p>Pour toute question, contactez nous par email: tapadadocastelo@gmail.com<\/p>\n\n\n\n<h2 class=\"wp-block-heading\">Pratique de l&#8217;humilit\u00e9 <\/h2>\n\n\n\n<p>Vous pouvez aussi engager des activit\u00e9s collectives de pratique de l&#8217;humilit\u00e9 qui sont propos\u00e9es avec l&#8217;intention de procurer des opportunit\u00e9s personnelles pour:<\/p>\n\n\n\n<p>&#8211; d\u00e9velopper les qualit\u00e9s d&#8217;humilit\u00e9, particuli\u00e8rement pour d\u00e9couvrir nos \u00e9motions, d\u00e9sirs, croyances, actions qui sont en dysharmonie avec la v\u00e9rit\u00e9 et l&#8217;amour tels que Dieu les d\u00e9finis, <\/p>\n\n\n\n<p>&#8211; d\u00e9velopper la conscience en relation avec Dieu, le d\u00e9sir d&#8217;auto-instrospection et le d\u00e9sir de sinc\u00e9rit\u00e9 pour exposer et d\u00e9couvrir tout ce qui est en lien avec notre d\u00e9sir de faire du mal (p\u00e9cher) ou l&#8217;absence de notre d\u00e9sir d&#8217;aimer.<\/p>\n\n\n\n<p>&#8211; d\u00e9velopper les qualit\u00e9s de moralit\u00e9 par la pratique des principes d&#8217;amour, de v\u00e9rit\u00e9,\u00a0 d&#8217;humilit\u00e9, de foi et d&#8217;action tels qu&#8217;enseigner par J\u00e9sus et Mary.<\/p>\n\n\n\n<p>&#8211; d\u00e9velopper le d\u00e9sir d&#8217;avoir une relation Dieu, de grandir en Amour de Dieu, de soi-m\u00eame incluant notre \u00e2me jumelle , des autres et de l&#8217;environnement.<\/p>\n\n\n\n<p>Si vous souhaitez participer \u00e0 ce projet en tant que visiteur ponctuel ou comme volontaire, vous pouvez me contacter par le menu <a href=\"https:\/\/lecoeuraloeuvre.com\/contact\/\" target=\"_blank\" rel=\"noreferrer noopener\">contact<\/a><\/p>\n\n\n\n<h2 class=\"wp-block-heading\">Conditions d&#8217;accueil pour les campeurs<\/h2>\n\n\n\n<p>Lire les conditions ici: <a rel=\"noreferrer noopener\" href=\"https:\/\/lecoeuraloeuvre.com\/les-sites-de-camping\/\" target=\"_blank\">Sites de camping<\/a><\/p>\n\n\n\n<h2 class=\"wp-block-heading\">Conditions d&#8217;accueil pour les visiteurs de courte dur\u00e9e (un jour maximum) : <\/h2>\n\n\n\n<ul class=\"wp-block-list\">\n<li>Nous vous encourageons, avant votre visite, \u00e0 visionner les 2 vid\u00e9os &#8220;<a href=\"https:\/\/www.youtube.com\/watch?v=NNJokdORqOQ&#038;t=43s\" target=\"_blank\" rel=\"noreferrer noopener\">Les Secrets de l&#8217;Univers 1<\/a>&#8221; et &#8220;<a href=\"https:\/\/www.youtube.com\/watch?v=0Q78SxBdkaU&#038;t=703s\" target=\"_blank\" rel=\"noreferrer noopener\">Les Secrets de l&#8217;Univers 2<\/a>&#8220;, particuli\u00e8rement si vous vous int\u00e9ressez au d\u00e9veloppement de l&#8217;amour dans votre vie, vos relations, de la plan\u00e8te en g\u00e9n\u00e9ral. Ce lieu est un lieu d&#8217;exp\u00e9rimentation spirituelle qui accueille occasionnellement des b\u00e9n\u00e9voles \u00e0 cet effet, soyez-en conscients.<\/li>\n\n\n\n<li>Les visiteurs sont responsables en cas d&#8217;accident (assurance personnelle recommand\u00e9e). L&#8217;endroit est un milieu naturel qui n&#8217;est pas encore compl\u00e8tement am\u00e9nag\u00e9, il y a donc un risque d&#8217;accident si les visiteurs ne font pas attention.<\/li>\n\n\n\n<li>Ne laissez pas de nourriture ou de d\u00e9chets sur le site (papier, plastiques, etc\u2026)<\/li>\n\n\n\n<li>Pas d\u2019alcool ou de tabac consomm\u00e9 sur le terrain svp. <strong>Il est interdit par la loi de faire des feux de camps ext\u00e9rieurs. Le risque d\u2019incendie est tr\u00e8s \u00e9lev\u00e9<\/strong>.<\/li>\n\n\n\n<li>D\u00e9posez vos d\u00e9chets v\u00e9g\u00e9taux uniquement dans le compost pr\u00e9vu \u00e0 cet effet (ou les emporter)<\/li>\n\n\n\n<li>Utilisez les toilettes s\u00e8ches v\u00e9g\u00e9taliennes uniquement si vous \u00eates v\u00e9g\u00e9talien (bient\u00f4t op\u00e9rationnel). Il y a des toilettes publiques \u00e0 Alvarroes (3km)<\/li>\n\n\n\n<li>Utiliser les sentiers p\u00e9destres et chemins d&#8217;acc\u00e8s am\u00e9nag\u00e9s (ne pas pi\u00e9tiner la v\u00e9g\u00e9tation du sol)<\/li>\n\n\n\n<li>Prendre soin des arbres et des plantes<\/li>\n\n\n\n<li>Les adultes sont responsables des actes et de la s\u00e9curit\u00e9 de leurs enfants.<\/li>\n\n\n\n<li>Tout visiteur qui traitera mal une autre personne ou l&#8217;environnement sera invit\u00e9 \u00e0 partir et encourag\u00e9 \u00e0 r\u00e9fl\u00e9chir \u00e0 la raison pour laquelle il a agi ainsi.<\/li>\n<\/ul>\n\n\n\n<h2 class=\"wp-block-heading\">Conditions d&#8217;accueil pour les volontaires :<\/h2>\n\n\n\n<h3 class=\"wp-block-heading\">D\u00e9finition<\/h3>\n\n\n\n<p>Un volontaire est tout adulte (ou adulte avec enfant(s)) souhaitant passer un s\u00e9jour sur le site ou dans un h\u00e9bergement local (une nuit minimum), et aider au projet exp\u00e9rimental sur site dans une volont\u00e9 d&#8217;\u00e9voluer en amour et de d\u00e9couvrir et engager ses d\u00e9sirs et ses passions selon les enseignements de la V\u00e9rit\u00e9 Divine.<\/p>\n\n\n\n<h2 class=\"wp-block-heading\">Proc\u00e9dure de candidature pour les volontaires<\/h2>\n\n\n\n<h3 class=\"wp-block-heading\">1. Pr\u00e9-requis<\/h3>\n\n\n\n<ul start=\"2\" class=\"wp-block-list\">\n<li>avoir un d\u00e9sir sinc\u00e8re de participer aux activit\u00e9s de pratique d&#8217;humilit\u00e9<\/li>\n\n\n\n<li>avoir un d\u00e9sir sinc\u00e8re de grandir en humilit\u00e9, amour de Dieu, de soi (et \u00e2me jumelle), des autres et de l&#8217;environnement<\/li>\n\n\n\n<li>(optionnel) avoir un d\u00e9sir sinc\u00e8re de partager Divine Truth dans le monde entier<\/li>\n\n\n\n<li>\u00eatre disponible pour assister et participer tous les jours convenus<\/li>\n\n\n\n<li>\u00eatre d\u00e9sireux de recevoir des commentaires concernant vos \u00e9motions et votre \u00e9tat d&#8217;amour, et \u00eatre sinc\u00e8re et responsable pour vos propres \u00e9motions <\/li>\n\n\n\n<li>\u00eatre d\u00e9sireux de d\u00e9velopper votre humilit\u00e9 et votre condition d&#8217;amour \u00e0 votre rythme pendant toute la dur\u00e9e de votre s\u00e9jour<\/li>\n\n\n\n<li>savoir que vous ne pourrez plus \u00eatre volontaire si certaines conditions ou exigences ne sont pas remplies (lire ci-dessous dans les conditions)<\/li>\n\n\n\n<li>(optionnel) donnera la priorit\u00e9 au partage de votre temps, de votre \u00e9nergie et de vos ressources personnelles vers les objectifs et les aspirations de Divine Truth et God&#8217;s Way<\/li>\n<\/ul>\n\n\n\n<h3 class=\"wp-block-heading\">2 . Envoyer une lettre de motivation par email \u00e0 tapadadocastelo@gmail.com <\/h3>\n\n\n\n<ul class=\"wp-block-list\">\n<li>Pourquoi souhaitez-vous participer \u00e0 ce projet ?<\/li>\n\n\n\n<li>Quelles sont vos motivations et vos attentes ?<\/li>\n\n\n\n<li>Quel est votre lien avec les enseignements de Divine Truth ?<\/li>\n\n\n\n<li>Quel est l&#8217;\u00e9tat de votre d\u00e9sir et de votre connexion \u00e0 Dieu&nbsp;?<\/li>\n\n\n\n<li>Qu&#8217;est-ce qui vous passionne ?<\/li>\n\n\n\n<li>Quels sont vos plus grands d\u00e9fis pour grandir dans l&#8217;amour de Dieu, de vous-m\u00eame et de votre \u00e2me jumelle, des autres et de l&#8217;environnement ?<\/li>\n<\/ul>\n\n\n\n<h3 class=\"wp-block-heading\">3. Afin de vous familiariser avec les principes de Divine Truth que nous utilisons lors de tous nos projets, il est important que vous ayez regard\u00e9 au minimum toutes les vid\u00e9os de bienvenue de la <strong><a href=\"https:\/\/www.youtube.com\/playlist?list=PLAB11BC2B509B15F8\" target=\"_blank\" rel=\"noreferrer noopener\">cha\u00eene Youtube Divine Truth<\/a><\/strong><\/h3>\n\n\n\n<h3 class=\"wp-block-heading\">4. Nous vous recommandons de regarder les vid\u00e9os de Divine Truth dans lesquelles J\u00e9sus parle de fa\u00e7ade et d&#8217;addictions (AG 2013Texas, AG 2014 NSW) et que vous commenciez \u00e0 vous pencher sur ces domaines car c&#8217;est l&#8217;\u00e9tape dans laquelle se trouvent la plupart des gens, et aussi &#8220;Understanding God&#8217;s Loving Laws&#8221; (Education in Love 3), ce qui vous permettra de comprendre les principes que nous appliquons. Pour vous aider, voici quelques liens vers les groupes d&#8217;assistance (AG) ci-dessous. Ils contiennent de merveilleuses informations et une aide sur ces sujets si vous souhaitez y jeter un \u0153il: <\/h3>\n\n\n\n<ul class=\"wp-block-list\">\n<li><a href=\"https:\/\/www.youtube.com\/watch?v=udV0V5O959o&amp;list=PL4VN7gKEa2bTiv6eOPoAXvpA4iOSDxxpI\">Assistance Group 2013 Texas USA<\/a><\/li>\n<\/ul>\n\n\n\n<ul class=\"wp-block-list\">\n<li><a href=\"https:\/\/www.youtube.com\/playlist?list=PL4VN7gKEa2bRSUKD_82oidEpHqcLcSp9x\" target=\"_blank\" rel=\"noreferrer noopener\">Assistance Group 2014 NSW Australia Group 1<\/a><\/li>\n<\/ul>\n\n\n\n<ul class=\"wp-block-list\">\n<li><a rel=\"noreferrer noopener\" href=\"https:\/\/www.youtube.com\/watch?v=1mssqMwc9aQ&amp;list=PL4VN7gKEa2bTo38DokpLPPHunY2BZEOek\" target=\"_blank\">Education In Love Group 1.1 &#8211; Developing My Will To Love<\/a><\/li>\n<\/ul>\n\n\n\n<ul class=\"wp-block-list\">\n<li><a rel=\"noreferrer noopener\" href=\"https:\/\/www.youtube.com\/watch?v=Tadic01X0eI&amp;list=PL4VN7gKEa2bT8M_AbEtdqmiAh-PrWEjc9\" target=\"_blank\">Education In Love Group 2.1 &#8211; Developing My Loving Self<\/a><\/li>\n<\/ul>\n\n\n\n<ul class=\"wp-block-list\">\n<li><a rel=\"noreferrer noopener\" href=\"https:\/\/www.youtube.com\/watch?v=ukHjbEwGEoc&amp;list=PL4VN7gKEa2bQaKFtHjctZtHU0zpuXoqbl\" target=\"_blank\">Education In Love Group 3.1 &#8211; Understanding God&#8217;s Loving Laws<\/a><\/li>\n<\/ul>\n\n\n\n<ul class=\"wp-block-list\">\n<li><a rel=\"noreferrer noopener\" href=\"https:\/\/www.youtube.com\/watch?v=altaBt2_0JA&amp;list=PL4VN7gKEa2bSGkJx-_pd6CTCVxwMS5WkJ\" target=\"_blank\">Education In Love Group 4.1 &#8211; Understanding Sin &amp; Its Causes<\/a><\/li>\n<\/ul>\n\n\n\n<h3 class=\"wp-block-heading\">5. Compl\u00e9ter et renvoyer le formulaire m\u00e9dical d&#8217;urgence par email \u00e0 tapadadocastelo@gmail.com<\/h3>\n\n\n\n<p><a href=\"https:\/\/lecoeuraloeuvre.com\/wp-content\/uploads\/2022\/07\/Formulaire-durgence-et-information-medicale.pdf\" target=\"_blank\" rel=\"noreferrer noopener\">Contact d&#8217;urgences et informations m\u00e9dicales<\/a><\/p>\n\n\n\n<h2 class=\"wp-block-heading\">Conditions de s\u00e9jour des volontaires <\/h2>\n\n\n\n<ul class=\"wp-block-list\">\n<li>Les m\u00eames conditions que pour les visiteurs de courte dur\u00e9e s&#8217;appliquent pendant le s\u00e9jour.<\/li>\n\n\n\n<li>Un volontaire doit toujours \u00eatre ouvert \u00e0 la r\u00e9ception de commentaires (feed-back) sur des questions d&#8217;amour et de v\u00e9rit\u00e9 concernant ses actions ou ses sentiments sans amour pendant son s\u00e9jour. S&#8217;il\/elle r\u00e9siste, on le lui dira, et on lui rappellera d&#8217;\u00eatre humble, de se questionner sur la cause. Si un\/e volontaire projette continuellement de la col\u00e8re sur la personne qui a fourni le feed-back, il\/elle en sera inform\u00e9\/e et \u00e9ventuellement invit\u00e9\/e \u00e0 quitter les lieux sur le champs.<\/li>\n\n\n\n<li>Le volontaire s&#8217;engage \u00e0 \u00eatre responsable mat\u00e9riellement (transport, nourriture, etc.) et en cas d&#8217;accident (assurance personnelle conseill\u00e9e).<\/li>\n\n\n\n<li>Il peut soit rester dans son v\u00e9hicule ou sa tente, soit une tente\/caravane peut \u00eatre mise \u00e0 sa disposition.<\/li>\n\n\n\n<li>Un point d&#8217;acc\u00e8s \u00e0 l&#8217;eau et \u00e0 l&#8217;\u00e9lectricit\u00e9 solaire (pour l&#8217;utilisation de la lampe et de la recharge du t\u00e9l\u00e9phone, pas d&#8217;\u00e9quipements \u00e0 forte consommation) est disponible gratuitement (en cours).<\/li>\n\n\n\n<li>Il n&#8217;y a pas d&#8217;attente particuli\u00e8re ni de transaction financi\u00e8re de la part du volontaire ou de l&#8217;h\u00f4te, tout se passe sur la base du d\u00e9sir de donner sans attente en retour, ou de grandir en amour.<\/li>\n\n\n\n<li>Le type d&#8217;assistance sera d\u00e9termin\u00e9 en fonction des d\u00e9sirs et des capacit\u00e9s physiques du volontaire et des d\u00e9sirs et des besoins du lieu.<\/li>\n\n\n\n<li>Des horaires seront \u00e9tablis quotidiennement\/hebdomadairement pour l&#8217;aide volontaire en fonction du temps, des besoins et des envies du volontaire et de l&#8217;h\u00f4te.<\/li>\n\n\n\n<li>Le volontaire s&#8217;engage \u00e0 respecter les horaires pr\u00e9vus (\u00eatre \u00e0 l&#8217;heure) et \u00e0 prendre soin de lui, du lieu et des outils qu&#8217;il utilise.<\/li>\n\n\n\n<li>Le volontaire est responsable pour le pr\u00e9paration de ses repas<\/li>\n\n\n\n<li>L&#8217;eau potable est fournie ou disponible dans les fontaines publiques (\u00e0 Reveladas, 2kms) La douche est temporaire et solaire (chaude pendant la journ\u00e9e, fra\u00eeche en fin d&#8217;apr\u00e8s-midi)<\/li>\n\n\n\n<li>Tout volontaire qui traitera mal une autre personne ou l&#8217;environnement de mani\u00e8re r\u00e9p\u00e9titive, malgr\u00e9 les feed-back re\u00e7us, sera invit\u00e9 \u00e0 quitter les lieux, et encourag\u00e9 \u00e0 r\u00e9fl\u00e9chir \u00e0 la raison pour laquelle il agit ainsi.<\/li>\n\n\n\n<li>Tout volontaire ayant identifi\u00e9 et lib\u00e9r\u00e9 la cause de son manque d&#8217;amour, ou prenant l&#8217;enti\u00e8re responsabilit\u00e9 des \u00e9motions ayant motiv\u00e9 son d\u00e9part anticip\u00e9 pendant sa visite pr\u00e9c\u00e9dente, est \u00e0 nouveau bienvenu en tant que volontaire.<\/li>\n<\/ul>\n\n\n\n<h2 class=\"wp-block-heading has-text-align-left\">Ce qu&#8217;il faut apporter avec vous?<\/h2>\n\n\n\n<ul>\n<li>Chaussures adapt\u00e9es aux travaux de la terre (b\u00e2timent, jardinage, etc\u2026)<\/li>\n<li>EPI (\u00c9quipements de Protection Individuelle) : chaussures de s\u00e9curit\u00e9 prot\u00e9geant les orteils et la semelle du pieds, gants de travail, lunettes de s\u00e9curit\u00e9, masques anti-poussi\u00e8re et casque prot\u00e8ge-oreilles<\/li>\n<li>Literie (matelas de camping, draps ou sac de couchage, couette, oreiller, etc\u2026)<\/li>\n<li>Quelques v\u00eatements chauds pour le soir et la nuit (m\u00eame en \u00e9t\u00e9)<\/li>\n<li>Imperm\u00e9able<\/li>\n<li>Maillots de bain et serviettes<\/li>\n<li>Bouteille d&#8217;eau<\/li>\n<li>Cr\u00e8me solaire et chapeau<\/li>\n<li>Articles de toilette, lessive et produits vaisselle \u00e9cologiques<\/li>\n<li>Petite trousse de secours<\/li>\n<\/ul>\n\n\n<p>","protected":false},"excerpt":{"rendered":"<p>Ce lieu sera \u00e9ventuellement am\u00e9nag\u00e9 pour accueillir 1 \u00e0 4 personnes en mode camping. Si vous souhaitez simplement passer un moment d&#8217;amour et de ressourcement en pleine nature, vous pouvez venir camper dans une des cinq zones am\u00e9nag\u00e9es \u00e0 cet effet (lire les sites de camping et conditions d&#8217;accueil pour les campeurs). Tapada do Castelo&#8230; <\/p>\n","protected":false},"author":9632,"featured_media":0,"parent":0,"menu_order":0,"comment_status":"closed","ping_status":"closed","template":"","meta":{"jetpack_post_was_ever_published":false,"footnotes":""},"class_list":["post-2302","page","type-page","status-publish","hentry"],"translation":{"provider":"WPGlobus","version":"3.0.2","language":"pt","enabled_languages":["fr","en","pt"],"languages":{"fr":{"title":true,"content":true,"excerpt":false},"en":{"title":true,"content":true,"excerpt":false},"pt":{"title":false,"content":false,"excerpt":false}}},"jetpack_sharing_enabled":true,"jetpack_shortlink":"https:\/\/wp.me\/P8nQaq-B8","_links":{"self":[{"href":"https:\/\/lecoeuraloeuvre.com\/pt\/wp-json\/wp\/v2\/pages\/2302","targetHints":{"allow":["GET"]}}],"collection":[{"href":"https:\/\/lecoeuraloeuvre.com\/pt\/wp-json\/wp\/v2\/pages"}],"about":[{"href":"https:\/\/lecoeuraloeuvre.com\/pt\/wp-json\/wp\/v2\/types\/page"}],"author":[{"embeddable":true,"href":"https:\/\/lecoeuraloeuvre.com\/pt\/wp-json\/wp\/v2\/users\/9632"}],"replies":[{"embeddable":true,"href":"https:\/\/lecoeuraloeuvre.com\/pt\/wp-json\/wp\/v2\/comments?post=2302"}],"version-history":[{"count":74,"href":"https:\/\/lecoeuraloeuvre.com\/pt\/wp-json\/wp\/v2\/pages\/2302\/revisions"}],"predecessor-version":[{"id":16933,"href":"https:\/\/lecoeuraloeuvre.com\/pt\/wp-json\/wp\/v2\/pages\/2302\/revisions\/16933"}],"wp:attachment":[{"href":"https:\/\/lecoeuraloeuvre.com\/pt\/wp-json\/wp\/v2\/media?parent=2302"}],"curies":[{"name":"wp","href":"https:\/\/api.w.org\/{rel}","templated":true}]}}