{"id":2299,"date":"2022-02-27T15:16:56","date_gmt":"2022-02-27T16:16:56","guid":{"rendered":"https:\/\/lecoeuraloeuvre.com\/?page_id=2299"},"modified":"2025-09-12T11:53:33","modified_gmt":"2025-09-12T12:53:33","slug":"projets-en-cours","status":"publish","type":"page","link":"https:\/\/lecoeuraloeuvre.com\/pt\/projets-en-cours\/","title":{"rendered":"T\u00e2ches et projets en cours"},"content":{"rendered":"\n<p>Voici quelques-uns de nos projets et t\u00e2ches :<\/p>\n\n\n\n<h2 class=\"wp-block-heading\">\u00c9nergie<\/h2>\n\n\n\n<ul class=\"wp-block-list\">\n<li>Installation d&#8217;un syst\u00e8me de collecte et distribution d&#8217;eau par gravit\u00e9: creusage des tranch\u00e9es, pose de tuyaux et connexions, vannes et robinets (Fait)<\/li>\n\n\n\n<li>Installation d&#8217;un r\u00e9servoir d&#8217;eau d&#8217;une capacit\u00e9 minimum de 10000L (Fait)<\/li>\n\n\n\n<li>Installation solaire off grid (Fait)<\/li>\n\n\n\n<li>Mise en place des raccord et prises du r\u00e9seau \u00e9lectrique du terrain (Fait)<\/li>\n\n\n\n<li><em>T\u00e2che r\u00e9currente <\/em>: contr\u00f4le de la charge et niveau d&#8217;eau des batteries solaire<\/li>\n\n\n\n<li><em>T\u00e2che r\u00e9currente <\/em>: Entretien et gestion installation solaire (niveau charge batteries, niveau eau batteries)<\/li>\n\n\n\n<li><em>T\u00e2che r\u00e9currente : Coupe du bois (mort) de chauffage (ch\u00e2taigniers et un grand ch\u00eane foudroy\u00e9)<\/em><\/li>\n<\/ul>\n\n\n\n<h2 class=\"wp-block-heading\">Voiries<\/h2>\n\n\n\n<ul class=\"wp-block-list\">\n<li><em>T\u00e2che r\u00e9currente :<\/em> am\u00e9nagement et entretien des chemins d&#8217;acc\u00e8s<\/li>\n<\/ul>\n\n\n\n<h2 class=\"wp-block-heading\">Accueil des visiteurs et volontaires <\/h2>\n\n\n\n<p>Les projets de constructions sont <em>en attente pour des raison de licence<\/em><\/p>\n\n\n\n<ul class=\"wp-block-list\">\n<li><strong>PRIORIT\u00c9 1 :<\/strong> Construction de 2 douches avec chauffe eau au gaz pour visiteurs et cabane (1000\u20ac)<\/li>\n\n\n\n<li>PRIORIT\u00c9 1 : Construction d&#8217;une toilette s\u00e8che sur-\u00e9lev\u00e9e auto-composteuse pour les visiteurs (800\u20ac)<\/li>\n\n\n\n<li>PRIORIT\u00c9 : Construction cuisine pour visiteurs\/campeurs\/volontaires (5000\u20ac)<\/li>\n\n\n\n<li>PRIORIT\u00c9 : R\u00e9paration caravane &#8220;Baby Jody&#8221; et connexion gaz\/\u00e9lectricit\u00e9 pour visiteurs<\/li>\n\n\n\n<li>PRIORIT\u00c9 : Installation tente tepee pour visiteurs<\/li>\n<\/ul>\n\n\n\n<h2 class=\"wp-block-heading\">Constructions et am\u00e9nagements<\/h2>\n\n\n\n<ul class=\"wp-block-list\">\n<li>PRIORIT\u00c9 1 : Construction d&#8217;une cuisine et salon avec po\u00eale \u00e0 bois, salle de douche en extension de la cabane (5000\u20ac) <em>En attente pour des raison de licence<\/em><\/li>\n\n\n\n<li>Construction d&#8217;un atelier de travail et stockage outils &amp; s\u00e9chage\/transformation des ch\u00e2taignes (Fait)<\/li>\n\n\n\n<li>Construction d&#8217;un laboratoire de microbiologie des sols (Fait)<\/li>\n\n\n\n<li>Construction d&#8217;un abris de jardin pour stockage temporaires des outils (Fait)<\/li>\n<\/ul>\n\n\n\n<h2 class=\"wp-block-heading\">Entretien de la for\u00eat<\/h2>\n\n\n\n<ul class=\"wp-block-list\">\n<li><em>T\u00e2che r\u00e9currente<\/em> : Nettoyer et faire du bois de chauffage avec les arbres et branches mortes.<\/li>\n<\/ul>\n\n\n\n<h2 class=\"wp-block-heading\">Restauration de l&#8217;\u00e9cosyst\u00e8me \/ Reforestation<\/h2>\n\n\n\n<ul class=\"wp-block-list\">\n<li>Inventaire de la flore et faune locale (chaque ann\u00e9e) <\/li>\n\n\n\n<li>Analyse biologique de la terre (chaque ann\u00e9e)<\/li>\n\n\n\n<li>Achat et r\u00e9colte des semences de restauration et fruiti\u00e8res<\/li>\n\n\n\n<li>Marquage, ensemencement et plantations de guildes de restauration foresti\u00e8res<\/li>\n\n\n\n<li>Documentation et partage du projet sur le site web<\/li>\n\n\n\n<li><\/li>\n<\/ul>\n\n\n\n<h2 class=\"wp-block-heading\">Production de farines de ch\u00e2taignes (automne &#8211; 30 arbres)<\/h2>\n\n\n\n<ul class=\"wp-block-list\">\n<li>Nettoyer autour des arbres avant la r\u00e9colte<\/li>\n\n\n\n<li>R\u00e9colter <\/li>\n\n\n\n<li>Trier pour vente ou farine<\/li>\n\n\n\n<li>Entailler les ch\u00e2taignes pour la production de farine<\/li>\n\n\n\n<li>S\u00e9chage au four<\/li>\n\n\n\n<li>\u00c9pluchage<\/li>\n\n\n\n<li>Second s\u00e9chage au four<\/li>\n\n\n\n<li>Broyage au robot de cuisine<\/li>\n\n\n\n<li>Tamisage<\/li>\n\n\n\n<li>Fabrication de farine au moulin \u00e0 meules de pierres<\/li>\n\n\n\n<li>Mises en sacs avec \u00e9tiquetage<\/li>\n\n\n\n<li>Distribution (march\u00e9 et foires)<\/li>\n<\/ul>\n\n\n\n<h2 class=\"wp-block-heading\">Production de fruits (100 arbres) et l\u00e9gumes (3 potagers)<\/h2>\n\n\n\n<ul class=\"wp-block-list\">\n<li>Plantation de 2 potagers en \u00e9t\u00e9 et 1 en hiver (lupin et autres l\u00e9gumineuses <\/li>\n\n\n\n<li>Plantations de l\u00e9gumes le long des plantations de la for\u00eat nourrici\u00e8re (potentiel)<\/li>\n\n\n\n<li>Production de compost statique \u00e0 partir des toilettes s\u00e8ches et vermicompostage, test en laboratoire et production d&#8217;extraits et applications.<\/li>\n\n\n\n<li>Production de compost thermophilique <\/li>\n\n\n\n<li>Fin de l&#8217;\u00e9t\u00e9: r\u00e9colte des lupins, rin\u00e7age et mise en bocaux (eau &amp; \u00e9pices) et \u00e9tiquetage<\/li>\n\n\n\n<li>Production de farine de lupins au moulin \u00e0 meules de pierres<\/li>\n\n\n\n<li><em>T\u00e2che r\u00e9currente <\/em>: arrosage (\u00e9t\u00e9) de semis (mars\/avril) et plants directs <\/li>\n\n\n\n<li><em>T\u00e2che r\u00e9currente <\/em>: Irrigation du verger de 80 arbres et des haies coupe-vent entre mai\/juin et septembre. <\/li>\n<\/ul>\n\n\n\n<h2 class=\"wp-block-heading\">Site internet &amp; Production audio-visuelle<\/h2>\n\n\n\n<ul class=\"wp-block-list\">\n<li>Mettre \u00e0 jour le site internet<\/li>\n\n\n\n<li>R\u00e9alisation de vid\u00e9o et photos des projets sur le terrain<\/li>\n\n\n\n<li>\u00c9dition et montage des vid\u00e9os et partage sous forme du vlog &#8220;Portugal, terre promise?&#8221;<\/li>\n\n\n\n<li>Pr\u00e9paration et tournage de vid\u00e9o de partage des exp\u00e9riences sur le chemin vers Dieu<\/li>\n\n\n\n<li>\u00c9dition et montage et partage sur la cha\u00eene Youtube V\u00e9rit\u00e9 Divine.<\/li>\n<\/ul>\n\n\n\n<p>Tous les <a rel=\"noreferrer noopener\" href=\"https:\/\/lecoeuraloeuvre.com\/en\/faire-un-don\/\" target=\"_blank\">dons<\/a> collect\u00e9s aideront \u00e0 la r\u00e9alisation et aux partages de ces projets.<\/p>\n","protected":false},"excerpt":{"rendered":"<p>Voici quelques-uns de nos projets et t\u00e2ches : \u00c9nergie Voiries Accueil des visiteurs et volontaires Les projets de constructions sont en attente pour des raison de licence Constructions et am\u00e9nagements Entretien de la for\u00eat Restauration de l&#8217;\u00e9cosyst\u00e8me \/ Reforestation Production de farines de ch\u00e2taignes (automne &#8211; 30 arbres) Production de fruits (100 arbres) et l\u00e9gumes&#8230; <\/p>\n","protected":false},"author":9632,"featured_media":0,"parent":0,"menu_order":0,"comment_status":"closed","ping_status":"closed","template":"","meta":{"jetpack_post_was_ever_published":false,"footnotes":""},"class_list":["post-2299","page","type-page","status-publish","hentry"],"translation":{"provider":"WPGlobus","version":"3.0.2","language":"pt","enabled_languages":["fr","en","pt"],"languages":{"fr":{"title":true,"content":true,"excerpt":false},"en":{"title":true,"content":true,"excerpt":false},"pt":{"title":false,"content":false,"excerpt":false}}},"jetpack_sharing_enabled":true,"jetpack_shortlink":"https:\/\/wp.me\/P8nQaq-B5","_links":{"self":[{"href":"https:\/\/lecoeuraloeuvre.com\/pt\/wp-json\/wp\/v2\/pages\/2299","targetHints":{"allow":["GET"]}}],"collection":[{"href":"https:\/\/lecoeuraloeuvre.com\/pt\/wp-json\/wp\/v2\/pages"}],"about":[{"href":"https:\/\/lecoeuraloeuvre.com\/pt\/wp-json\/wp\/v2\/types\/page"}],"author":[{"embeddable":true,"href":"https:\/\/lecoeuraloeuvre.com\/pt\/wp-json\/wp\/v2\/users\/9632"}],"replies":[{"embeddable":true,"href":"https:\/\/lecoeuraloeuvre.com\/pt\/wp-json\/wp\/v2\/comments?post=2299"}],"version-history":[{"count":24,"href":"https:\/\/lecoeuraloeuvre.com\/pt\/wp-json\/wp\/v2\/pages\/2299\/revisions"}],"predecessor-version":[{"id":17692,"href":"https:\/\/lecoeuraloeuvre.com\/pt\/wp-json\/wp\/v2\/pages\/2299\/revisions\/17692"}],"wp:attachment":[{"href":"https:\/\/lecoeuraloeuvre.com\/pt\/wp-json\/wp\/v2\/media?parent=2299"}],"curies":[{"name":"wp","href":"https:\/\/api.w.org\/{rel}","templated":true}]}}