{"id":229,"date":"2018-01-30T22:46:20","date_gmt":"2018-01-30T23:46:20","guid":{"rendered":"https:\/\/lecoeuraloeuvre.com\/?page_id=229"},"modified":"2018-09-30T14:23:09","modified_gmt":"2018-09-30T15:23:09","slug":"la-science-de-la-priere","status":"publish","type":"page","link":"https:\/\/lecoeuraloeuvre.com\/pt\/la-science-de-la-priere\/","title":{"rendered":"La science de la pri\u00e8re"},"content":{"rendered":"<p>La pri\u00e8re a g\u00e9n\u00e9ralement mauvaise presse dans notre soci\u00e9t\u00e9, en tout cas, en dehors des cercles religieux. La cause est complexe, et largement en lien avec l&#8217;histoire des religions, et l&#8217;\u00e9ducation des enfants. Il y a aujourd&#8217;hui, dans la soci\u00e9t\u00e9 occidentale, un d\u00e9tachement, scepticisme, voir un rejet, chez beaucoup de gens, par rapport \u00e0 toute chose assimil\u00e9e avec la religion ou avec Dieu. Or, tel est le cas de la pri\u00e8re, qui est souvent assimil\u00e9e \u00e0 un acte religieux au sens dogmatique du terme (il faut prier pour \u00eatre &#8220;une bonne personne&#8221;, aim\u00e9e du seigneur, etc&#8230;).<\/p>\n<p>Dans les cercles religieux ou spirituels, elle est souvent assimil\u00e9e \u00e0 une demande de nature\u00a0 personnelle, intellectuelle, parfois inspir\u00e9e par la peur ou un besoin \u00e9go\u00efste, ou en lien avec la r\u00e9citation d&#8217;un texte ou la mise en sc\u00e8ne d&#8217;un rituel. Et dans ces cas, elle n&#8217;est g\u00e9n\u00e9ralement pas suivi d&#8217;une r\u00e9ponse, car les conditions scientifiques n\u00e9cessaires au fonctionnement de la pri\u00e8re ne sont pas en application. En cons\u00e9quence, m\u00eame dans les cercles religieux ou spirituels, peu de gens comprennent et croient vraiment en l&#8217;op\u00e9ration de la pri\u00e8re en tant que loi math\u00e9matique et invariable. Et on se satisfait du caract\u00e8re imp\u00e9n\u00e9trable et miraculeux d&#8217;une pri\u00e8re soudainement exhauss\u00e9e, sans en comprendre le fonctionnement.<\/p>\n<p>La v\u00e9rit\u00e9 est que la pri\u00e8re est une op\u00e9ration ultra complexe de l&#8217;\u00e2me humaine, un processus de nature \u00e9motionnel, math\u00e9matique et scientifique, par lequel l&#8217;\u00e2me humaine qui prie, bien que finie et limit\u00e9e, est capable d&#8217;entrer instantan\u00e9ment en connexion avec celle de Dieu, \u00e2me infinie situ\u00e9e en dehors de notre univers mat\u00e9riel, \u00e0 des milliards d&#8217;ann\u00e9es lumi\u00e8re de distance.<\/p>\n<p>Pour que cette connexion puisse se produire, certains crit\u00e8res doivent \u00eatre d&#8217;application, et quand c&#8217;est le cas, la connexion s&#8217;\u00e9tablit invariablement instantan\u00e9ment, qu&#8217;on en soit conscient ou pas. Ces crit\u00e8res sont:<\/p>\n<ol>\n<li>un d\u00e9sir br\u00fblant de ressentir et recevoir l&#8217;Amour de Dieu (pour les non croyants : si Dieu existe, en tant que Personne\/Parent, et a de l&#8217;Amour \u00e0 nous partager personnellement)<\/li>\n<li>un d\u00e9sir br\u00fblant de recevoir la V\u00e9rit\u00e9 de Dieu, et d&#8217;exprimer la v\u00e9rit\u00e9 de ce que l&#8217;on croit ou ressent<\/li>\n<li>un d\u00e9sir br\u00fblant de ressentir et exp\u00e9rimenter, \u00e0 chaque instant, toutes nos \u00e9motions et sentiments, tant agr\u00e9ables que douloureux<\/li>\n<\/ol>\n<p>Le sujet de mes recherches en cours, est d&#8217;\u00e9tudier statistiquement le processus de connexion en rapport avec la mise en \u0153uvre de ces 3 crit\u00e8res, au sein d&#8217;un \u00e9chantillon repr\u00e9sentatif de personnes, religieuses et non croyantes, pour d\u00e9montrer l&#8217;efficacit\u00e9 invariable de la pri\u00e8re uniquement lorsque ces 3 conditions sont remplies, et la non effectivit\u00e9 de la pri\u00e8re dans tous les autres cas.<\/p>\n<p>Un questionnaire est en cours d&#8217;\u00e9laboration. Il sera d&#8217;abord test\u00e9 aupr\u00e8s d&#8217;un groupe &#8216;test&#8217; avant d&#8217;\u00eatre partag\u00e9 publiquement.<\/p>\n<p>Si vous souhaitez participer \u00e0 cette \u00e9tude en faisant partir du groupe &#8220;test&#8221;, ou par la suite, vous pouvez me contacter \u00e0 <a href=\"mailto:info.veritedivine@gmail.com\">info.veritedivine@gmail.com<\/a><\/p>\n","protected":false},"excerpt":{"rendered":"<p>La pri\u00e8re a g\u00e9n\u00e9ralement mauvaise presse dans notre soci\u00e9t\u00e9, en tout cas, en dehors des cercles religieux. La cause est complexe, et largement en lien avec l&#8217;histoire des religions, et l&#8217;\u00e9ducation des enfants. Il y a aujourd&#8217;hui, dans la soci\u00e9t\u00e9 occidentale, un d\u00e9tachement, scepticisme, voir un rejet, chez beaucoup de gens, par rapport \u00e0 toute&#8230; <\/p>\n","protected":false},"author":9632,"featured_media":0,"parent":0,"menu_order":0,"comment_status":"closed","ping_status":"closed","template":"","meta":{"jetpack_post_was_ever_published":false,"footnotes":""},"class_list":["post-229","page","type-page","status-publish","hentry"],"translation":{"provider":"WPGlobus","version":"3.0.2","language":"pt","enabled_languages":["fr","en","pt"],"languages":{"fr":{"title":true,"content":true,"excerpt":false},"en":{"title":false,"content":false,"excerpt":false},"pt":{"title":false,"content":false,"excerpt":false}}},"jetpack_sharing_enabled":true,"jetpack_shortlink":"https:\/\/wp.me\/P8nQaq-3H","_links":{"self":[{"href":"https:\/\/lecoeuraloeuvre.com\/pt\/wp-json\/wp\/v2\/pages\/229","targetHints":{"allow":["GET"]}}],"collection":[{"href":"https:\/\/lecoeuraloeuvre.com\/pt\/wp-json\/wp\/v2\/pages"}],"about":[{"href":"https:\/\/lecoeuraloeuvre.com\/pt\/wp-json\/wp\/v2\/types\/page"}],"author":[{"embeddable":true,"href":"https:\/\/lecoeuraloeuvre.com\/pt\/wp-json\/wp\/v2\/users\/9632"}],"replies":[{"embeddable":true,"href":"https:\/\/lecoeuraloeuvre.com\/pt\/wp-json\/wp\/v2\/comments?post=229"}],"version-history":[{"count":5,"href":"https:\/\/lecoeuraloeuvre.com\/pt\/wp-json\/wp\/v2\/pages\/229\/revisions"}],"predecessor-version":[{"id":641,"href":"https:\/\/lecoeuraloeuvre.com\/pt\/wp-json\/wp\/v2\/pages\/229\/revisions\/641"}],"wp:attachment":[{"href":"https:\/\/lecoeuraloeuvre.com\/pt\/wp-json\/wp\/v2\/media?parent=229"}],"curies":[{"name":"wp","href":"https:\/\/api.w.org\/{rel}","templated":true}]}}