{"id":2285,"date":"2022-02-27T15:06:13","date_gmt":"2022-02-27T16:06:13","guid":{"rendered":"https:\/\/lecoeuraloeuvre.com\/?page_id=2285"},"modified":"2025-12-04T16:14:13","modified_gmt":"2025-12-04T17:14:13","slug":"tapada-do-castelo","status":"publish","type":"page","link":"https:\/\/lecoeuraloeuvre.com\/pt\/tapada-do-castelo\/","title":{"rendered":"Tapada do Castelo"},"content":{"rendered":"<\/p>\n\n<div class=\"wp-block-image is-style-rounded\">\n<figure class=\"aligncenter size-large is-resized\"><a href=\"https:\/\/i0.wp.com\/lecoeuraloeuvre.com\/wp-content\/uploads\/2022\/07\/IMG_20220529_151117-1-scaled.jpg?ssl=1\"><img data-recalc-dims=\"1\" decoding=\"async\" width=\"1024\" height=\"575\" src=\"https:\/\/i0.wp.com\/lecoeuraloeuvre.com\/wp-content\/uploads\/2022\/07\/IMG_20220529_151117-1-1024x575.jpg?resize=1024%2C575&#038;ssl=1\" alt=\"\" class=\"wp-image-2929\" style=\"width:406px;height:227px\" srcset=\"https:\/\/i0.wp.com\/lecoeuraloeuvre.com\/wp-content\/uploads\/2022\/07\/IMG_20220529_151117-1-scaled.jpg?resize=1024%2C575&amp;ssl=1 1024w, https:\/\/i0.wp.com\/lecoeuraloeuvre.com\/wp-content\/uploads\/2022\/07\/IMG_20220529_151117-1-scaled.jpg?resize=300%2C169&amp;ssl=1 300w, https:\/\/i0.wp.com\/lecoeuraloeuvre.com\/wp-content\/uploads\/2022\/07\/IMG_20220529_151117-1-scaled.jpg?resize=768%2C432&amp;ssl=1 768w, https:\/\/i0.wp.com\/lecoeuraloeuvre.com\/wp-content\/uploads\/2022\/07\/IMG_20220529_151117-1-scaled.jpg?resize=1536%2C863&amp;ssl=1 1536w, https:\/\/i0.wp.com\/lecoeuraloeuvre.com\/wp-content\/uploads\/2022\/07\/IMG_20220529_151117-1-scaled.jpg?resize=2048%2C1151&amp;ssl=1 2048w\" sizes=\"(max-width: 1000px) 100vw, 1000px\" \/><\/a><\/figure>\n<\/div>\n\n\n<p>En f\u00e9vrier 2022, j&#8217;ai achet\u00e9 un terrain agricole dans le centre-est du Portugal, au nord de l&#8217;Alentejo, dans le parc naturel de la Serra de S\u00e3o Mamede.<\/p>\n\n\n\n<p>Aujourd&#8217;hui, ce terrain est devenu une ferme d\u00e9di\u00e9e \u00e0 la restauration de la sant\u00e9 des sols et \u00e0 l&#8217;exp\u00e9rimentation de la production alimentaire, avec un laboratoire et des activit\u00e9s \u00e9ducatives pour la communaut\u00e9 locale.<\/p>\n\n\n\n<p>Vous pouvez nous contacter via notre nouveau site web <a href=\"https:\/\/tapadadocastelo.com\/\">Tapada do Castelo<\/a> pour toute question ou si vous souhaitez visiter la ferme ou faire du b\u00e9n\u00e9volat.<\/p>\n\n\n\n<p>Pierre<\/p>\n\n\n<p>","protected":false},"excerpt":{"rendered":"<p>En f\u00e9vrier 2022, j&#8217;ai achet\u00e9 un terrain agricole dans le centre-est du Portugal, au nord de l&#8217;Alentejo, dans le parc naturel de la Serra de S\u00e3o Mamede. Aujourd&#8217;hui, ce terrain est devenu une ferme d\u00e9di\u00e9e \u00e0 la restauration de la sant\u00e9 des sols et \u00e0 l&#8217;exp\u00e9rimentation de la production alimentaire, avec un laboratoire et des&#8230; <\/p>\n","protected":false},"author":9632,"featured_media":0,"parent":0,"menu_order":0,"comment_status":"closed","ping_status":"closed","template":"","meta":{"jetpack_post_was_ever_published":false,"footnotes":""},"class_list":["post-2285","page","type-page","status-publish","hentry"],"translation":{"provider":"WPGlobus","version":"3.0.2","language":"pt","enabled_languages":["fr","en","pt"],"languages":{"fr":{"title":true,"content":true,"excerpt":false},"en":{"title":true,"content":true,"excerpt":false},"pt":{"title":false,"content":false,"excerpt":false}}},"jetpack_sharing_enabled":true,"jetpack_shortlink":"https:\/\/wp.me\/P8nQaq-AR","_links":{"self":[{"href":"https:\/\/lecoeuraloeuvre.com\/pt\/wp-json\/wp\/v2\/pages\/2285","targetHints":{"allow":["GET"]}}],"collection":[{"href":"https:\/\/lecoeuraloeuvre.com\/pt\/wp-json\/wp\/v2\/pages"}],"about":[{"href":"https:\/\/lecoeuraloeuvre.com\/pt\/wp-json\/wp\/v2\/types\/page"}],"author":[{"embeddable":true,"href":"https:\/\/lecoeuraloeuvre.com\/pt\/wp-json\/wp\/v2\/users\/9632"}],"replies":[{"embeddable":true,"href":"https:\/\/lecoeuraloeuvre.com\/pt\/wp-json\/wp\/v2\/comments?post=2285"}],"version-history":[{"count":41,"href":"https:\/\/lecoeuraloeuvre.com\/pt\/wp-json\/wp\/v2\/pages\/2285\/revisions"}],"predecessor-version":[{"id":18179,"href":"https:\/\/lecoeuraloeuvre.com\/pt\/wp-json\/wp\/v2\/pages\/2285\/revisions\/18179"}],"wp:attachment":[{"href":"https:\/\/lecoeuraloeuvre.com\/pt\/wp-json\/wp\/v2\/media?parent=2285"}],"curies":[{"name":"wp","href":"https:\/\/api.w.org\/{rel}","templated":true}]}}