{"id":220,"date":"2018-01-30T22:35:05","date_gmt":"2018-01-30T23:35:05","guid":{"rendered":"https:\/\/lecoeuraloeuvre.com\/?page_id=220"},"modified":"2021-06-12T20:46:19","modified_gmt":"2021-06-12T21:46:19","slug":"environnement","status":"publish","type":"page","link":"https:\/\/lecoeuraloeuvre.com\/pt\/environnement\/","title":{"rendered":"Environnement"},"content":{"rendered":"<div id=\"attachment_12\" style=\"width: 310px\" class=\"wp-caption aligncenter\"><a href=\"https:\/\/i0.wp.com\/lecoeuraloeuvre.com\/wp-content\/uploads\/2017\/02\/DSCF2746.jpg?ssl=1\"><img data-recalc-dims=\"1\" decoding=\"async\" aria-describedby=\"caption-attachment-12\" class=\"wp-image-12 size-medium\" src=\"https:\/\/i0.wp.com\/lecoeuraloeuvre.com\/wp-content\/uploads\/2017\/02\/DSCF2746-300x225.jpg?resize=300%2C225&#038;ssl=1\" alt=\"\" width=\"300\" height=\"225\" srcset=\"https:\/\/i0.wp.com\/lecoeuraloeuvre.com\/wp-content\/uploads\/2017\/02\/DSCF2746.jpg?resize=300%2C225&amp;ssl=1 300w, https:\/\/i0.wp.com\/lecoeuraloeuvre.com\/wp-content\/uploads\/2017\/02\/DSCF2746.jpg?resize=768%2C576&amp;ssl=1 768w, https:\/\/i0.wp.com\/lecoeuraloeuvre.com\/wp-content\/uploads\/2017\/02\/DSCF2746.jpg?resize=1024%2C768&amp;ssl=1 1024w, https:\/\/i0.wp.com\/lecoeuraloeuvre.com\/wp-content\/uploads\/2017\/02\/DSCF2746.jpg?w=2048&amp;ssl=1 2048w\" sizes=\"(max-width: 300px) 100vw, 300px\" \/><\/a><p id=\"caption-attachment-12\" class=\"wp-caption-text\">Plantations rev\u00e9g\u00e9talisation sur mine (Kaala Gomen, NC)<\/p><\/div>\n<p>Rev\u00e9g\u00e9talisation, reforestation, r\u00e9paration de l\u2019environnement en milieu d\u00e9grad\u00e9 par les activit\u00e9s de l&#8217;homme (b\u00e9tail, mine, agriculture intensive, etc);<\/p>\n<p>Plantations de plantes destin\u00e9s \u00e0 la rev\u00e9g\u00e9talisation en p\u00e9pini\u00e8re<\/p>\n<p>Installation des tunnels et de l&#8217;arrosage automatique<\/p>\n<h3><strong>Comment cr\u00e9er des \u00e9cosyst\u00e8mes aimants ?<\/strong><\/h3>\n\n\n<figure class=\"wp-block-embed is-type-video is-provider-youtube wp-block-embed-youtube wp-embed-aspect-16-9 wp-has-aspect-ratio\"><div class=\"wp-block-embed__wrapper\">\n<span class=\"embed-youtube\" style=\"text-align:center; display: block;\"><iframe class=\"youtube-player\" width=\"640\" height=\"360\" src=\"https:\/\/www.youtube.com\/embed\/ndtLmM20hH4?version=3&#038;rel=1&#038;showsearch=0&#038;showinfo=1&#038;iv_load_policy=1&#038;fs=1&#038;hl=pt-PT&#038;autohide=2&#038;start=292&#038;wmode=transparent\" allowfullscreen=\"true\" style=\"border:0;\" sandbox=\"allow-scripts allow-same-origin allow-popups allow-presentation allow-popups-to-escape-sandbox\"><\/iframe><\/span>\n<\/div><\/figure>\n\n\n\n<figure class=\"wp-block-embed is-type-video is-provider-youtube wp-block-embed-youtube wp-embed-aspect-16-9 wp-has-aspect-ratio\"><div class=\"wp-block-embed__wrapper\">\n<span class=\"embed-youtube\" style=\"text-align:center; display: block;\"><iframe class=\"youtube-player\" width=\"640\" height=\"360\" src=\"https:\/\/www.youtube.com\/embed\/f7kJrBx5jrY?version=3&#038;rel=1&#038;showsearch=0&#038;showinfo=1&#038;iv_load_policy=1&#038;fs=1&#038;hl=pt-PT&#038;autohide=2&#038;wmode=transparent\" allowfullscreen=\"true\" style=\"border:0;\" sandbox=\"allow-scripts allow-same-origin allow-popups allow-presentation allow-popups-to-escape-sandbox\"><\/iframe><\/span>\n<\/div><\/figure>\n","protected":false},"excerpt":{"rendered":"<p>Rev\u00e9g\u00e9talisation, reforestation, r\u00e9paration de l\u2019environnement en milieu d\u00e9grad\u00e9 par les activit\u00e9s de l&#8217;homme (b\u00e9tail, mine, agriculture intensive, etc); Plantations de plantes destin\u00e9s \u00e0 la rev\u00e9g\u00e9talisation en p\u00e9pini\u00e8re Installation des tunnels et de l&#8217;arrosage automatique Comment cr\u00e9er des \u00e9cosyst\u00e8mes aimants ?<\/p>\n","protected":false},"author":9632,"featured_media":0,"parent":0,"menu_order":0,"comment_status":"closed","ping_status":"closed","template":"","meta":{"jetpack_post_was_ever_published":false,"footnotes":""},"class_list":["post-220","page","type-page","status-publish","hentry"],"translation":{"provider":"WPGlobus","version":"3.0.2","language":"pt","enabled_languages":["fr","en","pt"],"languages":{"fr":{"title":true,"content":true,"excerpt":false},"en":{"title":false,"content":false,"excerpt":false},"pt":{"title":false,"content":false,"excerpt":false}}},"jetpack_sharing_enabled":true,"jetpack_shortlink":"https:\/\/wp.me\/P8nQaq-3y","_links":{"self":[{"href":"https:\/\/lecoeuraloeuvre.com\/pt\/wp-json\/wp\/v2\/pages\/220","targetHints":{"allow":["GET"]}}],"collection":[{"href":"https:\/\/lecoeuraloeuvre.com\/pt\/wp-json\/wp\/v2\/pages"}],"about":[{"href":"https:\/\/lecoeuraloeuvre.com\/pt\/wp-json\/wp\/v2\/types\/page"}],"author":[{"embeddable":true,"href":"https:\/\/lecoeuraloeuvre.com\/pt\/wp-json\/wp\/v2\/users\/9632"}],"replies":[{"embeddable":true,"href":"https:\/\/lecoeuraloeuvre.com\/pt\/wp-json\/wp\/v2\/comments?post=220"}],"version-history":[{"count":6,"href":"https:\/\/lecoeuraloeuvre.com\/pt\/wp-json\/wp\/v2\/pages\/220\/revisions"}],"predecessor-version":[{"id":1827,"href":"https:\/\/lecoeuraloeuvre.com\/pt\/wp-json\/wp\/v2\/pages\/220\/revisions\/1827"}],"wp:attachment":[{"href":"https:\/\/lecoeuraloeuvre.com\/pt\/wp-json\/wp\/v2\/media?parent=220"}],"curies":[{"name":"wp","href":"https:\/\/api.w.org\/{rel}","templated":true}]}}