{"id":217,"date":"2018-01-30T22:34:10","date_gmt":"2018-01-30T23:34:10","guid":{"rendered":"https:\/\/lecoeuraloeuvre.com\/?page_id=217"},"modified":"2024-04-08T10:26:06","modified_gmt":"2024-04-08T11:26:06","slug":"terpailleco","status":"publish","type":"page","link":"https:\/\/lecoeuraloeuvre.com\/pt\/terpailleco\/","title":{"rendered":"Terpaille&#038;Co- Terralma Marvao"},"content":{"rendered":"<p><strong>Ma\u00e7onnerie en \u00e9coconstruction<\/strong><\/p>\n<p><a href=\"https:\/\/i0.wp.com\/lecoeuraloeuvre.com\/wp-content\/uploads\/2018\/10\/Lecoeuraloeuvre.jpg?ssl=1\"><img data-recalc-dims=\"1\" decoding=\"async\" class=\"size-medium wp-image-656 aligncenter\" src=\"https:\/\/i0.wp.com\/lecoeuraloeuvre.com\/wp-content\/uploads\/2018\/10\/Lecoeuraloeuvre-300x300.jpg?resize=300%2C300&#038;ssl=1\" alt=\"\" width=\"300\" height=\"300\" srcset=\"https:\/\/i0.wp.com\/lecoeuraloeuvre.com\/wp-content\/uploads\/2018\/10\/Lecoeuraloeuvre.jpg?resize=300%2C300&amp;ssl=1 300w, https:\/\/i0.wp.com\/lecoeuraloeuvre.com\/wp-content\/uploads\/2018\/10\/Lecoeuraloeuvre.jpg?resize=150%2C150&amp;ssl=1 150w, https:\/\/i0.wp.com\/lecoeuraloeuvre.com\/wp-content\/uploads\/2018\/10\/Lecoeuraloeuvre.jpg?resize=768%2C768&amp;ssl=1 768w, https:\/\/i0.wp.com\/lecoeuraloeuvre.com\/wp-content\/uploads\/2018\/10\/Lecoeuraloeuvre.jpg?resize=1024%2C1024&amp;ssl=1 1024w, https:\/\/i0.wp.com\/lecoeuraloeuvre.com\/wp-content\/uploads\/2018\/10\/Lecoeuraloeuvre.jpg?w=2000&amp;ssl=1 2000w\" sizes=\"(max-width: 300px) 100vw, 300px\" \/><\/a><\/p>\n<p>Terpaille<span style=\"color: #008000;\"><strong>&amp;Co<\/strong><\/span> est une enseigne inscrite en France au R\u00e9gistre de commerce (nr. Siren 847 992 575), et Terralma Marvao est une activit\u00e9 inscrite au Portugal (NIF 306661985), sp\u00e9cialis\u00e9e dans la ma\u00e7onnerie en <span style=\"color: #008000;\"><strong>\u00e9co<\/strong><\/span>construction.<\/p>\n<p>Nous veillons \u00e0 utiliser, en priorit\u00e9s, des mat\u00e9riaux locaux, biosourc\u00e9s, peu ou non polluants pour la plan\u00e8te, \u00e0 faible \u00e9nergie grise, et recyclables afin de construire des beaux ouvrages qui durent plus longtemps que les constructions modernes tout en r\u00e9pondant aux normes thermiques actuelles (RT2012, RT2020). Les constructions en bottes de paille avec des enduits \u00e0 la terre sont exceptionnelles au niveau qualit\u00e9 environnementale, durabilit\u00e9 et confort thermique.<\/p>\n<p>Dipl\u00f4m\u00e9 Ma\u00e7on en \u00e9coconstruction en 2018, je collabore avec d&#8217;autres artisans sp\u00e9cialis\u00e9s dans l&#8217;\u00e9coconstruction pour les chantiers qui requirent de multiples expertises techniques et du travail en \u00e9quipe.<\/p>\n<p>Les domaines d&#8217;intervention sont :<\/p>\n<h2>Enduits et d\u00e9coration<\/h2>\n<ul>\n<li>Enduits int\u00e9rieurs et ext\u00e9rieurs \u00e0 l&#8217;argile et \u00e0 la chaux<\/li>\n<li>Enduits correcteur thermiques \u00e0 l&#8217;argile et b\u00e9ton de chanvre<\/li>\n<li>Enduits d\u00e9coratifs \u00e0 l&#8217;argile et \u00e0 la chaux pour cuisine et salle de bain<\/li>\n<li>Tadelakt traditionnel, moderne et stucco<\/li>\n<li>Sgraffito et sculpture sur enduit \u00e0 l&#8217;argile<\/li>\n<li>Badigeons et peintures naturelles<\/li>\n<\/ul>\n<h2>Ma\u00e7onnerie<\/h2>\n<ul>\n<li>Murs ossature bois avec remplissage en bottes de paille<\/li>\n<li>Murs en pierre naturelle<\/li>\n<li>Murs en briques de terre crue (adobe, brique de terre compress\u00e9e BTC, brique fil\u00e9e)<\/li>\n<li>Murs en terre crue (torchis, bauge)<\/li>\n<li>Cloisons int\u00e9rieures en terre all\u00e9g\u00e9e (paille, chanvre, copeaux de bois, &#8230;)<\/li>\n<\/ul>\n<h2>Aide \u00e0 la mise en \u0153uvre<\/h2>\n<ul>\n<li>Fondations cyclop\u00e9ennes<\/li>\n<li>Dalles \u00e0 l&#8217;argile, en b\u00e9ton de chaux-chanvre ou chaux-pouzzolane<\/li>\n<li>Restauration, r\u00e9habilitation et r\u00e9novation du b\u00e2ti ancien<\/li>\n<li>Ma\u00e7onnerie de po\u00eales et chemin\u00e9es<\/li>\n<li>Toitures v\u00e9g\u00e9talis\u00e9es<\/li>\n<li>Bassins de phyto\u00e9puration (filtration des eaux us\u00e9es par les plantes)<\/li>\n<li>Construction de cabanes, cabanons et tiny houses<\/li>\n<\/ul>\n<h2>Autres<\/h2>\n<ul>\n<li>Vente de mat\u00e9riaux \u00e9cologiques<\/li>\n<li>Formations et chantiers participatifs<\/li>\n<li>Conseils<\/li>\n<\/ul>\n<h3>Contact: terpailleco@gmail.com (France) \/ Terralmarvao@gmail.com (Portugal)<\/h3>\n<h3>Voir les <a href=\"https:\/\/lecoeuraloeuvre.com\/realisations\/\">R\u00e9alisations<\/a><\/h3>\n","protected":false},"excerpt":{"rendered":"<p>Ma\u00e7onnerie en \u00e9coconstruction Terpaille&amp;Co est une enseigne inscrite en France au R\u00e9gistre de commerce (nr. Siren 847 992 575), et Terralma Marvao est une activit\u00e9 inscrite au Portugal (NIF 306661985), sp\u00e9cialis\u00e9e dans la ma\u00e7onnerie en \u00e9coconstruction. Nous veillons \u00e0 utiliser, en priorit\u00e9s, des mat\u00e9riaux locaux, biosourc\u00e9s, peu ou non polluants pour la plan\u00e8te, \u00e0 faible&#8230; <\/p>\n","protected":false},"author":9632,"featured_media":0,"parent":0,"menu_order":0,"comment_status":"closed","ping_status":"closed","template":"","meta":{"jetpack_post_was_ever_published":false,"footnotes":""},"class_list":["post-217","page","type-page","status-publish","hentry"],"translation":{"provider":"WPGlobus","version":"3.0.2","language":"pt","enabled_languages":["fr","en","pt"],"languages":{"fr":{"title":true,"content":true,"excerpt":false},"en":{"title":true,"content":true,"excerpt":false},"pt":{"title":false,"content":false,"excerpt":false}}},"jetpack_sharing_enabled":true,"jetpack_shortlink":"https:\/\/wp.me\/P8nQaq-3v","_links":{"self":[{"href":"https:\/\/lecoeuraloeuvre.com\/pt\/wp-json\/wp\/v2\/pages\/217","targetHints":{"allow":["GET"]}}],"collection":[{"href":"https:\/\/lecoeuraloeuvre.com\/pt\/wp-json\/wp\/v2\/pages"}],"about":[{"href":"https:\/\/lecoeuraloeuvre.com\/pt\/wp-json\/wp\/v2\/types\/page"}],"author":[{"embeddable":true,"href":"https:\/\/lecoeuraloeuvre.com\/pt\/wp-json\/wp\/v2\/users\/9632"}],"replies":[{"embeddable":true,"href":"https:\/\/lecoeuraloeuvre.com\/pt\/wp-json\/wp\/v2\/comments?post=217"}],"version-history":[{"count":22,"href":"https:\/\/lecoeuraloeuvre.com\/pt\/wp-json\/wp\/v2\/pages\/217\/revisions"}],"predecessor-version":[{"id":16774,"href":"https:\/\/lecoeuraloeuvre.com\/pt\/wp-json\/wp\/v2\/pages\/217\/revisions\/16774"}],"wp:attachment":[{"href":"https:\/\/lecoeuraloeuvre.com\/pt\/wp-json\/wp\/v2\/media?parent=217"}],"curies":[{"name":"wp","href":"https:\/\/api.w.org\/{rel}","templated":true}]}}