{"id":213,"date":"2018-01-30T22:29:40","date_gmt":"2018-01-30T23:29:40","guid":{"rendered":"https:\/\/lecoeuraloeuvre.com\/?page_id=213"},"modified":"2022-06-28T15:48:18","modified_gmt":"2022-06-28T16:48:18","slug":"principes-de-dieu","status":"publish","type":"page","link":"https:\/\/lecoeuraloeuvre.com\/pt\/principes-de-dieu\/","title":{"rendered":"Principes de Dieu"},"content":{"rendered":"<p class=\"p1\">Gouvern\u00e9s par le Caract\u00e8re, les Attributs, la Nature et les D\u00e9sirs de Dieu, les Principes de Dieu forment un cadre pour les Lois de Dieu dans l&#8217;univers. Chaque Loi est gouvern\u00e9e par les principes, et accomplit donc automatiquement les buts et objectifs des principes.<\/p>\n<p>L&#8217;univers entier, chaque cr\u00e9ature de l&#8217;univers, y compris l&#8217;homme, est gouvern\u00e9 par les Lois de Dieu, sous l&#8217;autorit\u00e9 supr\u00eame de Dieu, le Cr\u00e9ateur, peu importe qu&#8217;on connaisse ou ignore Dieu. Dieu a cr\u00e9\u00e9 des lois math\u00e9matiques et scientifiques qui gouvernent en permanence l&#8217;univers mat\u00e9riel des cr\u00e9ations physiques telles que le corps humain, mais aussi les univers spirituels des cr\u00e9ations spirituelles telles que le corps spirituel, et les univers \u00e9motionnels sp\u00e9cifiques \u00e0 l&#8217;\u00e2me humaine, la plus haute cr\u00e9ation de l&#8217;univers. Ce sont toutes des lois d&#8217;Amour qui assurent la maintenance de l&#8217;univers, et d\u00e9terminent les capacit\u00e9s, le pouvoir, et le potentiel de chaque cr\u00e9ation et cr\u00e9ature de l&#8217;univers, sans aucun besoin ni d\u00e9sir d&#8217;intervention de la part du Cr\u00e9ateur.<\/p>\n<p>Les enseignements de <a href=\"https:\/\/lecoeuraloeuvre.com\/verite-divine\/\" target=\"_blank\" rel=\"noopener\">Divine Truth<\/a> expliquent comment d\u00e9couvrir les Principes des Lois de Dieu d&#8217;une mani\u00e8re plus efficace et rapide que de rechercher chaque loi individuelle par la m\u00e9thode scientifique de recherche par exp\u00e9rimentation, erreurs et t\u00e2tonnements : par le d\u00e9veloppement d&#8217;une relation personnelle avec Dieu.<\/p>\n<p>Comprendre les Principes et Lois de Dieu requiert de suivre \u00ab\u00a0Le Chemin de Dieu\u00a0\u00bb. Sans transformation au niveau de l\u2019\u00e2me humaine, la capacit\u00e9 intellectuelle de l\u2019esprit, et la capacit\u00e9 \u00e9motionnelle de l\u2019\u00e2me restent limit\u00e9es, finies, illogiques et incapables de comprendre la Sagesse infinie de Dieu, Ses Principes et Ses Lois. J\u00e9sus a partag\u00e9 quelques principes dans l\u2019espoir d\u2019inspirer les gens sur le chemin de d\u00e9couverte des Lois de Dieu, et de la nature de Dieu. Plus d\u2019information sur les Principes de Dieu peut \u00eatre trouv\u00e9 sur le site de Divine Truth, <a href=\"http:\/\/www.divinetruth.com\" target=\"_blank\" rel=\"noopener\">www.divinetruth.com<\/a> sous \u00ab\u00a0Assistance group\u00a0\u00bb Ressources \u00ab\u00a0<a href=\"https:\/\/www.youtube.com\/watch?v=KCbWFW0nz80&amp;list=PL4VN7gKEa2bQaKFtHjctZtHU0zpuXoqbl&amp;index=2\" target=\"_blank\" rel=\"noopener\"><strong>Understanding God\u2019s<\/strong><strong> Loving Laws <\/strong><\/a>\u00bb. Le r\u00e9sum\u00e9 peut \u00eatre t\u00e9l\u00e9charg\u00e9 (en anglais) sur le lien suivant\u00a0(cliquez sur <em>Documents<\/em>) : <a href=\"https:\/\/www.divinetruth.com\/docts\/2016\/20161118-1830-1830-jesmm-dt-agp-leugll--Outlines--en-document.pdf\" target=\"_blank\" rel=\"noopener\">lien<\/a>.<\/p>\n<p>Chaque Loi est fond\u00e9e sur de grands principes, et affecte directement le bonheur individuel et collectif de l&#8217;humanit\u00e9 dans le sens o\u00f9, quand elle est ob\u00e9ie, volontairement ou dans l&#8217;ignorance, elle cr\u00e9e une compensation positive joyeuse sur l&#8217;individu avec un effet positif sur la communaut\u00e9, et quand elle est viol\u00e9e, volontairement ou dans l&#8217;ignorance, elle cr\u00e9e une correction douloureuse sur l&#8217;individu avec un effet n\u00e9gatif sur la communaut\u00e9.<\/p>\n<p>Quelques-uns des principaux Principes peuvent \u00eatre regroup\u00e9s en classes dans le but de les examiner :<\/p>\n<h2><strong>1. Principes Fondamentaux\u00a0:<\/strong><\/h2>\n<p>Ces principes forment la fondation de l&#8217;univers-m\u00eame, et nous permettent aussi d&#8217;obtenir quelques faits de base sur Dieu et Sa personnalit\u00e9, Nature, Ses Attributs, Caract\u00e9ristiques et d\u00e9sirs.<\/p>\n<table style=\"height: 180px;\" width=\"841\">\n<tbody>\n<tr>\n<td width=\"445\"><strong>Principes d\u2019Amour<\/strong><\/td>\n<\/tr>\n<tr>\n<td width=\"445\">\n<ul>\n<li>Assure que l\u2019Amour gouverne tous les autres Principes de Dieu<\/li>\n<li>Assure que l\u2019Amour soit renforc\u00e9, obligatoire et maintenu dans toutes les Lois de Dieu<\/li>\n<li>Assure que toutes les cr\u00e9ations de Dieu exp\u00e9rimentent l\u2019Amour de Dieu \u00e0 diff\u00e9rents degr\u00e9s<\/li>\n<li>Assure que toutes les cr\u00e9ations de Dieu d\u00e9montrent et facilitent le flux de l\u2019Amour de Dieu en tant que principe<\/li>\n<li>Permet le potentiel que l\u2019\u00e2me humaine entre dans une relation bas\u00e9e sur l\u2019amour avec Dieu<\/li>\n<\/ul>\n<\/td>\n<\/tr>\n<\/tbody>\n<\/table>\n<table style=\"height: 185px;\" width=\"839\">\n<tbody>\n<tr>\n<td width=\"444\"><strong>Principes de V\u00e9rit\u00e9<\/strong><\/td>\n<\/tr>\n<tr>\n<td width=\"444\">\n<ul>\n<li>Assure que la V\u00e9rit\u00e9 de Dieu soit inextricablement jointe \u00e0 l\u2019Amour de Dieu en tant que le plus \u00e9lev\u00e9 des principes<\/li>\n<li>Assure que la V\u00e9rit\u00e9 de Dieu soit renforc\u00e9e et obligatoire<\/li>\n<li>Assure que tout cr\u00e9ation vive dans le cadre de fait math\u00e9matique, scientifique, spirituel et \u00e9motionnel<\/li>\n<li>Assure pr\u00e9cision et certitude dans la fabrication et le cadre de la cr\u00e9ation<\/li>\n<\/ul>\n<\/td>\n<\/tr>\n<\/tbody>\n<\/table>\n<table style=\"height: 178px;\" width=\"847\">\n<tbody>\n<tr>\n<td width=\"444\"><strong>Principes de Vie<\/strong><\/td>\n<\/tr>\n<tr>\n<td width=\"444\">\n<ul>\n<li>Permet \u00e0 l\u2019\u00e9nergie de Dieu d\u2019\u00eatre donn\u00e9e aux cr\u00e9atures vivantes<\/li>\n<li>Assure que l\u2019\u00e9nergie de vie soit transf\u00e9r\u00e9e pendant la procr\u00e9ation<\/li>\n<li>Vise \u00e0 ce que la vie soit promue, nourrie, respect\u00e9e et support\u00e9e<\/li>\n<li>Assure que le d\u00e9s\u00e9quilibre soit emp\u00each\u00e9 et r\u00e9par\u00e9<\/li>\n<li>Assure que la mati\u00e8re qui \u00ab\u00a0meurt\u00a0\u00bb soit transform\u00e9e pour promouvoir la vie<\/li>\n<\/ul>\n<\/td>\n<\/tr>\n<\/tbody>\n<\/table>\n<table style=\"height: 227px;\" width=\"843\">\n<tbody>\n<tr>\n<td width=\"444\"><strong>Principes de D\u00e9veloppement<\/strong><\/td>\n<\/tr>\n<tr>\n<td width=\"444\">\n<ul>\n<li>Assure qu\u2019un changement expansif soit impos\u00e9 \u00e0 toute mati\u00e8re<\/li>\n<li>Assure que la croissance soit support\u00e9e, encourag\u00e9e et maintenue<\/li>\n<li>Assure que le d\u00e9veloppement positif et l\u2019\u00e9volution se produisent pour toute mati\u00e8re<\/li>\n<li>Assure que des capacit\u00e9s sup\u00e9rieures puissent se d\u00e9velopper dans la cr\u00e9ation<\/li>\n<li>Assure l\u2019auto-d\u00e9termination de l\u2019\u00e2me humaine<\/li>\n<li>Assure qu\u2019une condition d\u2019amour am\u00e9lior\u00e9e se d\u00e9veloppe au cours du temps<\/li>\n<li>Permet \u00e0 la vie de s\u2019adapter aux environnements destructifs cr\u00e9\u00e9s par les humains<\/li>\n<\/ul>\n<\/td>\n<\/tr>\n<\/tbody>\n<\/table>\n<table style=\"height: 165px;\" width=\"841\">\n<tbody>\n<tr>\n<td width=\"444\"><strong>Principes d\u2019\u00c9conomie<\/strong><\/td>\n<\/tr>\n<tr>\n<td width=\"444\">\n<ul>\n<li>Assure une valeur \u00e9gale de ressources (temps, mati\u00e8re et \u00e9nergie) dans toutes les cr\u00e9ations de Dieu<\/li>\n<li>Assure l\u2019utilisation \u00e9conomique de ressources pour cr\u00e9er de la fonction dans toutes les cr\u00e9ations de Dieu<\/li>\n<li>Assure l\u2019automatisation des lois et cr\u00e9ations (pas besoin d\u2019entretien externe)<\/li>\n<li>Assure que les Principes d\u2019\u00c9conomie soient incorpor\u00e9s dans la cr\u00e9ation et la loi<\/li>\n<\/ul>\n<\/td>\n<\/tr>\n<\/tbody>\n<\/table>\n<table style=\"height: 224px;\" width=\"841\">\n<tbody>\n<tr>\n<td width=\"444\"><strong>Principes de Fonction<\/strong><\/td>\n<\/tr>\n<tr>\n<td width=\"444\">\n<ul>\n<li>Assure une valeur \u00e9gale de r\u00e9sultat (r\u00e9sultats, beaut\u00e9, et utilisation des ressources de temps, mati\u00e8re et \u00e9nergie) dans toutes les cr\u00e9ations de Dieu<\/li>\n<li>Assure que chacune des Lois et cr\u00e9ations de Dieu ait de multiples fonctions automatiquement remplies<\/li>\n<li>Assure l\u2019utilisation \u00e9conomique des ressources pour cr\u00e9er de la multifonctionnalit\u00e9 dans toutes les cr\u00e9ations de Dieu<\/li>\n<li>Assure l\u2019automatisation de fonction et de r\u00e9sultat<\/li>\n<li>Assure que la cr\u00e9ation \u00ab\u00a0d\u00e9sire\u00a0\u00bb instinctivement remplir les r\u00e9sultats<\/li>\n<\/ul>\n<\/td>\n<\/tr>\n<\/tbody>\n<\/table>\n<table style=\"height: 160px;\" width=\"840\">\n<tbody>\n<tr>\n<td width=\"444\"><strong>Principes de Permanence<\/strong><\/td>\n<\/tr>\n<tr>\n<td width=\"444\">\n<ul>\n<li>Assure que les Lois de Dieu soient immuables, constantes, permanentes et en application automatique<\/li>\n<li>Assure que les Lois de Dieu soient structur\u00e9es, v\u00e9rifiables et math\u00e9matiques<\/li>\n<li>Assure que les Lois de Dieu soient mesurables, quantifiables et observables<\/li>\n<li>Assure que les cr\u00e9ations de Dieu aient la s\u00e9curit\u00e9 et la pr\u00e9visibilit\u00e9 dans l\u2019univers<\/li>\n<\/ul>\n<\/td>\n<\/tr>\n<\/tbody>\n<\/table>\n<table style=\"height: 206px;\" width=\"839\">\n<tbody>\n<tr>\n<td width=\"444\"><strong>Principes de Champs d\u2019Application<\/strong><\/td>\n<\/tr>\n<tr>\n<td width=\"444\">\n<ul>\n<li>Assure que des r\u00e8gles intrins\u00e8ques soient plac\u00e9es dans chaque cr\u00e9ation (exemple\u00a0: g\u00e9n\u00e9tique)<\/li>\n<li>Assure que les r\u00e8gles intrins\u00e8ques d\u00e9terminent les potentiels, le flux \u00e9nerg\u00e9tique et les propri\u00e9t\u00e9s de la cr\u00e9ation<\/li>\n<li>Assure que les r\u00e8gles externes affectent les propri\u00e9t\u00e9s et l\u2019\u00e9nergie de chaque cr\u00e9ation<\/li>\n<li>Assure que les r\u00e8gles externes permettent l\u2019expansion des propri\u00e9t\u00e9s et de l\u2019\u00e9nergie de chaque cr\u00e9ation<\/li>\n<li>Assure que les r\u00e8gles externes permettent de nouvelles lois et cr\u00e9ations<\/li>\n<li>Assure que les r\u00e8gles externes contr\u00f4lent le flux d\u2019\u00e9nergie entre les cr\u00e9ations<\/li>\n<\/ul>\n<\/td>\n<\/tr>\n<\/tbody>\n<\/table>\n<h2><strong>2. Principes d\u2019Ordonnancement<\/strong><\/h2>\n<p>Ces principes concernent la place de l&#8217;\u00e2me humaine dans l&#8217;univers, comment elle affecte l&#8217;univers-m\u00eame et les cr\u00e9ations inf\u00e9rieures dans l&#8217;univers, et le r\u00f4le de l&#8217;\u00e2me humaine dans l&#8217;univers.<\/p>\n<table style=\"height: 160px;\" width=\"835\">\n<tbody>\n<tr>\n<td width=\"444\"><strong>Principes de Hi\u00e9rarchie<\/strong><\/td>\n<\/tr>\n<tr>\n<td width=\"444\">\n<ul>\n<li>D\u00e9termine la hi\u00e9rarchie de loi selon la complexit\u00e9 de chaque loi<\/li>\n<li>D\u00e9termine la hi\u00e9rarchie de cr\u00e9ation selon la complexit\u00e9 de chaque cr\u00e9ation<\/li>\n<li>Assure qu\u2019une cr\u00e9ation plus complexe soit gouvern\u00e9e par des lois plus complexes<\/li>\n<li>Assure que les plus hautes cr\u00e9ations et lois exercent plus de pouvoir, ont plus d\u2019\u00e9nergie et des propri\u00e9t\u00e9s plus complexes<\/li>\n<\/ul>\n<\/td>\n<\/tr>\n<\/tbody>\n<\/table>\n<table style=\"height: 162px;\" width=\"841\">\n<tbody>\n<tr>\n<td width=\"444\"><strong>Principes de Gouvernance<\/strong><\/td>\n<\/tr>\n<tr>\n<td width=\"444\">\n<ul>\n<li>Assure que tout soit sous l\u2019autorit\u00e9 de Dieu<\/li>\n<li>Assure que les Lois de Dieu contr\u00f4lent et gouvernent toute la cr\u00e9ation<\/li>\n<li>Assure que les Lois de Dieu permettent aux \u00e2mes humaines de partager la gouvernance. Chaque \u00e2me humaine gouverne automatiquement mais le pouvoir de gouvernance est d\u00e9termin\u00e9 par le d\u00e9veloppement (degr\u00e9 d&#8217;harmonie avec les Lois de Dieu)<\/li>\n<\/ul>\n<\/td>\n<\/tr>\n<\/tbody>\n<\/table>\n<table style=\"height: 360px;\" width=\"839\">\n<tbody>\n<tr>\n<td width=\"444\"><strong>Principes de Responsabilit\u00e9<\/strong><\/td>\n<\/tr>\n<tr>\n<td width=\"444\">\n<ul>\n<li>Force l\u2019humain \u00e0 \u00eatre responsable<\/li>\n<li>Encourage l\u2019humain \u00e0 d\u00e9sirer l\u2019auto-responsabilit\u00e9<\/li>\n<li>Permet \u00e0 Dieu de r\u00e9compenser la vraie auto-responsabilit\u00e9 avec la responsabilit\u00e9 de r\u00f4le. (La responsabilit\u00e9 de r\u00f4le est un cadeau compensatoire donn\u00e9 \u00e0 ceux qui sont auto-responsables)<\/li>\n<\/ul>\n<p><strong>Auto-responsabilit\u00e9\u00a0:<\/strong><\/p>\n<p>L\u2019auto-responsabilit\u00e9 est l\u2019exigence de conscience de soi impos\u00e9e par la loi, de rechercher la v\u00e9rit\u00e9, l\u2019amour et la compr\u00e9hension de tous les principes d\u2019Amour et de la loi, et la prise de responsabilit\u00e9 et l\u2019expression aimante de notre volont\u00e9, d\u00e9sir, passion, \u00e9motion, attitudes, intentions, pens\u00e9es et actions en harmonie avec les Principes de Dieu et les lois.<\/p>\n<p>Un niveau de responsabilit\u00e9 personnelle est mesur\u00e9 par Dieu, non pas comme l\u2019expression parfaite de l\u2019humilit\u00e9, de l\u2019amour ou du d\u00e9sir pour la v\u00e9rit\u00e9, mais par le <strong><em>d\u00e9sir sinc\u00e8re<\/em><\/strong> d\u2019atteindre cet \u00e9tat.<\/td>\n<\/tr>\n<\/tbody>\n<\/table>\n<table style=\"height: 208px;\" width=\"839\">\n<tbody>\n<tr>\n<td width=\"444\"><strong>Principes de Compensation<\/strong><\/td>\n<\/tr>\n<tr>\n<td width=\"444\">\n<ul>\n<li>Vise \u00e0 \u00e9duquer l\u2019\u00e2me humaine \u00e0 propos du concept de p\u00e9ch\u00e9<\/li>\n<li>Assure que la compensation (r\u00e9compense ou correction) soit procur\u00e9e \u00e0 l\u2019\u00e2me<\/li>\n<li>Assure que l\u2019auto-responsabilit\u00e9 soit la mesure de la compensation<\/li>\n<li>Force la plus haute cr\u00e9ation (les \u00e2mes humaines) \u00e0 \u00eatre responsable et tenue comme responsable<\/li>\n<li>Compense de mani\u00e8re constante et pr\u00e9visible en fonction du niveau d\u2019auto-responsabilit\u00e9 de l\u2019\u00e2me, que l\u2019environnement externe soit affect\u00e9 ou pas<\/li>\n<\/ul>\n<\/td>\n<\/tr>\n<\/tbody>\n<\/table>\n<h2><strong>3. Principes Sp\u00e9cifiques \u00e0 l&#8217;\u00c2me<\/strong><\/h2>\n<p>Ces Principes d\u00e9terminent les Lois gouvernant le potentiel de l&#8217;\u00e2me humaine dans l&#8217;univers, et comment l&#8217;\u00e2me humaine progresse ou \u00e9volue, ou r\u00e9gresse dans l&#8217;univers.<\/p>\n<table style=\"height: 281px;\" width=\"840\">\n<tbody>\n<tr>\n<td width=\"444\"><strong>Principes de Volont\u00e9<\/strong><\/td>\n<\/tr>\n<tr>\n<td width=\"444\">La volont\u00e9 humaine est l&#8217;expression personnelle sinc\u00e8re du cadeau de libre arbitre, est d\u00e9termin\u00e9e par la condition \u00e9motionnelle actuelle de l&#8217;\u00e2me, est d\u00e9velopp\u00e9e par le d\u00e9sir, est mesur\u00e9e par son harmonie relative avec les Principes de Dieu, et dirige les pens\u00e9es, croyances, attitudes, actions, permissions d&#8217;inspiration et r\u00e9ponses aux m\u00e9moires de l&#8217;individu\u00a0:<\/p>\n<ul>\n<li>Assure que les lois r\u00e9pondent \u00e0 la volont\u00e9 des humains<\/li>\n<li>Assure que les lois satisfassent la volont\u00e9 utilis\u00e9e en harmonie avec l\u2019Amour de Dieu, et corrigent la volont\u00e9 utilis\u00e9e en disharmonie avec l\u2019amour de Dieu<\/li>\n<li>Donne le pouvoir et la joie \u00e0 la Plus Haute Cr\u00e9ation de Dieu (les \u00e2mes humaines) de cr\u00e9er ind\u00e9pendamment, de gouverner, d\u2019\u00eatre responsable, compens\u00e9 et sauv\u00e9<\/li>\n<\/ul>\n<\/td>\n<\/tr>\n<\/tbody>\n<\/table>\n<table style=\"height: 301px;\" width=\"830\">\n<tbody>\n<tr>\n<td width=\"444\"><strong>Principes de D\u00e9sir (ou Aspiration)<\/strong><\/td>\n<\/tr>\n<tr>\n<td width=\"444\">Le d\u00e9sir humain est l&#8217;expression personnelle sinc\u00e8re de la foi actuelle de l&#8217;\u00e2me, ne peut se produire que chez les \u00eatre conscients de soi, est mesur\u00e9e par son harmonie relative avec les Principes de Dieu, est exprim\u00e9e par un d\u00e9sir ou une aspiration \u00e0 un \u00e9tat \u00e9motionnel de l&#8217;\u00e2me, motive les <strong>d\u00e9cisions<\/strong>, choix et actions, et diff\u00e8re du besoin instinctif. Le d\u00e9sir est dirig\u00e9 par ce en quoi l&#8217;\u00e2me a pr\u00e9sentement foi, et d\u00e9termine ce que l&#8217;\u00e2me d\u00e9sire pour son futur. Si la volont\u00e9 et le d\u00e9sir sont en harmonie, le changement est impossible :<\/p>\n<ul>\n<li>Assure que les lois r\u00e9pondent au d\u00e9sir des humains<\/li>\n<li>Assure que les lois satisfassent le d\u00e9sir utilis\u00e9 en harmonie avec l\u2019Amour de Dieu, et corrigent le d\u00e9sir utilis\u00e9 en disharmonie avec l\u2019amour de Dieu<\/li>\n<li>Permet le potentiel pour le changement, la croissance, le d\u00e9veloppement et la transformation de l\u2019\u00e2me humaine en un \u00eatre Divin avec l\u2019immortalit\u00e9 en engageant les Principes de Dieu de R\u00e9demption et de Transformation<\/li>\n<\/ul>\n<\/td>\n<\/tr>\n<\/tbody>\n<\/table>\n<table style=\"height: 587px;\" width=\"832\">\n<tbody>\n<tr>\n<td width=\"444\"><strong>Principes de R\u00e9demption<\/strong><\/td>\n<\/tr>\n<tr>\n<td width=\"444\"><strong>La r\u00e9demption humaine<\/strong> est le processus de payer la p\u00e9nalit\u00e9 pour le p\u00e9ch\u00e9 et de l&#8217;enlever de l&#8217;\u00e2me humaine afin de retrouver l&#8217;\u00e2me humaine dans sa condition parfaite de cr\u00e9ation. C&#8217;est un processus autosuffisant bas\u00e9 sur la volont\u00e9 impliquant le renforcement de l&#8217;exp\u00e9rience douloureuse et la lib\u00e9ration de l&#8217;\u00e9motion li\u00e9e au p\u00e9ch\u00e9. Le pardon est accompli au travers de \u00ab\u00a0l&#8217;oubli\u00a0\u00bb du p\u00e9ch\u00e9 pass\u00e9, et la correction du d\u00e9sir de p\u00e9cher.<\/p>\n<p><strong>La r\u00e9demption Divine<\/strong> se produit par le d\u00e9sir d&#8217;une relation personnelle avec Dieu. C&#8217;est le processus de d\u00e9sirer volontairement, et d&#8217;engager l&#8217;aide de Dieu pour enlever tous les effets du p\u00e9ch\u00e9 et le d\u00e9sir de p\u00e9cher de l&#8217;\u00e2me. Elle implique la reconnaissance que seul Dieu peut enlever tous les effets du p\u00e9ch\u00e9 (puisque beaucoup d&#8217;effets ont affect\u00e9 d&#8217;autres cr\u00e9ations), et de demander l&#8217;aide de Dieu pour enlever la cause du p\u00e9ch\u00e9 \u00e0 l&#8217;int\u00e9rieur de l&#8217;\u00e2me. C&#8217;est un processus bas\u00e9 sur une d\u00e9pendance en Dieu, dirig\u00e9 par le d\u00e9sir qui implique l&#8217;\u00e9veil au p\u00e9ch\u00e9 et le fait de devenir \u00e9motionnellement repentant envers Dieu et toutes les cr\u00e9ations de Dieu. Le Pardon est accompli par la r\u00e9ponse de Dieu au d\u00e9sir \u00e9motionnel de repentance, et l&#8217;Amour de Dieu entrant dans l&#8217;\u00e2me pour enlever les effets du p\u00e9ch\u00e9 existant dans l&#8217;\u00e2me et le d\u00e9sir de p\u00e9ch\u00e9 de l&#8217;\u00e2me. Au cours de la r\u00e9demption Divine, nous recevons la V\u00e9rit\u00e9 de Dieu sur tout sujet, et l&#8217;\u00e2me est pr\u00e9par\u00e9e \u00e0 l&#8217;obtention finale de l&#8217;immortalit\u00e9<\/p>\n<p><strong>Les Principes de r\u00e9demption<\/strong> permettent \u00e0 l&#8217;humain de voir qu&#8217;il\/elle a besoin de Dieu pour compl\u00e9ter le processus de r\u00e9demption totale en une nouvelle cr\u00e9ature Divine, et que tout d\u00e9veloppement ult\u00e9rieur \u00e0 la r\u00e9demption humaine requiert Dieu:<\/p>\n<ul>\n<li>Impose la compensation sur la volont\u00e9 et le d\u00e9sir des humains<\/li>\n<li>Assure la r\u00e9demption humaine par la volont\u00e9 de l\u2019\u00e2me de retrouver l\u2019\u00e2me humaine dans sa condition parfaite de cr\u00e9ation<\/li>\n<li>Encourage un d\u00e9sir pour la r\u00e9demption Divine pour acc\u00e9l\u00e9rer la r\u00e9paration de l\u2019\u00e2me humaine, pour commencer \u00e0 \u00e9tablir et d\u00e9velopper une relation avec Dieu, et pr\u00e9-conditionne l\u2019\u00e2me permettant le commencement de la transformation vers le Divin<\/li>\n<\/ul>\n<\/td>\n<\/tr>\n<\/tbody>\n<\/table>\n<table style=\"height: 291px;\" width=\"840\">\n<tbody>\n<tr>\n<td width=\"444\"><strong>Principes de Transformation<\/strong><\/td>\n<\/tr>\n<tr>\n<td width=\"444\">La Transformation est le potentiel offert \u00e0 l&#8217;\u00e2me humaine avec un d\u00e9sir (une foi!) sinc\u00e8re et passionn\u00e9 1. d&#8217;exc\u00e9der sa condition et ses potentiels originellement cr\u00e9\u00e9s en tant qu&#8217;humain, et 2. de permettre \u00e0 l&#8217;Amour Personnel de Dieu d&#8217;\u00eatre absorb\u00e9 par l&#8217;\u00e2me afin de transformer l&#8217;\u00e2me en une cr\u00e9ature Divine immortelle avec le potentiel d&#8217;expansion infinie. Les principes de Transformation sont les plus complexes de tous les Principes de Dieu, les Lois gouvernant la transformation par la pri\u00e8re, op\u00e8rent dans et au-del\u00e0 de tous les univers.<\/p>\n<ul>\n<li>Permet la transformation bas\u00e9e sur le d\u00e9sir de l\u2019\u00e2me humaine en une \u00e2me Divine<\/li>\n<li>Permet l\u2019absorption bas\u00e9e sur le d\u00e9sir des Attributs de Dieu par l\u2019\u00e2me humaine<\/li>\n<li>Permet le potentiel pour que l\u2019\u00e2me enti\u00e8re (les deux moiti\u00e9s) se joigne dans une conscience compl\u00e8te de soi<\/li>\n<li>Procure le cadeau d\u2019immortalit\u00e9 \u00e0 l\u2019\u00e2me humaine qui se transforme<\/li>\n<li>Procure le potentiel d\u2019expansion et d\u2019expression infinie de l\u2019\u00e2me humaine<\/li>\n<\/ul>\n<\/td>\n<\/tr>\n<\/tbody>\n<\/table>\n<p>Nous pouvons maintenant nous interroger, \u00e0 chaque instant, dans toute situation de notre vie\u00a0:<\/p>\n<p style=\"text-align: center;\"><strong>\u00ab\u00a0Comment est-ce que je vis en harmonie \/ disharmonie avec ces Principes de lois de Dieu\u00a0?\u00a0\u00bb <\/strong><\/p>\n<p style=\"text-align: center;\"><strong>&#8221; Quelle est la cause de la disharmonie, et, comment l&#8217;enlever de mon \u00e2me ? &#8221;<br \/>\n<\/strong><\/p>\n","protected":false},"excerpt":{"rendered":"<p>Gouvern\u00e9s par le Caract\u00e8re, les Attributs, la Nature et les D\u00e9sirs de Dieu, les Principes de Dieu forment un cadre pour les Lois de Dieu dans l&#8217;univers. Chaque Loi est gouvern\u00e9e par les principes, et accomplit donc automatiquement les buts et objectifs des principes. L&#8217;univers entier, chaque cr\u00e9ature de l&#8217;univers, y compris l&#8217;homme, est gouvern\u00e9&#8230; <\/p>\n","protected":false},"author":9632,"featured_media":0,"parent":0,"menu_order":0,"comment_status":"closed","ping_status":"closed","template":"","meta":{"jetpack_post_was_ever_published":false,"footnotes":""},"class_list":["post-213","page","type-page","status-publish","hentry"],"translation":{"provider":"WPGlobus","version":"3.0.2","language":"pt","enabled_languages":["fr","en","pt"],"languages":{"fr":{"title":true,"content":true,"excerpt":false},"en":{"title":true,"content":true,"excerpt":false},"pt":{"title":false,"content":false,"excerpt":false}}},"jetpack_sharing_enabled":true,"jetpack_shortlink":"https:\/\/wp.me\/P8nQaq-3r","_links":{"self":[{"href":"https:\/\/lecoeuraloeuvre.com\/pt\/wp-json\/wp\/v2\/pages\/213","targetHints":{"allow":["GET"]}}],"collection":[{"href":"https:\/\/lecoeuraloeuvre.com\/pt\/wp-json\/wp\/v2\/pages"}],"about":[{"href":"https:\/\/lecoeuraloeuvre.com\/pt\/wp-json\/wp\/v2\/types\/page"}],"author":[{"embeddable":true,"href":"https:\/\/lecoeuraloeuvre.com\/pt\/wp-json\/wp\/v2\/users\/9632"}],"replies":[{"embeddable":true,"href":"https:\/\/lecoeuraloeuvre.com\/pt\/wp-json\/wp\/v2\/comments?post=213"}],"version-history":[{"count":22,"href":"https:\/\/lecoeuraloeuvre.com\/pt\/wp-json\/wp\/v2\/pages\/213\/revisions"}],"predecessor-version":[{"id":2783,"href":"https:\/\/lecoeuraloeuvre.com\/pt\/wp-json\/wp\/v2\/pages\/213\/revisions\/2783"}],"wp:attachment":[{"href":"https:\/\/lecoeuraloeuvre.com\/pt\/wp-json\/wp\/v2\/media?parent=213"}],"curies":[{"name":"wp","href":"https:\/\/api.w.org\/{rel}","templated":true}]}}