{"id":210,"date":"2018-01-30T22:28:00","date_gmt":"2018-01-30T23:28:00","guid":{"rendered":"https:\/\/lecoeuraloeuvre.com\/?page_id=210"},"modified":"2021-06-03T15:33:49","modified_gmt":"2021-06-03T16:33:49","slug":"recherches","status":"publish","type":"page","link":"https:\/\/lecoeuraloeuvre.com\/pt\/recherches\/","title":{"rendered":"Recherches"},"content":{"rendered":"<p>Mes domaines actuels de recherche et d&#8217;exp\u00e9rimentation sont :<\/p>\n<ul>\n<li><a href=\"https:\/\/lecoeuraloeuvre.com\/lame-humaine-2\/\">L&#8217;\u00e2me humaine<\/a><\/li>\n<li><a href=\"https:\/\/lecoeuraloeuvre.com\/le-monde-spirituel\/\">Le monde spirituel<\/a><\/li>\n<li><a href=\"https:\/\/lecoeuraloeuvre.com\/la-plus-grande-experimentation\/\">La plus grande exp\u00e9rimentation<\/a><\/li>\n<li><a href=\"https:\/\/lecoeuraloeuvre.com\/repentance-et-pardon\/\">La repentance et le pardon<\/a><\/li>\n<li>Sant\u00e9 et gu\u00e9rison<\/li>\n<li><a href=\"https:\/\/lecoeuraloeuvre.com\/la-science-de-la-priere\/\">La science de la pri\u00e8re<\/a><\/li>\n<li><a href=\"https:\/\/lecoeuraloeuvre.com\/repentance-et-pardon\/\">La v\u00e9rit\u00e9 sur l&#8217;avortement et l&#8217;adoption<\/a><\/li>\n<\/ul>\n<p>Ces sujets de recherche me passionnent particuli\u00e8rement. H\u00e9las elles avancent lentement, car seulement lorsque j&#8217;ai du temps libre.<\/p>\n","protected":false},"excerpt":{"rendered":"<p>Mes domaines actuels de recherche et d&#8217;exp\u00e9rimentation sont : L&#8217;\u00e2me humaine Le monde spirituel La plus grande exp\u00e9rimentation La repentance et le pardon Sant\u00e9 et gu\u00e9rison La science de la pri\u00e8re La v\u00e9rit\u00e9 sur l&#8217;avortement et l&#8217;adoption Ces sujets de recherche me passionnent particuli\u00e8rement. H\u00e9las elles avancent lentement, car seulement lorsque j&#8217;ai du temps libre.<\/p>\n","protected":false},"author":9632,"featured_media":0,"parent":0,"menu_order":0,"comment_status":"closed","ping_status":"closed","template":"","meta":{"jetpack_post_was_ever_published":false,"footnotes":""},"class_list":["post-210","page","type-page","status-publish","hentry"],"translation":{"provider":"WPGlobus","version":"3.0.2","language":"pt","enabled_languages":["fr","en","pt"],"languages":{"fr":{"title":true,"content":true,"excerpt":false},"en":{"title":false,"content":false,"excerpt":false},"pt":{"title":false,"content":false,"excerpt":false}}},"jetpack_sharing_enabled":true,"jetpack_shortlink":"https:\/\/wp.me\/P8nQaq-3o","_links":{"self":[{"href":"https:\/\/lecoeuraloeuvre.com\/pt\/wp-json\/wp\/v2\/pages\/210","targetHints":{"allow":["GET"]}}],"collection":[{"href":"https:\/\/lecoeuraloeuvre.com\/pt\/wp-json\/wp\/v2\/pages"}],"about":[{"href":"https:\/\/lecoeuraloeuvre.com\/pt\/wp-json\/wp\/v2\/types\/page"}],"author":[{"embeddable":true,"href":"https:\/\/lecoeuraloeuvre.com\/pt\/wp-json\/wp\/v2\/users\/9632"}],"replies":[{"embeddable":true,"href":"https:\/\/lecoeuraloeuvre.com\/pt\/wp-json\/wp\/v2\/comments?post=210"}],"version-history":[{"count":9,"href":"https:\/\/lecoeuraloeuvre.com\/pt\/wp-json\/wp\/v2\/pages\/210\/revisions"}],"predecessor-version":[{"id":1750,"href":"https:\/\/lecoeuraloeuvre.com\/pt\/wp-json\/wp\/v2\/pages\/210\/revisions\/1750"}],"wp:attachment":[{"href":"https:\/\/lecoeuraloeuvre.com\/pt\/wp-json\/wp\/v2\/media?parent=210"}],"curies":[{"name":"wp","href":"https:\/\/api.w.org\/{rel}","templated":true}]}}