{"id":2,"date":"2016-01-16T00:24:00","date_gmt":"2016-01-16T01:24:00","guid":{"rendered":"http:\/\/lecoeuraloeuvre.com\/?page_id=2"},"modified":"2025-09-12T11:09:33","modified_gmt":"2025-09-12T12:09:33","slug":"about","status":"publish","type":"page","link":"https:\/\/lecoeuraloeuvre.com\/pt\/","title":{"rendered":"Accueil"},"content":{"rendered":"\n<h3 class=\"wp-block-heading\">Le c\u0153ur \u00e0 l\u2019\u0153uvre, c&#8217;est-\u00e0-dire l&#8217;engagement du c\u0153ur\/\u00e2me dans le chemin de vie, est un espace de partage de mes passions et d\u00e9sirs, inspir\u00e9s par des valeurs spirituelles d&#8217;amour de Dieu, de soi-m\u00eame, des autres et de l&#8217;environnement que je souhaite d\u00e9velopper davantage.<\/h3>\n\n\n\n<p>Sur ce site, vous trouverez ses <span style=\"color: #ff00ff;\"><a href=\"https:\/\/lecoeuraloeuvre.com\/principes\/\">principes<\/a><\/span> fondateurs, l&#8217;exploration de mes passions et offres de <a href=\"https:\/\/lecoeuraloeuvre.com\/services\/\">services<\/a>, ainsi que des projets en cours de d\u00e9veloppement notamment \u00e0 <a href=\"https:\/\/lecoeuraloeuvre.com\/tapada-do-castelo\/\" data-type=\"page\" data-id=\"2285\">Tapada do Castelo<\/a>, Portugal. Vous trouverez aussi particuliers une galerie de photos des <a href=\"https:\/\/lecoeuraloeuvre.com\/realisations\/\">r\u00e9alisations<\/a> que j&#8217;ai faites en ma\u00e7onnerie \u00e9cologique sous <a href=\"https:\/\/lecoeuraloeuvre.com\/terpailleco\/\">Terpaille&amp;Co<\/a>.<\/p>\n\n\n\n<p>Si vous souhaitez \u00eatre tenu inform\u00e9 des <span style=\"color: #ff00ff;\"><a href=\"https:\/\/lecoeuraloeuvre.com\/nouveautes\/\"><mark style=\"background-color:rgba(0, 0, 0, 0)\" class=\"has-inline-color has-vivid-green-cyan-color\">nouveaut\u00e9s<\/mark><\/a><\/span> et de mes activit\u00e9s, <strong>abonnez-vous au blog <\/strong>(lien \u00e0 droite). Pour recevoir de temps en temps des articles de fond, <strong>abonnez-vous \u00e0 la Newsletter<\/strong> (lien \u00e0 droite)<\/p>\n\n\n\n<p>Bonne visite et \u00e0 bient\u00f4t.<\/p>\n\n\n\n<p>Pierre<\/p>\n","protected":false},"excerpt":{"rendered":"<p>Le c\u0153ur \u00e0 l\u2019\u0153uvre, c&#8217;est-\u00e0-dire l&#8217;engagement du c\u0153ur\/\u00e2me dans le chemin de vie, est un espace de partage de mes passions et d\u00e9sirs, inspir\u00e9s par des valeurs spirituelles d&#8217;amour de Dieu, de soi-m\u00eame, des autres et de l&#8217;environnement que je souhaite d\u00e9velopper davantage. Sur ce site, vous trouverez ses principes fondateurs, l&#8217;exploration de mes passions&#8230; <\/p>\n","protected":false},"author":9632,"featured_media":1653,"parent":0,"menu_order":0,"comment_status":"closed","ping_status":"closed","template":"","meta":{"jetpack_post_was_ever_published":false,"footnotes":""},"class_list":["post-2","page","type-page","status-publish","has-post-thumbnail","hentry"],"translation":{"provider":"WPGlobus","version":"3.0.2","language":"pt","enabled_languages":["fr","en","pt"],"languages":{"fr":{"title":true,"content":true,"excerpt":false},"en":{"title":false,"content":true,"excerpt":false},"pt":{"title":false,"content":false,"excerpt":false}}},"jetpack_sharing_enabled":true,"jetpack_shortlink":"https:\/\/wp.me\/P8nQaq-2","_links":{"self":[{"href":"https:\/\/lecoeuraloeuvre.com\/pt\/wp-json\/wp\/v2\/pages\/2","targetHints":{"allow":["GET"]}}],"collection":[{"href":"https:\/\/lecoeuraloeuvre.com\/pt\/wp-json\/wp\/v2\/pages"}],"about":[{"href":"https:\/\/lecoeuraloeuvre.com\/pt\/wp-json\/wp\/v2\/types\/page"}],"author":[{"embeddable":true,"href":"https:\/\/lecoeuraloeuvre.com\/pt\/wp-json\/wp\/v2\/users\/9632"}],"replies":[{"embeddable":true,"href":"https:\/\/lecoeuraloeuvre.com\/pt\/wp-json\/wp\/v2\/comments?post=2"}],"version-history":[{"count":51,"href":"https:\/\/lecoeuraloeuvre.com\/pt\/wp-json\/wp\/v2\/pages\/2\/revisions"}],"predecessor-version":[{"id":17677,"href":"https:\/\/lecoeuraloeuvre.com\/pt\/wp-json\/wp\/v2\/pages\/2\/revisions\/17677"}],"wp:featuredmedia":[{"embeddable":true,"href":"https:\/\/lecoeuraloeuvre.com\/pt\/wp-json\/wp\/v2\/media\/1653"}],"wp:attachment":[{"href":"https:\/\/lecoeuraloeuvre.com\/pt\/wp-json\/wp\/v2\/media?parent=2"}],"curies":[{"name":"wp","href":"https:\/\/api.w.org\/{rel}","templated":true}]}}