{"id":18157,"date":"2025-12-04T15:43:49","date_gmt":"2025-12-04T16:43:49","guid":{"rendered":"https:\/\/lecoeuraloeuvre.com\/?page_id=18157"},"modified":"2025-12-04T15:55:09","modified_gmt":"2025-12-04T16:55:09","slug":"contact-nouveau-site","status":"publish","type":"page","link":"https:\/\/lecoeuraloeuvre.com\/pt\/contact-nouveau-site\/","title":{"rendered":"Contact et Nouveau Site"},"content":{"rendered":"<\/p>\n<!-- \/wp:post-content -->\n\n<!-- wp:paragraph -->\n<p>Pour toute information, et si vous souhaitez nous contacter, veuillez visiter notre nouveau site d\u00e9di\u00e9 \u00e0 la recherche et exp\u00e9rimentation de restauration des \u00e9cosyst\u00e8mes et production de nourriture:<\/p>\n<!-- \/wp:paragraph -->\n\n<!-- wp:paragraph {\"align\":\"center\"} -->\n<p class=\"has-text-align-center\"><a href=\"https:\/\/tapadadocastelo.com\/\">Tapada do Castelo<\/a><\/p>\n<!-- \/wp:paragraph -->\n\n<!-- wp:paragraph -->\n<p><\/p>\n<!-- \/wp:paragraph -->\n\n<p>","protected":false},"excerpt":{"rendered":"<p>Pour toute information, et si vous souhaitez nous contacter, veuillez visiter notre nouveau site d\u00e9di\u00e9 \u00e0 la recherche et exp\u00e9rimentation de restauration des \u00e9cosyst\u00e8mes et production de nourriture: Tapada do Castelo<\/p>\n","protected":false},"author":9632,"featured_media":0,"parent":0,"menu_order":0,"comment_status":"closed","ping_status":"closed","template":"","meta":{"jetpack_post_was_ever_published":false,"footnotes":""},"class_list":["post-18157","page","type-page","status-publish","hentry"],"translation":{"provider":"WPGlobus","version":"3.0.2","language":"pt","enabled_languages":["fr","en","pt"],"languages":{"fr":{"title":true,"content":true,"excerpt":false},"en":{"title":true,"content":true,"excerpt":false},"pt":{"title":false,"content":false,"excerpt":false}}},"jetpack_sharing_enabled":true,"jetpack_shortlink":"https:\/\/wp.me\/P8nQaq-4IR","_links":{"self":[{"href":"https:\/\/lecoeuraloeuvre.com\/pt\/wp-json\/wp\/v2\/pages\/18157","targetHints":{"allow":["GET"]}}],"collection":[{"href":"https:\/\/lecoeuraloeuvre.com\/pt\/wp-json\/wp\/v2\/pages"}],"about":[{"href":"https:\/\/lecoeuraloeuvre.com\/pt\/wp-json\/wp\/v2\/types\/page"}],"author":[{"embeddable":true,"href":"https:\/\/lecoeuraloeuvre.com\/pt\/wp-json\/wp\/v2\/users\/9632"}],"replies":[{"embeddable":true,"href":"https:\/\/lecoeuraloeuvre.com\/pt\/wp-json\/wp\/v2\/comments?post=18157"}],"version-history":[{"count":6,"href":"https:\/\/lecoeuraloeuvre.com\/pt\/wp-json\/wp\/v2\/pages\/18157\/revisions"}],"predecessor-version":[{"id":18168,"href":"https:\/\/lecoeuraloeuvre.com\/pt\/wp-json\/wp\/v2\/pages\/18157\/revisions\/18168"}],"wp:attachment":[{"href":"https:\/\/lecoeuraloeuvre.com\/pt\/wp-json\/wp\/v2\/media?parent=18157"}],"curies":[{"name":"wp","href":"https:\/\/api.w.org\/{rel}","templated":true}]}}