{"id":121,"date":"2017-02-22T21:12:44","date_gmt":"2017-02-22T22:12:44","guid":{"rendered":"http:\/\/lecoeuraloeuvre.com\/?page_id=121"},"modified":"2026-01-27T08:43:39","modified_gmt":"2026-01-27T09:43:39","slug":"faire-un-don","status":"publish","type":"page","link":"https:\/\/lecoeuraloeuvre.com\/pt\/faire-un-don\/","title":{"rendered":"Faire un don"},"content":{"rendered":"<\/p>\n\n\n<p>Si vous appr\u00e9ciez les services que je rends, et souhaitez m&#8217;encourager \u00e0 poursuivre toutes les activit\u00e9s que je partage passionn\u00e9ment, et tous les nouveaux projets \u00e0 <a rel=\"noreferrer noopener\" href=\"https:\/\/lecoeuraloeuvre.com\/tapada-do-castelo\/\" target=\"_blank\">Tapada do Castelo<\/a>, lieu d&#8217;accueil et d&#8217;exp\u00e9rimentation bas\u00e9 enti\u00e8rement sur le don, vous avez aussi la possibilit\u00e9 de faire un don.<\/p>\n\n\n\n<p>Seuls les dons sinc\u00e8res et d\u00e9sint\u00e9ress\u00e9s, qui sont faits avec des attentes particuli\u00e8res, que ce soit un travail \u00e0 prester ou toute autre demande mat\u00e9rielle ou \u00e9motionnelle, seront accept\u00e9s.<\/p>\n\n\n\n<p>Un petit don mensuel est plus facile \u00e0 g\u00e9rer qu&#8217;un gros don ponctuel pour soutenir les projets de mani\u00e8re durable.<\/p>\n\n\n\n<p>Je m&#8217;engage \u00e0 ce que l&#8217;utilisation de vos dons soit totalement transparente. Mes d\u00e9clarations fiscales et <a href=\"https:\/\/uniondivine.canalblog.com\/pages\/declarations-fiscales-et-comptes-financiers\/33478107.html\" data-type=\"link\" data-id=\"https:\/\/uniondivine.canalblog.com\/pages\/declarations-fiscales-et-comptes-financiers\/33478107.html\">comptes financiers<\/a> ont \u00e9t\u00e9 publi\u00e9es en ligne ici entre 2015 et 2023 (cliquez <a href=\"https:\/\/uniondivine.canalblog.com\/pages\/declarations-fiscales-et-comptes-financiers\/33478107.html\" data-type=\"link\" data-id=\"https:\/\/uniondivine.canalblog.com\/pages\/declarations-fiscales-et-comptes-financiers\/33478107.html\">ici<\/a>).<\/p>\n\n\n\n<div class=\"wp-block-file\"><a id=\"wp-block-file--media-169d397b-4389-448b-8ed0-c1b1951c1900\" href=\"https:\/\/lecoeuraloeuvre.com\/wp-content\/uploads\/2025\/01\/Comptes-financiers-2024-1.pdf\">Comptes-financiers-2024-1<\/a><a href=\"https:\/\/lecoeuraloeuvre.com\/wp-content\/uploads\/2025\/01\/Comptes-financiers-2024-1.pdf\" class=\"wp-block-file__button wp-element-button\" download aria-describedby=\"wp-block-file--media-169d397b-4389-448b-8ed0-c1b1951c1900\">T\u00e9l\u00e9charger<\/a><\/div>\n\n\n\n<p>Veuillez indiquer dans votre commentaire si votre don est  :<\/p>\n\n\n\n<ul class=\"wp-block-list\">\n<li>personnel (nous d\u00e9cidons de son usage selon nos besoins et priorit\u00e9s), code \u201c<strong>PERSO<\/strong>\u201c<\/li>\n\n\n\n<li>pour supporter mes activit\u00e9s personnelles cr\u00e9atives en \u00e9co-construction, production de vid\u00e9os et autres, code &#8220;<strong>ECO<\/strong>&#8220;<\/li>\n\n\n\n<li>pour l&#8217;infrastructure, l&#8217;accueil et les projets de Tapado do Castelo, code \u201c<strong>TDC<\/strong>\u201d<\/li>\n<\/ul>\n\n\n\n<h2 class=\"wp-block-heading\">Transfert bancaire gratuit en zone UE (pr\u00e9f\u00e9rence)<\/h2>\n\n\n\n<p>Titulaire du compte: Pierre Joseph<\/p>\n\n\n\n<p>IBAN: PT50 0023 0000 4565 3528 1149 4<\/p>\n\n\n\n<p>BIC: ACTVPTPL<\/p>\n\n\n\n<h2 class=\"wp-block-heading has-text-align-left\">Don via <a rel=\"noreferrer noopener\" href=\"https:\/\/wise.com\/\" target=\"_blank\">Wise<\/a> (multi devises) ou transfert bancaire<\/h2>\n\n\n\n<h3 class=\"wp-block-heading\"><strong>En EURO<\/strong><\/h3>\n\n\n\n<p>Titulaire du compte: Pierre Joseph<\/p>\n\n\n\n<p>SWIFT\/BIC: TRWIBEB1XXX<\/p>\n\n\n\n<p>IBAN: BE96 9671 4797 7405<\/p>\n\n\n\n<p>Veuillez indiquer en <strong>commentaire<\/strong> si votre don est :<\/p>\n\n\n\n<ul class=\"wp-block-list\">\n<li>personnel (je d\u00e9cide de son usage selon les priorit\u00e9s), <strong>code &#8220;PERSO<\/strong>&#8220;<\/li>\n\n\n\n<li>pour l&#8217;\u00e9quipement de mon activit\u00e9 en \u00e9co-construction de terre crue, <strong>code &#8220;ECO&#8221;<\/strong><\/li>\n\n\n\n<li>pour les projets d&#8217;infrastructure, d&#8217;accueil et de reforestation de Tapado do Castelo, <strong>code &#8220;TDC&#8221;<\/strong><\/li>\n<\/ul>\n\n\n\n<h2 class=\"wp-block-heading has-text-align-center\"><strong>Un tout grand merci !<\/strong><\/h2>\n\n\n\n<p><\/p>\n\n\n<p>","protected":false},"excerpt":{"rendered":"<p>Si vous appr\u00e9ciez les services que je rends, et souhaitez m&#8217;encourager \u00e0 poursuivre toutes les activit\u00e9s que je partage passionn\u00e9ment, et tous les nouveaux projets \u00e0 Tapada do Castelo, lieu d&#8217;accueil et d&#8217;exp\u00e9rimentation bas\u00e9 enti\u00e8rement sur le don, vous avez aussi la possibilit\u00e9 de faire un don. Seuls les dons sinc\u00e8res et d\u00e9sint\u00e9ress\u00e9s, qui sont&#8230; <\/p>\n","protected":false},"author":9632,"featured_media":0,"parent":0,"menu_order":0,"comment_status":"closed","ping_status":"closed","template":"","meta":{"jetpack_post_was_ever_published":false,"footnotes":""},"class_list":["post-121","page","type-page","status-publish","hentry"],"translation":{"provider":"WPGlobus","version":"3.0.2","language":"pt","enabled_languages":["fr","en","pt"],"languages":{"fr":{"title":true,"content":true,"excerpt":false},"en":{"title":true,"content":true,"excerpt":false},"pt":{"title":false,"content":false,"excerpt":false}}},"jetpack_sharing_enabled":true,"jetpack_shortlink":"https:\/\/wp.me\/P8nQaq-1X","_links":{"self":[{"href":"https:\/\/lecoeuraloeuvre.com\/pt\/wp-json\/wp\/v2\/pages\/121","targetHints":{"allow":["GET"]}}],"collection":[{"href":"https:\/\/lecoeuraloeuvre.com\/pt\/wp-json\/wp\/v2\/pages"}],"about":[{"href":"https:\/\/lecoeuraloeuvre.com\/pt\/wp-json\/wp\/v2\/types\/page"}],"author":[{"embeddable":true,"href":"https:\/\/lecoeuraloeuvre.com\/pt\/wp-json\/wp\/v2\/users\/9632"}],"replies":[{"embeddable":true,"href":"https:\/\/lecoeuraloeuvre.com\/pt\/wp-json\/wp\/v2\/comments?post=121"}],"version-history":[{"count":74,"href":"https:\/\/lecoeuraloeuvre.com\/pt\/wp-json\/wp\/v2\/pages\/121\/revisions"}],"predecessor-version":[{"id":19114,"href":"https:\/\/lecoeuraloeuvre.com\/pt\/wp-json\/wp\/v2\/pages\/121\/revisions\/19114"}],"wp:attachment":[{"href":"https:\/\/lecoeuraloeuvre.com\/pt\/wp-json\/wp\/v2\/media?parent=121"}],"curies":[{"name":"wp","href":"https:\/\/api.w.org\/{rel}","templated":true}]}}