{"id":631,"date":"2018-09-30T13:11:44","date_gmt":"2018-09-30T14:11:44","guid":{"rendered":"https:\/\/lecoeuraloeuvre.com\/?page_id=631"},"modified":"2021-03-08T13:03:40","modified_gmt":"2021-03-08T14:03:40","slug":"la-verite-sur-lavortement-et-ladoption","status":"publish","type":"page","link":"https:\/\/lecoeuraloeuvre.com\/en\/la-verite-sur-lavortement-et-ladoption\/","title":{"rendered":"La v\u00e9rit\u00e9 sur l&#8217;avortement et l&#8217;adoption"},"content":{"rendered":"<p>Faisant suite \u00e0 une double <a href=\"https:\/\/www.youtube.com\/playlist?list=PLzjIhMdGauoqcvCuPvyNG30RTgmeIi7-d\" target=\"_blank\" rel=\"noopener\">interview de AJ Miller (J\u00e9sus)<\/a> en 2012 par une personne du public, Barbara McNair,\u00a0au sujet de l&#8217;avortement, et une conversation en 2017 entre AJ Miller et un jeune enfant mort d&#8217;une fausse couche qui confirmait ces informations par sa propre exp\u00e9rience au cours de sa vie dans le monde spirituel (liens ci-dessous), j&#8217;ai ressenti en moi la m\u00eame famille d&#8217;\u00e9motions, et j&#8217;ai \u00e9t\u00e9 tr\u00e8s touch\u00e9 par ce sujet.<\/p>\n<p>J&#8217;ai d\u00e9cid\u00e9 d&#8217;engager mes propres recherches sur les sujet de l&#8217;avortement, des fausses couches et de l&#8217;adoption. Je ne connais pas personnellement toute la v\u00e9rit\u00e9 sur les causes \u00e9motionnelles de ces choix. J&#8217;ai \u00e9tudier le cadre historique, l\u00e9gal, et les statistiques sur ces sujets, et rassembl\u00e9 ces informations, dans un rapport de synth\u00e8se, en y incluant les causes \u00e9motionnelles telles qu&#8217;expliqu\u00e9es par AJ Miller (lien ci-dessous), et comment changer nos choix et se repentir pour les choix pass\u00e9s. J&#8217;ai ensuite tourn\u00e9 et publi\u00e9 2 vid\u00e9os (en 2 parties) sur ces sujets, publi\u00e9es sur YouTube (liens ci-dessous).<\/p>\n<p>Mon opinion, aujourd&#8217;hui, est que l&#8217;avortement est le plus grand acte de destruction massive de la vie humaine que les humains commettent et permettent actuellement au niveau collectif dans la plupart des pays de la plan\u00e8te, bien plus \u00e9norme que l&#8217;ensemble des morts des guerres et holocaustes commis par l&#8217;homme dans toute son histoire : le massacre de 200 millions de nos propres enfants par an. Et que nous pouvons faire un choix diff\u00e9rent.<\/p>\n<h3>1. La V\u00e9rit\u00e9 sur l&#8217;avortement<\/h3>\n<p><strong>Synth\u00e8se :\u00a0<\/strong><\/p>\n<ul>\n<li>Document pdf t\u00e9l\u00e9chargeable de &#8220;La V\u00e9rit\u00e9 sur l&#8217;avortement&#8221; : <a href=\"https:\/\/lecoeuraloeuvre.com\/wp-content\/uploads\/2018\/09\/La-V\u00e9rit\u00e9-sur-lavortement.pdf\">La V\u00e9rit\u00e9 sur l&#8217;avortement<\/a><\/li>\n<\/ul>\n<p><strong>Vid\u00e9os :<\/strong><\/p>\n<ul>\n<li><strong>&#8220;La V\u00e9rit\u00e9 sur l&#8217;avortement 1\/2&#8221; : <a href=\"https:\/\/www.youtube.com\/watch?v=xrUe6kJEndo&amp;t=39s\">https:\/\/www.youtube.com\/watch?v=xrUe6kJEndo&amp;t=39s<\/a><\/strong><\/li>\n<\/ul>\n<p>D\u00e9tail des chapitres (cliquer sur le lien du temps pour visionner) : &#8211; Introduction (<a class=\"yt-simple-endpoint style-scope yt-formatted-string\" spellcheck=\"false\" href=\"https:\/\/www.youtube.com\/watch?v=xrUe6kJEndo&amp;t=20s\">00:00:20<\/a>) &#8211; D\u00e9finition de l\u2019avortement <a class=\"yt-simple-endpoint style-scope yt-formatted-string\" spellcheck=\"false\" href=\"https:\/\/www.youtube.com\/watch?v=xrUe6kJEndo&amp;t=854s\">00:14:14<\/a>) &#8211; Statistiques de l\u2019avortement dans le monde et en France (<a class=\"yt-simple-endpoint style-scope yt-formatted-string\" spellcheck=\"false\" href=\"https:\/\/www.youtube.com\/watch?v=xrUe6kJEndo&amp;t=1012s\">00:16:52<\/a>) &#8211; Existe-t-il un moment o\u00f9 un f\u0153tus est \u2018non viable\u2019 ou \u2018sans capacit\u00e9 de soutenir la vie\u2019 (processus de l\u2019incarnation) ? (<a class=\"yt-simple-endpoint style-scope yt-formatted-string\" spellcheck=\"false\" href=\"https:\/\/www.youtube.com\/watch?v=xrUe6kJEndo&amp;t=1371s\">00:22:51<\/a>) &#8211; Le cadre historique de l\u2019avortement (<a class=\"yt-simple-endpoint style-scope yt-formatted-string\" spellcheck=\"false\" href=\"https:\/\/www.youtube.com\/watch?v=xrUe6kJEndo&amp;t=1705s\">00:28:25<\/a>) &#8211; Avortement et religions (<a class=\"yt-simple-endpoint style-scope yt-formatted-string\" spellcheck=\"false\" href=\"https:\/\/www.youtube.com\/watch?v=xrUe6kJEndo&amp;t=1812s\">00:30:12<\/a>) &#8211; Avortement dans le serment Hippocrate (<a class=\"yt-simple-endpoint style-scope yt-formatted-string\" spellcheck=\"false\" href=\"https:\/\/www.youtube.com\/watch?v=xrUe6kJEndo&amp;t=2031s\">00:33:51<\/a>) &#8211; Importances et enjeux des avortements clandestins \/ non s\u00e9curis\u00e9s dans le monde (<a class=\"yt-simple-endpoint style-scope yt-formatted-string\" spellcheck=\"false\" href=\"https:\/\/www.youtube.com\/watch?v=xrUe6kJEndo&amp;t=2097s\">00:34:57<\/a>) &#8211; Cadre l\u00e9gal de l\u2019avortement en France et de la Belgique (<a class=\"yt-simple-endpoint style-scope yt-formatted-string\" spellcheck=\"false\" href=\"https:\/\/www.youtube.com\/watch?v=xrUe6kJEndo&amp;t=2380s\">00:39:40<\/a>) &#8211; Cadre l\u00e9gal de l\u2019avortement dans les autres pays europ\u00e9ens (<a class=\"yt-simple-endpoint style-scope yt-formatted-string\" spellcheck=\"false\" href=\"https:\/\/www.youtube.com\/watch?v=xrUe6kJEndo&amp;t=2696s\">00:44:56<\/a>) &#8211; Proc\u00e9dure pratique l\u00e9gale pour avorter en France (<a class=\"yt-simple-endpoint style-scope yt-formatted-string\" spellcheck=\"false\" href=\"https:\/\/www.youtube.com\/watch?v=xrUe6kJEndo&amp;t=2763s\">00:46:03<\/a>)<\/p>\n<ul>\n<li><strong>&#8220;La V\u00e9rit\u00e9 sur l&#8217;avortement 2\/2 : <a href=\"https:\/\/www.youtube.com\/watch?v=Rw24U3mQto0&amp;t=28s\">https:\/\/www.youtube.com\/watch?v=Rw24U3mQto0&amp;t=28s<\/a><\/strong><\/li>\n<\/ul>\n<p>D\u00e9tail des chapitres (cliquer sur le lien du temps pour visionner) : Raisons \u00e9motionnelles du choix d\u2019avorter (<a class=\"yt-simple-endpoint style-scope yt-formatted-string\" spellcheck=\"false\" href=\"https:\/\/www.youtube.com\/watch?v=Rw24U3mQto0&amp;t=94s\">00:01:34<\/a>) &#8211; \u00c9motions de l\u2019enfant avort\u00e9 ? (<a class=\"yt-simple-endpoint style-scope yt-formatted-string\" spellcheck=\"false\" href=\"https:\/\/www.youtube.com\/watch?v=Rw24U3mQto0&amp;t=335s\">00:05:35<\/a>) &#8211; \u00c9motions des parents par rapport aux fausses couches ? (<a class=\"yt-simple-endpoint style-scope yt-formatted-string\" spellcheck=\"false\" href=\"https:\/\/www.youtube.com\/watch?v=Rw24U3mQto0&amp;t=597s\">00:09:57<\/a>) &#8211; Effet du choix d\u2019avorter sur la condition d\u2019\u00e2me (<a class=\"yt-simple-endpoint style-scope yt-formatted-string\" spellcheck=\"false\" href=\"https:\/\/www.youtube.com\/watch?v=Rw24U3mQto0&amp;t=822s\">00:13:42<\/a>) &#8211; L\u2019avortement en cas de viol (<a class=\"yt-simple-endpoint style-scope yt-formatted-string\" spellcheck=\"false\" href=\"https:\/\/www.youtube.com\/watch?v=Rw24U3mQto0&amp;t=1228s\">00:20:28<\/a>) &#8211; La responsabilit\u00e9 du choix de l\u2019avortement (<a class=\"yt-simple-endpoint style-scope yt-formatted-string\" spellcheck=\"false\" href=\"https:\/\/www.youtube.com\/watch?v=Rw24U3mQto0&amp;t=1300s\">00:21:40<\/a>) &#8211; A propos des \u201cdroits\u201d de la femme \u00e0 disposer de son corps et \u00e0 choisir &#8211; Le processus de repentance apr\u00e8s un avortement (<a class=\"yt-simple-endpoint style-scope yt-formatted-string\" spellcheck=\"false\" href=\"https:\/\/www.youtube.com\/watch?v=Rw24U3mQto0&amp;t=1634s\">00:27:14<\/a>) &#8211; Groupes d\u2019esprits f\u00e9minins influen\u00e7ant les femmes \u00e0 ignorer leur conscience et avorter (<a class=\"yt-simple-endpoint style-scope yt-formatted-string\" spellcheck=\"false\" href=\"https:\/\/www.youtube.com\/watch?v=Rw24U3mQto0&amp;t=1853s\">00:30:53<\/a>) &#8211; D\u00e9ni des hommes de leur responsabilit\u00e9 dans l\u2019avortement (<a class=\"yt-simple-endpoint style-scope yt-formatted-string\" spellcheck=\"false\" href=\"https:\/\/www.youtube.com\/watch?v=Rw24U3mQto0&amp;t=2056s\">00:34:16<\/a>) &#8211; Conseils pour les personnes qui h\u00e9sitent \u00e0 avorter (<a class=\"yt-simple-endpoint style-scope yt-formatted-string\" spellcheck=\"false\" href=\"https:\/\/www.youtube.com\/watch?v=Rw24U3mQto0&amp;t=2189s\">00:36:29<\/a>) &#8211; Fausses croyances communes autour de la conception, l\u2019avortement et l\u2019adoption (<a class=\"yt-simple-endpoint style-scope yt-formatted-string\" spellcheck=\"false\" href=\"https:\/\/www.youtube.com\/watch?v=Rw24U3mQto0&amp;t=2533s\">00:42:13<\/a>)<\/p>\n<p><strong>Sources :<\/strong><\/p>\n<ul>\n<li>Interview with Jesus \u2013 abortion S1, 18\/04\/2012\u00a0: <a class=\"yt-simple-endpoint style-scope yt-formatted-string\" spellcheck=\"false\" href=\"https:\/\/www.youtube.com\/watch?v=NDqfZv3rE6k\">https:\/\/www.youtube.com\/watch?v=NDqfZ&#8230;<\/a><\/li>\n<li>Interview with Jesus \u2013 abortion S2, 24\/04\/2012\u00a0: <a class=\"yt-simple-endpoint style-scope yt-formatted-string\" spellcheck=\"false\" href=\"https:\/\/www.youtube.com\/watch?v=fClkrZHIewk\">https:\/\/www.youtube.com\/watch?v=fClkr&#8230;<\/a><\/li>\n<li>Premature Death from Pregnancy Miscarriage or Abortion, 17\/10\/2017\u00a0: <a class=\"yt-simple-endpoint style-scope yt-formatted-string\" spellcheck=\"false\" href=\"https:\/\/www.youtube.com\/watch?v=l1npQUk9I1I\">https:\/\/www.youtube.com\/watch?v=l1npQ&#8230;<\/a> Wikipedia (avortement, droit \u00e0 l\u2019avortement, serment d\u2019Hippocrate)<\/li>\n<li>Webster (avortement) &#8211; Organisation mondiale de la Sant\u00e9 (OMS) et de l\u2019Institut Guttmacher publi\u00e9e aujourd\u2019hui dans la revue The Lancet (28 septembre 2017), <a class=\"yt-simple-endpoint style-scope yt-formatted-string\" spellcheck=\"false\" href=\"https:\/\/www.youtube.com\/redirect?event=video_description&amp;v=xrUe6kJEndo&amp;q=https%3A%2F%2Fwww.thelancet.com%2Fjournals%2Flancet%2Farticle%2FPIIS0140-6736%2817%2931794-4%2Ffulltext&amp;redir_token=uZpaUxZq9WxagThxd7GTZIpm2mN8MTUzODM5OTk4MkAxNTM4MzEzNTgy\">https:\/\/www.thelancet.com\/journals\/la&#8230;<\/a><\/li>\n<li>Organisation mondiale de la Sant\u00e9 (OMS), Pr\u00e9vention des avortements \u00e0 risque. <a class=\"yt-simple-endpoint style-scope yt-formatted-string\" spellcheck=\"false\" href=\"https:\/\/www.youtube.com\/redirect?event=video_description&amp;v=xrUe6kJEndo&amp;q=http%3A%2F%2Fwww.who.int%2Ffr%2Fnews-room%2Ffact-sheets%2Fdetail%2Fpreventing-unsafe-abortion&amp;redir_token=uZpaUxZq9WxagThxd7GTZIpm2mN8MTUzODM5OTk4MkAxNTM4MzEzNTgy\">http:\/\/www.who.int\/fr\/news-room\/fact-&#8230;<\/a><\/li>\n<li>Rapport de la Direction des \u00e9tudes du minist\u00e8re de la sant\u00e9 (Drees) &#8211; Recensement de l\u2019\u00c9tat des l\u00e9galisations dans le monde du d\u00e9partement des affaires \u00e9conomiques et sociales de l&#8217;Organisation des Nations unies (ONU) publi\u00e9 en 2001 L\u2019\u00e9ternel tabou de l\u2019IVG, Cultures et Croyances du 2 janvier. 2013. <a class=\"yt-simple-endpoint style-scope yt-formatted-string\" spellcheck=\"false\" href=\"https:\/\/www.youtube.com\/redirect?event=video_description&amp;v=xrUe6kJEndo&amp;q=http%3A%2F%2Fwww.cultures-et-croyances.com%2Fetude-lternel-tabou-de-livg%2F&amp;redir_token=uZpaUxZq9WxagThxd7GTZIpm2mN8MTUzODM5OTk4MkAxNTM4MzEzNTgy\">http:\/\/www.cultures-et-croyances.com\/&#8230;<\/a><\/li>\n<\/ul>\n<h3>2. La v\u00e9rit\u00e9 sur l&#8217;adoption<\/h3>\n<p>J&#8217;ai ensuite \u00e9tudi\u00e9 l&#8217;adoption en tant qu&#8217;alternative aimante \u00e0 l&#8217;avortement, et \u00e9galement une synth\u00e8se, et publi\u00e9 2 vid\u00e9os\u00a0 sur le sujet.<\/p>\n<p><strong>Synth\u00e8se :\u00a0<\/strong><\/p>\n<ul>\n<li>Document pdf t\u00e9l\u00e9chargeable de &#8220;La V\u00e9rit\u00e9 sur l&#8217;adoption&#8221; : <a href=\"https:\/\/lecoeuraloeuvre.com\/wp-content\/uploads\/2018\/09\/La-v\u00e9rit\u00e9-sur-ladoption.pdf\">La v\u00e9rit\u00e9 sur l&#8217;adoption<\/a><\/li>\n<\/ul>\n<p><strong>Vid\u00e9os :<\/strong><\/p>\n<ul>\n<li><strong>La v\u00e9rit\u00e9 sur l&#8217;adoption 1\/2 : <a href=\"https:\/\/www.youtube.com\/watch?v=bg0NhY7CyLc&amp;t=3s\">https:\/\/www.youtube.com\/watch?v=bg0NhY7CyLc&amp;t=3s<\/a><\/strong><\/li>\n<\/ul>\n<p>D\u00e9tail des chapitres (cliquer sur le lien du temps pour visionner) : Pour qui est cette vid\u00e9o ? (<a class=\"yt-simple-endpoint style-scope yt-formatted-string\" spellcheck=\"false\" href=\"https:\/\/www.youtube.com\/watch?v=bg0NhY7CyLc&amp;t=16s\">00:00:16<\/a>) Introduction (<a class=\"yt-simple-endpoint style-scope yt-formatted-string\" spellcheck=\"false\" href=\"https:\/\/www.youtube.com\/watch?v=bg0NhY7CyLc&amp;t=61s\">00:01:01<\/a>) Rappel sur la v\u00e9rit\u00e9 sur l&#8217;avortement (<a class=\"yt-simple-endpoint style-scope yt-formatted-string\" spellcheck=\"false\" href=\"https:\/\/www.youtube.com\/watch?v=bg0NhY7CyLc&amp;t=586s\">00:09:46<\/a>) Objectif de cette vid\u00e9o (<a class=\"yt-simple-endpoint style-scope yt-formatted-string\" spellcheck=\"false\" href=\"https:\/\/www.youtube.com\/watch?v=bg0NhY7CyLc&amp;t=1175s\">00:19:35<\/a>) Sommaire (<a class=\"yt-simple-endpoint style-scope yt-formatted-string\" spellcheck=\"false\" href=\"https:\/\/www.youtube.com\/watch?v=bg0NhY7CyLc&amp;t=1267s\">00:21:07<\/a>) D\u00e9finition de l\u2019adoption (<a class=\"yt-simple-endpoint style-scope yt-formatted-string\" spellcheck=\"false\" href=\"https:\/\/www.youtube.com\/watch?v=bg0NhY7CyLc&amp;t=1458s\">00:24:18<\/a>) Cadre de l&#8217;adoption en France (<a class=\"yt-simple-endpoint style-scope yt-formatted-string\" spellcheck=\"false\" href=\"https:\/\/www.youtube.com\/watch?v=bg0NhY7CyLc&amp;t=1636s\">00:27:16<\/a>) Qui peut adopter et comment ? (<a class=\"yt-simple-endpoint style-scope yt-formatted-string\" spellcheck=\"false\" href=\"https:\/\/www.youtube.com\/watch?v=bg0NhY7CyLc&amp;t=1884s\">00:31:24<\/a>) Les enfants \u00e0 besoin sp\u00e9cifique (<a class=\"yt-simple-endpoint style-scope yt-formatted-string\" spellcheck=\"false\" href=\"https:\/\/www.youtube.com\/watch?v=bg0NhY7CyLc&amp;t=2056s\">00:34:16<\/a>) Cadre l\u00e9gal de l&#8217;adoption dans le monde (<a class=\"yt-simple-endpoint style-scope yt-formatted-string\" spellcheck=\"false\" href=\"https:\/\/www.youtube.com\/watch?v=bg0NhY7CyLc&amp;t=2320s\">00:38:40<\/a>) Statistiques de l&#8217;adoption internationale (<a class=\"yt-simple-endpoint style-scope yt-formatted-string\" spellcheck=\"false\" href=\"https:\/\/www.youtube.com\/watch?v=bg0NhY7CyLc&amp;t=2437s\">00:40:37<\/a>) Statistiques de l&#8217;adoption locale en France (<a class=\"yt-simple-endpoint style-scope yt-formatted-string\" spellcheck=\"false\" href=\"https:\/\/www.youtube.com\/watch?v=bg0NhY7CyLc&amp;t=2747s\">00:45:47<\/a>)<\/p>\n<ul>\n<li><strong>La v\u00e9rit\u00e9 sur l&#8217;adoption 2\/2 : <a href=\"https:\/\/www.youtube.com\/watch?v=cNbnnln8uc4&amp;t=4s\">https:\/\/www.youtube.com\/watch?v=cNbnnln8uc4&amp;t=4s<\/a><br \/>\n<\/strong><\/li>\n<\/ul>\n<p>D\u00e9tail des chapitres (cliquer sur le lien du temps pour visionner) : L&#8217;adoption comme alternative \u00e0 l\u2019avortement (<a class=\"yt-simple-endpoint style-scope yt-formatted-string\" spellcheck=\"false\" href=\"https:\/\/www.youtube.com\/watch?v=cNbnnln8uc4&amp;t=10s\">00:00:10<\/a>) Le meilleur choix en cas de grossesse non d\u00e9sir\u00e9e (<a class=\"yt-simple-endpoint style-scope yt-formatted-string\" spellcheck=\"false\" href=\"https:\/\/www.youtube.com\/watch?v=cNbnnln8uc4&amp;t=272s\">00:04:32<\/a>) \u00c9motions douloureuses en lien avec la grossesse non d\u00e9sir\u00e9e, l\u2019avortement et le don \u00e0 l\u2019adoption (<a class=\"yt-simple-endpoint style-scope yt-formatted-string\" spellcheck=\"false\" href=\"https:\/\/www.youtube.com\/watch?v=cNbnnln8uc4&amp;t=499s\">00:08:19<\/a>) Peurs en lien avec une grossesse non d\u00e9sir\u00e9e (<a class=\"yt-simple-endpoint style-scope yt-formatted-string\" spellcheck=\"false\" href=\"https:\/\/www.youtube.com\/watch?v=cNbnnln8uc4&amp;t=670s\">00:11:10<\/a>) La peur de donner son enfant \u00e0 l&#8217;adoption (<a class=\"yt-simple-endpoint style-scope yt-formatted-string\" spellcheck=\"false\" href=\"https:\/\/www.youtube.com\/watch?v=cNbnnln8uc4&amp;t=799s\">00:13:19<\/a>) Comment am\u00e9liorer le cadre de l&#8217;adoption en France (<a class=\"yt-simple-endpoint style-scope yt-formatted-string\" spellcheck=\"false\" href=\"https:\/\/www.youtube.com\/watch?v=cNbnnln8uc4&amp;t=1055s\">00:17:35<\/a>) Cadre l\u00e9gal de l\u2019adoption en France ? (<a class=\"yt-simple-endpoint style-scope yt-formatted-string\" spellcheck=\"false\" href=\"https:\/\/www.youtube.com\/watch?v=cNbnnln8uc4&amp;t=1256s\">00:20:56<\/a>) Le droit de l&#8217;enfant de conna\u00eetre ses origines (<a class=\"yt-simple-endpoint style-scope yt-formatted-string\" spellcheck=\"false\" href=\"https:\/\/www.youtube.com\/watch?v=cNbnnln8uc4&amp;t=1551s\">00:25:51<\/a>) L&#8217;accouchement &#8220;sous x&#8221; (<a class=\"yt-simple-endpoint style-scope yt-formatted-string\" spellcheck=\"false\" href=\"https:\/\/www.youtube.com\/watch?v=cNbnnln8uc4&amp;t=1632s\">00:27:12<\/a>) Droits de la femmes accouchant &#8220;sous x&#8221; (<a class=\"yt-simple-endpoint style-scope yt-formatted-string\" spellcheck=\"false\" href=\"https:\/\/www.youtube.com\/watch?v=cNbnnln8uc4&amp;t=1680s\">00:28:00<\/a>) Qu&#8217;arrive-t-il aux b\u00e9b\u00e9s n\u00e9s d&#8217;une accouchement &#8220;sous x&#8221; (<a class=\"yt-simple-endpoint style-scope yt-formatted-string\" spellcheck=\"false\" href=\"https:\/\/www.youtube.com\/watch?v=cNbnnln8uc4&amp;t=1884s\">00:31:24<\/a>) Comment donner un enfant \u00e0 l&#8217;adoption en France (<a class=\"yt-simple-endpoint style-scope yt-formatted-string\" spellcheck=\"false\" href=\"https:\/\/www.youtube.com\/watch?v=cNbnnln8uc4&amp;t=2105s\">00:35:05<\/a>) Liste d\u2019associations d\u2019aide aux femmes enceintes en d\u00e9tresse (<a class=\"yt-simple-endpoint style-scope yt-formatted-string\" spellcheck=\"false\" href=\"https:\/\/www.youtube.com\/watch?v=cNbnnln8uc4&amp;t=2226s\">00:37:06<\/a>) Conclusion en guise de fen\u00eatre sur l&#8217;avenir (<a class=\"yt-simple-endpoint style-scope yt-formatted-string\" spellcheck=\"false\" href=\"https:\/\/www.youtube.com\/watch?v=cNbnnln8uc4&amp;t=2296s\">00:38:16<\/a>)<\/p>\n<p><strong>Sources : <\/strong><\/p>\n<p>Interview with Jesus \u2013 abortion S1, 18\/04\/2012\u00a0: <a class=\"yt-simple-endpoint style-scope yt-formatted-string\" spellcheck=\"false\" href=\"https:\/\/www.youtube.com\/watch?v=NDqfZv3rE6k\">https:\/\/www.youtube.com\/watch?v=NDqfZ&#8230;<\/a><\/p>\n<p>Interview with Jesus \u2013 abortion S2, 24\/04\/2012\u00a0: <a class=\"yt-simple-endpoint style-scope yt-formatted-string\" spellcheck=\"false\" href=\"https:\/\/www.youtube.com\/watch?v=fClkrZHIewk\">https:\/\/www.youtube.com\/watch?v=fClkr&#8230;<\/a><\/p>\n<p>Premature Death from Pregnancy Miscarriage or Abortion, 17\/10\/2017\u00a0: <a class=\"yt-simple-endpoint style-scope yt-formatted-string\" spellcheck=\"false\" href=\"https:\/\/www.youtube.com\/watch?v=l1npQUk9I1I\">https:\/\/www.youtube.com\/watch?v=l1npQ&#8230;<\/a><\/p>\n<p>Larousse et Wikip\u00e9dia\u00a0sur l&#8217;adoption<\/p>\n<p>www.adoption.gouv.fr\/Qu-est-ce-que-l-adoption.html<\/p>\n<p>www.adoption.gouv.fr &#8211; <a class=\"yt-simple-endpoint style-scope yt-formatted-string\" spellcheck=\"false\" href=\"https:\/\/www.youtube.com\/redirect?event=video_description&amp;v=bg0NhY7CyLc&amp;q=https%3A%2F%2Fwww.service-public.fr%2Fparticuliers%2Fvosdroits%2FN133&amp;redir_token=t9tmaMUIJnZDnbFtcSNEPG-wQa18MTUzODQwMjExOUAxNTM4MzE1NzE5\">https:\/\/www.service-public.fr\/particu&#8230;<\/a><\/p>\n<p><a class=\"yt-simple-endpoint style-scope yt-formatted-string\" spellcheck=\"false\" href=\"https:\/\/www.youtube.com\/redirect?event=video_description&amp;v=bg0NhY7CyLc&amp;q=https%3A%2F%2Fwww.adoptionefa.org%2Fladoption%2Fquestions-generales%2Fquel-enfant-adopter%2F&amp;redir_token=t9tmaMUIJnZDnbFtcSNEPG-wQa18MTUzODQwMjExOUAxNTM4MzE1NzE5\">https:\/\/www.adoptionefa.org\/ladoption&#8230;<\/a> &#8211; <a class=\"yt-simple-endpoint style-scope yt-formatted-string\" spellcheck=\"false\" href=\"https:\/\/www.youtube.com\/redirect?event=video_description&amp;v=bg0NhY7CyLc&amp;q=https%3A%2F%2Fwww.consoglobe.com%2Fdeclin-adoption-enfants-dans-le-monde-cg&amp;redir_token=t9tmaMUIJnZDnbFtcSNEPG-wQa18MTUzODQwMjExOUAxNTM4MzE1NzE5\">https:\/\/www.consoglobe.com\/declin-ado&#8230;<\/a><\/p>\n<p>Statistiques 2016 Minist\u00e8re des Affaires \u00c9trang\u00e8res <a class=\"yt-simple-endpoint style-scope yt-formatted-string\" spellcheck=\"false\" href=\"https:\/\/www.youtube.com\/redirect?event=video_description&amp;v=bg0NhY7CyLc&amp;q=https%3A%2F%2Fwww.diplomatie.gouv.fr%2FIMG%2Fpdf%2Fstats_2016-site-mars_cle09cd9e.pdf&amp;redir_token=t9tmaMUIJnZDnbFtcSNEPG-wQa18MTUzODQwMjExOUAxNTM4MzE1NzE5\">https:\/\/www.diplomatie.gouv.fr\/IMG\/pd&#8230;<\/a><\/p>\n<p>ONED (Observatoire National de Protection de l\u2019enfance), rapport &#8220;Situation des pupilles de l\u2019\u00c9tat au 31\/12\/2016<\/p>\n<p>Fiche pratique sur l&#8217;adoption en France: <a class=\"yt-simple-endpoint style-scope yt-formatted-string\" spellcheck=\"false\" href=\"https:\/\/www.youtube.com\/redirect?event=video_description&amp;v=bg0NhY7CyLc&amp;q=https%3A%2F%2Fwww.service-public.fr%2Fparticuliers%2Fvosdroits%2FF3136&amp;redir_token=t9tmaMUIJnZDnbFtcSNEPG-wQa18MTUzODQwMjExOUAxNTM4MzE1NzE5\">https:\/\/www.service-public.fr\/particu&#8230;<\/a><\/p>\n<p><a class=\"yt-simple-endpoint style-scope yt-formatted-string\" spellcheck=\"false\" href=\"https:\/\/www.youtube.com\/redirect?event=video_description&amp;v=bg0NhY7CyLc&amp;q=http%3A%2F%2Fforum.doctissimo.fr%2Fgrossesse-bebe%2Fivg%2Fadoption-avortement-sujet_161361_1.htm&amp;redir_token=t9tmaMUIJnZDnbFtcSNEPG-wQa18MTUzODQwMjExOUAxNTM4MzE1NzE5\">http:\/\/forum.doctissimo.fr\/grossesse-&#8230;<\/a><\/p>\n<p><a class=\"yt-simple-endpoint style-scope yt-formatted-string\" spellcheck=\"false\" href=\"https:\/\/www.youtube.com\/redirect?event=video_description&amp;v=bg0NhY7CyLc&amp;q=http%3A%2F%2Fwww.jesuisenceinteleguide.org%2Fles-possibilites-dadoption&amp;redir_token=t9tmaMUIJnZDnbFtcSNEPG-wQa18MTUzODQwMjExOUAxNTM4MzE1NzE5\">http:\/\/www.jesuisenceinteleguide.org\/&#8230;<\/a><\/p>\n<p><a class=\"yt-simple-endpoint style-scope yt-formatted-string\" spellcheck=\"false\" href=\"https:\/\/www.youtube.com\/redirect?event=video_description&amp;v=bg0NhY7CyLc&amp;q=http%3A%2F%2Fforum.doctissimo.fr%2Fgrossesse-bebe%2Fivg%2Fadoption-avortement-sujet_161361_1.htm&amp;redir_token=t9tmaMUIJnZDnbFtcSNEPG-wQa18MTUzODQwMjExOUAxNTM4MzE1NzE5\">http:\/\/forum.doctissimo.fr\/grossesse-&#8230;<\/a><\/p>\n<p>Laroche-Gisserot Florence. L&#8217;adoption ouverte (open adoption) aux \u00c9tats-Unis : R\u00e8gles, pratiques, avenir en Europe. Revue internationale de droit compar\u00e9. Vol. 50 N\u00b04, Octobre-d\u00e9cembre 1998. pp. 1095-1123<\/p>\n<p><a class=\"yt-simple-endpoint style-scope yt-formatted-string\" spellcheck=\"false\" href=\"https:\/\/www.youtube.com\/redirect?event=video_description&amp;v=bg0NhY7CyLc&amp;q=http%3A%2F%2Fforum.doctissimo.fr%2Fgrossesse-bebe%2Fivg%2Favantages-inconvenients-adoption-sujet_148157_1.htm&amp;redir_token=t9tmaMUIJnZDnbFtcSNEPG-wQa18MTUzODQwMjExOUAxNTM4MzE1NzE5\">http:\/\/forum.doctissimo.fr\/grossesse-&#8230;<\/a><\/p>\n","protected":false},"excerpt":{"rendered":"<p>Faisant suite \u00e0 une double interview de AJ Miller (J\u00e9sus) en 2012 par une personne du public, Barbara McNair,\u00a0au sujet de l&#8217;avortement, et une conversation en 2017 entre AJ Miller et un jeune enfant mort d&#8217;une fausse couche qui confirmait ces informations par sa propre exp\u00e9rience au cours de sa vie dans le monde spirituel&#8230; <\/p>\n","protected":false},"author":9632,"featured_media":0,"parent":0,"menu_order":0,"comment_status":"closed","ping_status":"closed","template":"","meta":{"jetpack_post_was_ever_published":false,"footnotes":""},"class_list":["post-631","page","type-page","status-publish","hentry"],"translation":{"provider":"WPGlobus","version":"3.0.2","language":"en","enabled_languages":["fr","en","pt"],"languages":{"fr":{"title":true,"content":true,"excerpt":false},"en":{"title":false,"content":false,"excerpt":false},"pt":{"title":false,"content":false,"excerpt":false}}},"jetpack_sharing_enabled":true,"jetpack_shortlink":"https:\/\/wp.me\/P8nQaq-ab","_links":{"self":[{"href":"https:\/\/lecoeuraloeuvre.com\/en\/wp-json\/wp\/v2\/pages\/631","targetHints":{"allow":["GET"]}}],"collection":[{"href":"https:\/\/lecoeuraloeuvre.com\/en\/wp-json\/wp\/v2\/pages"}],"about":[{"href":"https:\/\/lecoeuraloeuvre.com\/en\/wp-json\/wp\/v2\/types\/page"}],"author":[{"embeddable":true,"href":"https:\/\/lecoeuraloeuvre.com\/en\/wp-json\/wp\/v2\/users\/9632"}],"replies":[{"embeddable":true,"href":"https:\/\/lecoeuraloeuvre.com\/en\/wp-json\/wp\/v2\/comments?post=631"}],"version-history":[{"count":5,"href":"https:\/\/lecoeuraloeuvre.com\/en\/wp-json\/wp\/v2\/pages\/631\/revisions"}],"predecessor-version":[{"id":1450,"href":"https:\/\/lecoeuraloeuvre.com\/en\/wp-json\/wp\/v2\/pages\/631\/revisions\/1450"}],"wp:attachment":[{"href":"https:\/\/lecoeuraloeuvre.com\/en\/wp-json\/wp\/v2\/media?parent=631"}],"curies":[{"name":"wp","href":"https:\/\/api.w.org\/{rel}","templated":true}]}}