{"id":433,"date":"2018-05-05T14:21:16","date_gmt":"2018-05-05T15:21:16","guid":{"rendered":"https:\/\/lecoeuraloeuvre.com\/?page_id=433"},"modified":"2021-03-08T13:54:42","modified_gmt":"2021-03-08T14:54:42","slug":"permaculture","status":"publish","type":"page","link":"https:\/\/lecoeuraloeuvre.com\/en\/permaculture\/","title":{"rendered":"Permaculture"},"content":{"rendered":"<div id=\"attachment_53\" style=\"width: 310px\" class=\"wp-caption aligncenter\"><a href=\"https:\/\/i0.wp.com\/lecoeuraloeuvre.com\/wp-content\/uploads\/2017\/02\/DSCF2969.jpg?ssl=1\"><img data-recalc-dims=\"1\" decoding=\"async\" aria-describedby=\"caption-attachment-53\" class=\"size-medium wp-image-53\" src=\"https:\/\/i0.wp.com\/lecoeuraloeuvre.com\/wp-content\/uploads\/2017\/02\/DSCF2969-300x225.jpg?resize=300%2C225&#038;ssl=1\" alt=\"\" width=\"300\" height=\"225\" srcset=\"https:\/\/i0.wp.com\/lecoeuraloeuvre.com\/wp-content\/uploads\/2017\/02\/DSCF2969.jpg?resize=300%2C225&amp;ssl=1 300w, https:\/\/i0.wp.com\/lecoeuraloeuvre.com\/wp-content\/uploads\/2017\/02\/DSCF2969.jpg?resize=768%2C576&amp;ssl=1 768w, https:\/\/i0.wp.com\/lecoeuraloeuvre.com\/wp-content\/uploads\/2017\/02\/DSCF2969.jpg?resize=1024%2C768&amp;ssl=1 1024w, https:\/\/i0.wp.com\/lecoeuraloeuvre.com\/wp-content\/uploads\/2017\/02\/DSCF2969.jpg?w=1600&amp;ssl=1 1600w\" sizes=\"(max-width: 300px) 100vw, 300px\" \/><\/a><p id=\"caption-attachment-53\" class=\"wp-caption-text\">Jardin sauvage \u00e0 Tipenga, Pouembout<\/p><\/div>\n<p>Cr\u00e9ation et entretien de jardins fleuris et fruitiers permaculturels, favorisant la faune et la flore locale et la restauration du sol, et n\u00e9cessitant un minimum de entretien et peu ou pas d&#8217;arrosage.<\/p>\n<p>Je peux donner la main dans les domaines suivants :<\/p>\n<ul>\n<li>plans d&#8217;implantation en permaculture<\/li>\n<li>\u00e9co-constructions<\/li>\n<li>am\u00e9nagements paysager du terrain, cr\u00e9ation de bassin, sentiers, terrasse etc&#8230;<\/li>\n<li>cr\u00e9ation et entretien de plants\/arbrisseaux en p\u00e9pini\u00e8res<\/li>\n<li>plantation de for\u00eats nourrici\u00e8res\u00a0 \/ verger fruitiers<\/li>\n<li>Cr\u00e9ation de haies fleuries de fleurs, plantes et arbustes vivaces en milieu r\u00e9sidentiel urbain (arrosage et entretien minimum);<\/li>\n<li>Cr\u00e9ation de potagers favorisant les plantes vivaces locales n\u00e9cessitant peu ou pas d&#8217;entretien et d&#8217;arrosage<\/li>\n<li>cr\u00e9ation de syst\u00e8mes d&#8217;irrigations et de r\u00e9tention de l&#8217;eau (baissi\u00e8res)<\/li>\n<li>pose d&#8217;arrosage automatique<\/li>\n<li>Installation de phyto-\u00e9puration (traitement des eaux par les plantes)<\/li>\n<li>cr\u00e9ation de drain, pose de canalisation, pose de bassin de d\u00e9cantation<\/li>\n<li>syst\u00e8mes d&#8217;\u00e9nergie libre (panneaux solaires, chauffe eau solaire, \u00e9olienne, moulin)<\/li>\n<\/ul>\n","protected":false},"excerpt":{"rendered":"<p>Cr\u00e9ation et entretien de jardins fleuris et fruitiers permaculturels, favorisant la faune et la flore locale et la restauration du sol, et n\u00e9cessitant un minimum de entretien et peu ou pas d&#8217;arrosage. Je peux donner la main dans les domaines suivants : plans d&#8217;implantation en permaculture \u00e9co-constructions am\u00e9nagements paysager du terrain, cr\u00e9ation de bassin, sentiers,&#8230; <\/p>\n","protected":false},"author":9632,"featured_media":0,"parent":0,"menu_order":0,"comment_status":"closed","ping_status":"closed","template":"","meta":{"jetpack_post_was_ever_published":false,"footnotes":""},"class_list":["post-433","page","type-page","status-publish","hentry"],"translation":{"provider":"WPGlobus","version":"3.0.2","language":"en","enabled_languages":["fr","en","pt"],"languages":{"fr":{"title":true,"content":true,"excerpt":false},"en":{"title":false,"content":false,"excerpt":false},"pt":{"title":false,"content":false,"excerpt":false}}},"jetpack_sharing_enabled":true,"jetpack_shortlink":"https:\/\/wp.me\/P8nQaq-6Z","_links":{"self":[{"href":"https:\/\/lecoeuraloeuvre.com\/en\/wp-json\/wp\/v2\/pages\/433","targetHints":{"allow":["GET"]}}],"collection":[{"href":"https:\/\/lecoeuraloeuvre.com\/en\/wp-json\/wp\/v2\/pages"}],"about":[{"href":"https:\/\/lecoeuraloeuvre.com\/en\/wp-json\/wp\/v2\/types\/page"}],"author":[{"embeddable":true,"href":"https:\/\/lecoeuraloeuvre.com\/en\/wp-json\/wp\/v2\/users\/9632"}],"replies":[{"embeddable":true,"href":"https:\/\/lecoeuraloeuvre.com\/en\/wp-json\/wp\/v2\/comments?post=433"}],"version-history":[{"count":3,"href":"https:\/\/lecoeuraloeuvre.com\/en\/wp-json\/wp\/v2\/pages\/433\/revisions"}],"predecessor-version":[{"id":1454,"href":"https:\/\/lecoeuraloeuvre.com\/en\/wp-json\/wp\/v2\/pages\/433\/revisions\/1454"}],"wp:attachment":[{"href":"https:\/\/lecoeuraloeuvre.com\/en\/wp-json\/wp\/v2\/media?parent=433"}],"curies":[{"name":"wp","href":"https:\/\/api.w.org\/{rel}","templated":true}]}}