{"id":388,"date":"2018-04-20T07:49:15","date_gmt":"2018-04-20T08:49:15","guid":{"rendered":"https:\/\/lecoeuraloeuvre.com\/?page_id=388"},"modified":"2018-05-05T13:18:22","modified_gmt":"2018-05-05T14:18:22","slug":"creation-de-blogs-sites-web","status":"publish","type":"page","link":"https:\/\/lecoeuraloeuvre.com\/en\/creation-de-blogs-sites-web\/","title":{"rendered":"Cr\u00e9ation de blogs \/ sites web"},"content":{"rendered":"<p>J&#8217;ai cr\u00e9\u00e9, et j&#8217;assure actuellement la maintenance de 5 blogs \/sites web et de 2 cha\u00eenes YouTube, dont:<\/p>\n<ul>\n<li><a href=\"http:\/\/www.uniondivine.info\/\">Union Divine<\/a><\/li>\n<li><a href=\"https:\/\/padmaaonprakashaabuses.wordpress.com\/\">Padma Aon Prakasha abuses<\/a><\/li>\n<li><a href=\"http:\/\/vraimentvrai.canalblog.com\/\">Vraiment Vrai<\/a><\/li>\n<li><a href=\"https:\/\/divinetruthvan.wordpress.com\/\">Divine Truth Van<\/a><\/li>\n<li><a href=\"https:\/\/www.youtube.com\/user\/Veritedivine\">YouTube V\u00e9rit\u00e9 Divine<\/a><\/li>\n<li><a href=\"https:\/\/www.youtube.com\/channel\/UCxG9uMbSaEuIZlVexAkzLcg?view_as=subscriber\">YouTube Pierre Joseph<\/a><\/li>\n<\/ul>\n<p>Je peux cr\u00e9er un blog\/site web pour vous, et vous apprendre \u00e0 l&#8217;administrer.<\/p>\n<p>J&#8217;utilise et recommande <a href=\"https:\/\/fr.wordpress.com\/com-vs-org\/?currency=euro&amp;sgmt=gb&amp;utm_source=adwords&amp;utm_campaign=Google_WPcom_Search_Brand_Desktop_BE_fr&amp;utm_medium=cpc&amp;keyword=wordpress&amp;creative=199319970479&amp;campaignid=674093645&amp;adgroupid=35979209218&amp;matchtype=e&amp;device=c&amp;network=g&amp;targetid=kwd-313411415&amp;locationid=20054&amp;gclid=Cj0KCQjwibDXBRCyARIsAFHp4fofqv4HzV-G_G2tr9WEbmfuuGihM6NWw-sQD-XTT8WVcheb17qKyLAaAhfhEALw_wcB\" target=\"_blank\" rel=\"noopener\"><strong>WordPress<\/strong><\/a>.<\/p>\n","protected":false},"excerpt":{"rendered":"<p>J&#8217;ai cr\u00e9\u00e9, et j&#8217;assure actuellement la maintenance de 5 blogs \/sites web et de 2 cha\u00eenes YouTube, dont: Union Divine Padma Aon Prakasha abuses Vraiment Vrai Divine Truth Van YouTube V\u00e9rit\u00e9 Divine YouTube Pierre Joseph Je peux cr\u00e9er un blog\/site web pour vous, et vous apprendre \u00e0 l&#8217;administrer. J&#8217;utilise et recommande WordPress.<\/p>\n","protected":false},"author":9632,"featured_media":0,"parent":0,"menu_order":0,"comment_status":"closed","ping_status":"closed","template":"","meta":{"jetpack_post_was_ever_published":false,"footnotes":""},"class_list":["post-388","page","type-page","status-publish","hentry"],"translation":{"provider":"WPGlobus","version":"3.0.2","language":"en","enabled_languages":["fr","en","pt"],"languages":{"fr":{"title":true,"content":true,"excerpt":false},"en":{"title":false,"content":false,"excerpt":false},"pt":{"title":false,"content":false,"excerpt":false}}},"jetpack_sharing_enabled":true,"jetpack_shortlink":"https:\/\/wp.me\/P8nQaq-6g","_links":{"self":[{"href":"https:\/\/lecoeuraloeuvre.com\/en\/wp-json\/wp\/v2\/pages\/388","targetHints":{"allow":["GET"]}}],"collection":[{"href":"https:\/\/lecoeuraloeuvre.com\/en\/wp-json\/wp\/v2\/pages"}],"about":[{"href":"https:\/\/lecoeuraloeuvre.com\/en\/wp-json\/wp\/v2\/types\/page"}],"author":[{"embeddable":true,"href":"https:\/\/lecoeuraloeuvre.com\/en\/wp-json\/wp\/v2\/users\/9632"}],"replies":[{"embeddable":true,"href":"https:\/\/lecoeuraloeuvre.com\/en\/wp-json\/wp\/v2\/comments?post=388"}],"version-history":[{"count":4,"href":"https:\/\/lecoeuraloeuvre.com\/en\/wp-json\/wp\/v2\/pages\/388\/revisions"}],"predecessor-version":[{"id":419,"href":"https:\/\/lecoeuraloeuvre.com\/en\/wp-json\/wp\/v2\/pages\/388\/revisions\/419"}],"wp:attachment":[{"href":"https:\/\/lecoeuraloeuvre.com\/en\/wp-json\/wp\/v2\/media?parent=388"}],"curies":[{"name":"wp","href":"https:\/\/api.w.org\/{rel}","templated":true}]}}