{"id":285,"date":"2018-02-04T16:34:05","date_gmt":"2018-02-04T17:34:05","guid":{"rendered":"https:\/\/lecoeuraloeuvre.com\/?page_id=285"},"modified":"2018-02-04T16:34:05","modified_gmt":"2018-02-04T17:34:05","slug":"qui-est-dieu","status":"publish","type":"page","link":"https:\/\/lecoeuraloeuvre.com\/en\/qui-est-dieu\/","title":{"rendered":"Qui est Dieu?"},"content":{"rendered":"<p>Peu importe notre culture, \u00e9ducation, exp\u00e9rience et nos croyances, Dieu existe et veut nous partager Son Amour. Est-il possible de d\u00e9couvrir Dieu? Comment d\u00e9couvrir Dieu? Qui est vraiment Dieu? Quel est l&#8217;int\u00e9r\u00eat de conna\u00eetre Dieu? Comment d\u00e9velopper une relation avec Dieu? Voici autant de sujets que nous traiteront d&#8217;un point de vue scientifique, ind\u00e9pendant de toute croyance religieuse.<\/p>\n","protected":false},"excerpt":{"rendered":"<p>Peu importe notre culture, \u00e9ducation, exp\u00e9rience et nos croyances, Dieu existe et veut nous partager Son Amour. Est-il possible de d\u00e9couvrir Dieu? Comment d\u00e9couvrir Dieu? Qui est vraiment Dieu? Quel est l&#8217;int\u00e9r\u00eat de conna\u00eetre Dieu? Comment d\u00e9velopper une relation avec Dieu? Voici autant de sujets que nous traiteront d&#8217;un point de vue scientifique, ind\u00e9pendant de&#8230; <\/p>\n","protected":false},"author":9632,"featured_media":0,"parent":0,"menu_order":0,"comment_status":"closed","ping_status":"closed","template":"","meta":{"jetpack_post_was_ever_published":false,"footnotes":""},"class_list":["post-285","page","type-page","status-publish","hentry"],"translation":{"provider":"WPGlobus","version":"3.0.2","language":"en","enabled_languages":["fr","en","pt"],"languages":{"fr":{"title":true,"content":true,"excerpt":false},"en":{"title":false,"content":false,"excerpt":false},"pt":{"title":false,"content":false,"excerpt":false}}},"jetpack_sharing_enabled":true,"jetpack_shortlink":"https:\/\/wp.me\/P8nQaq-4B","_links":{"self":[{"href":"https:\/\/lecoeuraloeuvre.com\/en\/wp-json\/wp\/v2\/pages\/285","targetHints":{"allow":["GET"]}}],"collection":[{"href":"https:\/\/lecoeuraloeuvre.com\/en\/wp-json\/wp\/v2\/pages"}],"about":[{"href":"https:\/\/lecoeuraloeuvre.com\/en\/wp-json\/wp\/v2\/types\/page"}],"author":[{"embeddable":true,"href":"https:\/\/lecoeuraloeuvre.com\/en\/wp-json\/wp\/v2\/users\/9632"}],"replies":[{"embeddable":true,"href":"https:\/\/lecoeuraloeuvre.com\/en\/wp-json\/wp\/v2\/comments?post=285"}],"version-history":[{"count":1,"href":"https:\/\/lecoeuraloeuvre.com\/en\/wp-json\/wp\/v2\/pages\/285\/revisions"}],"predecessor-version":[{"id":287,"href":"https:\/\/lecoeuraloeuvre.com\/en\/wp-json\/wp\/v2\/pages\/285\/revisions\/287"}],"wp:attachment":[{"href":"https:\/\/lecoeuraloeuvre.com\/en\/wp-json\/wp\/v2\/media?parent=285"}],"curies":[{"name":"wp","href":"https:\/\/api.w.org\/{rel}","templated":true}]}}