{"id":279,"date":"2018-02-04T16:28:35","date_gmt":"2018-02-04T17:28:35","guid":{"rendered":"https:\/\/lecoeuraloeuvre.com\/?page_id=279"},"modified":"2018-09-30T15:02:47","modified_gmt":"2018-09-30T16:02:47","slug":"repentance-et-pardon","status":"publish","type":"page","link":"https:\/\/lecoeuraloeuvre.com\/en\/repentance-et-pardon\/","title":{"rendered":"La repentance et pardon"},"content":{"rendered":"<p>C&#8217;est sans doute le th\u00e8me de recherche le plus important au sujet duquel une personne peut exp\u00e9rimenter, apr\u00e8s celui de la pri\u00e8re et l&#8217;existence de Dieu et de Son Amour personnel pour chaque humain.<\/p>\n<p>Les lois de la Repentance et du Pardon sont parmi les plus hautes lois d&#8217;Amour Divin. Cela signifie qu&#8217;elles font partie d&#8217;un groupe de lois se trouvant au sommet de la hi\u00e9rarchie de toutes les lois de l&#8217;univers physique, spirituel et \u00e9motionnel, \u00e0 l&#8217;image de la loi de l&#8217;a\u00e9rodynamique qui est sup\u00e9rieure dans la hi\u00e9rarchie des lois \u00e0 la loi de la gravit\u00e9, quand les conditions requises pour son op\u00e9ration sont pr\u00e9sentes, alors que la loi de la gravit\u00e9 est toujours op\u00e9rationnelle.<\/p>\n<p>Ce sont les seules lois de l&#8217;univers, qui, quand elles sont engag\u00e9es sinc\u00e8rement au niveau individuel, ont le pouvoir certain de r\u00e9soudre et gu\u00e9rir toute la douleur et souffrance individuelle, et collective. Sans d\u00e9sir pour l&#8217;engagement de ces Lois, la douleur perdure, le bonheur est report\u00e9.<\/p>\n<p>AJ Miller et Mary Luck (J\u00e9sus et Mary) ont publi\u00e9 pr\u00e8s de 80 heures de vid\u00e9os informatives d\u00e9taill\u00e9es sur le fonctionnement de ces lois, notamment :<\/p>\n<ul>\n<li>Quelles sont les m\u00e9thodes possibles pour d\u00e9terminer la V\u00e9rit\u00e9 ?<\/li>\n<li>Quel est l&#8217;importance et le r\u00f4le des lois de Dieu ?<\/li>\n<li>Comment engager le processus de pardon et de repentance ?<\/li>\n<li>Comment savoir ce que je dois pardonner, et ce pourquoi je dois me repentir ?<\/li>\n<li>Que signifie vraiment le &#8220;p\u00e9cher&#8221;, et quelles sont les cons\u00e9quences d&#8217;avoir p\u00e9ch\u00e9 ?<\/li>\n<li>Quel est le r\u00f4le et comment fonctionne la loi de compensation ?<\/li>\n<li>Que signifie le concept de &#8220;responsabilit\u00e9 personnelle&#8221;; et pourquoi est-il si important ?<\/li>\n<li>Comment fonctionne la conscience humaine, et quel est son r\u00f4le ?<\/li>\n<li>Faut-il engager Dieu pour compl\u00e9ter le processus de pardon et de repentance ?<\/li>\n<li>Que pense Dieu de Ses enfants, quand ils engagent ces lois, ou pas ?<\/li>\n<\/ul>\n<p>Pour visionner les vid\u00e9os (en anglais) sur les Lois de Dieu de Repentance et de Pardon : <a href=\"https:\/\/www.youtube.com\/playlist?list=PL4VN7gKEa2bQxkWTlzbr2HDYeDhid3295\">https:\/\/www.youtube.com\/playlist?list=PL4VN7gKEa2bQxkWTlzbr2HDYeDhid3295<\/a><\/p>\n<p>C&#8217;est un sujet que j&#8217;\u00e9tudie et tente d&#8217;exp\u00e9rimenter dans ma vie, et je partagerai ici mes d\u00e9couvertes.<\/p>\n","protected":false},"excerpt":{"rendered":"<p>C&#8217;est sans doute le th\u00e8me de recherche le plus important au sujet duquel une personne peut exp\u00e9rimenter, apr\u00e8s celui de la pri\u00e8re et l&#8217;existence de Dieu et de Son Amour personnel pour chaque humain. Les lois de la Repentance et du Pardon sont parmi les plus hautes lois d&#8217;Amour Divin. Cela signifie qu&#8217;elles font partie&#8230; <\/p>\n","protected":false},"author":9632,"featured_media":0,"parent":0,"menu_order":0,"comment_status":"closed","ping_status":"closed","template":"","meta":{"jetpack_post_was_ever_published":false,"footnotes":""},"class_list":["post-279","page","type-page","status-publish","hentry"],"translation":{"provider":"WPGlobus","version":"3.0.2","language":"en","enabled_languages":["fr","en","pt"],"languages":{"fr":{"title":true,"content":true,"excerpt":false},"en":{"title":false,"content":false,"excerpt":false},"pt":{"title":false,"content":false,"excerpt":false}}},"jetpack_sharing_enabled":true,"jetpack_shortlink":"https:\/\/wp.me\/P8nQaq-4v","_links":{"self":[{"href":"https:\/\/lecoeuraloeuvre.com\/en\/wp-json\/wp\/v2\/pages\/279","targetHints":{"allow":["GET"]}}],"collection":[{"href":"https:\/\/lecoeuraloeuvre.com\/en\/wp-json\/wp\/v2\/pages"}],"about":[{"href":"https:\/\/lecoeuraloeuvre.com\/en\/wp-json\/wp\/v2\/types\/page"}],"author":[{"embeddable":true,"href":"https:\/\/lecoeuraloeuvre.com\/en\/wp-json\/wp\/v2\/users\/9632"}],"replies":[{"embeddable":true,"href":"https:\/\/lecoeuraloeuvre.com\/en\/wp-json\/wp\/v2\/comments?post=279"}],"version-history":[{"count":11,"href":"https:\/\/lecoeuraloeuvre.com\/en\/wp-json\/wp\/v2\/pages\/279\/revisions"}],"predecessor-version":[{"id":645,"href":"https:\/\/lecoeuraloeuvre.com\/en\/wp-json\/wp\/v2\/pages\/279\/revisions\/645"}],"wp:attachment":[{"href":"https:\/\/lecoeuraloeuvre.com\/en\/wp-json\/wp\/v2\/media?parent=279"}],"curies":[{"name":"wp","href":"https:\/\/api.w.org\/{rel}","templated":true}]}}