{"id":273,"date":"2018-02-04T16:13:57","date_gmt":"2018-02-04T17:13:57","guid":{"rendered":"https:\/\/lecoeuraloeuvre.com\/?page_id=273"},"modified":"2019-01-07T14:42:18","modified_gmt":"2019-01-07T15:42:18","slug":"radio-du-coeur","status":"publish","type":"page","link":"https:\/\/lecoeuraloeuvre.com\/en\/radio-du-coeur\/","title":{"rendered":"Radio du c\u0153ur"},"content":{"rendered":"<p>(En projet)<\/p>\n<p>La radio du C\u0153ur sera une web radio informative, interactive et populaire qui visera \u00e0 informer et \u00e9duquer le grand public, et \u00e0 \u0153uvrer pour mettre fin \u00e0 la souffrance individuelle et collective en soutenant des initiatives et projets \u00e9thiques et moraux, encourageant les actions d\u00e9sint\u00e9ress\u00e9es traitant les causes des probl\u00e8mes et bas\u00e9es sur l&#8217;amour, la compr\u00e9hension, la compassion, la repentance et le pardon.<\/p>\n<p>La radio du c\u0153ur aura pour objectifs principaux :<\/p>\n<ul>\n<li>Annoncer la bonne nouvelle que 14 personnes, 7 \u00e2mes, sont revenues pour enseigner le Chemin de l&#8217;Amour de Dieu sur terre, \u00e0 commencer par J\u00e9sus et Marie-madeleine.<\/li>\n<li>Faire conna\u00eetre et encourager la d\u00e9couverte pratique des b\u00e9n\u00e9fices des enseignements de Divine Truth<\/li>\n<li>Faire conna\u00eetre et encourager l&#8217;engagement des plus hautes lois de l&#8217;univers : la repentance et le pardon<\/li>\n<li>Informer et \u0153uvrer \u00e0 la r\u00e9solution des sources des plus grands probl\u00e8mes soci\u00e9taux<\/li>\n<\/ul>\n<p>Mode d&#8217;action :<\/p>\n<p>Information, mise en commun de ressources, partage d&#8217;exp\u00e9riences, mise en lien de personnes qui souhaitent donner avec des personnes qui sont dans le besoin.<\/p>\n","protected":false},"excerpt":{"rendered":"<p>(En projet) La radio du C\u0153ur sera une web radio informative, interactive et populaire qui visera \u00e0 informer et \u00e9duquer le grand public, et \u00e0 \u0153uvrer pour mettre fin \u00e0 la souffrance individuelle et collective en soutenant des initiatives et projets \u00e9thiques et moraux, encourageant les actions d\u00e9sint\u00e9ress\u00e9es traitant les causes des probl\u00e8mes et bas\u00e9es&#8230; <\/p>\n","protected":false},"author":9632,"featured_media":0,"parent":0,"menu_order":0,"comment_status":"closed","ping_status":"closed","template":"","meta":{"jetpack_post_was_ever_published":false,"footnotes":""},"class_list":["post-273","page","type-page","status-publish","hentry"],"translation":{"provider":"WPGlobus","version":"3.0.2","language":"en","enabled_languages":["fr","en","pt"],"languages":{"fr":{"title":true,"content":true,"excerpt":false},"en":{"title":false,"content":false,"excerpt":false},"pt":{"title":false,"content":false,"excerpt":false}}},"jetpack_sharing_enabled":true,"jetpack_shortlink":"https:\/\/wp.me\/P8nQaq-4p","_links":{"self":[{"href":"https:\/\/lecoeuraloeuvre.com\/en\/wp-json\/wp\/v2\/pages\/273","targetHints":{"allow":["GET"]}}],"collection":[{"href":"https:\/\/lecoeuraloeuvre.com\/en\/wp-json\/wp\/v2\/pages"}],"about":[{"href":"https:\/\/lecoeuraloeuvre.com\/en\/wp-json\/wp\/v2\/types\/page"}],"author":[{"embeddable":true,"href":"https:\/\/lecoeuraloeuvre.com\/en\/wp-json\/wp\/v2\/users\/9632"}],"replies":[{"embeddable":true,"href":"https:\/\/lecoeuraloeuvre.com\/en\/wp-json\/wp\/v2\/comments?post=273"}],"version-history":[{"count":8,"href":"https:\/\/lecoeuraloeuvre.com\/en\/wp-json\/wp\/v2\/pages\/273\/revisions"}],"predecessor-version":[{"id":770,"href":"https:\/\/lecoeuraloeuvre.com\/en\/wp-json\/wp\/v2\/pages\/273\/revisions\/770"}],"wp:attachment":[{"href":"https:\/\/lecoeuraloeuvre.com\/en\/wp-json\/wp\/v2\/media?parent=273"}],"curies":[{"name":"wp","href":"https:\/\/api.w.org\/{rel}","templated":true}]}}