{"id":226,"date":"2018-01-30T22:45:36","date_gmt":"2018-01-30T23:45:36","guid":{"rendered":"https:\/\/lecoeuraloeuvre.com\/?page_id=226"},"modified":"2018-05-06T12:29:54","modified_gmt":"2018-05-06T13:29:54","slug":"la-plus-grande-experimentation","status":"publish","type":"page","link":"https:\/\/lecoeuraloeuvre.com\/en\/la-plus-grande-experimentation\/","title":{"rendered":"La Plus Grande Exp\u00e9rimentation"},"content":{"rendered":"<p>La Plus Grande Exp\u00e9rimentation est tout simplement l&#8217;exp\u00e9rience scientifique la plus importante qu&#8217;un humain puisse faire dans sa vie. C&#8217;est l&#8217;exp\u00e9rience d&#8217;engager la pri\u00e8re de mani\u00e8re pure et sinc\u00e8re pour recevoir l&#8217;Amour de Dieu. C&#8217;est le sujet qui me passionne le plus depuis que j&#8217;ai d\u00e9couvert l&#8217;amour de Dieu en 2011. Je d\u00e9sire aider toute personne ou groupe de personne qui souhaite engager cette exp\u00e9rience pour d\u00e9couvrir si Dieu et son Amour sont r\u00e9els, et exp\u00e9rimenter cette v\u00e9rit\u00e9 pour la premi\u00e8re fois.<\/p>\n<p><strong>Pourquoi prier est important ?<\/strong><\/p>\n<p>Les avantages d&#8217;avoir une relation avec Dieu sont infinis, et sans relation avec Dieu, le d\u00e9veloppement de notre \u00e2me est limit\u00e9, avec toutes sortes d&#8217;inconv\u00e9nients que cela inclut. J\u00e9sus donne un aper\u00e7u de quelques avantages dans &#8220;<a href=\"http:\/\/www.uniondivine.info\/pages\/les-benefices-eternels-d-une-relation-avec-dieu\/27623853.html\" target=\"_blank\" rel=\"noopener\">Les b\u00e9n\u00e9fices \u00e9ternels d&#8217;une relation avec Dieu<\/a>&#8220;.<\/p>\n<p><strong>Comment d\u00e9velopper notre \u00e2me pour faire une pri\u00e8re sinc\u00e8re ?<\/strong><\/p>\n<p>Un pri\u00e8re sinc\u00e8re est rare et difficile \u00e0 faire pour la plupart des personnes. La raison est qu&#8217;elle demande d&#8217;\u00eatre totalement sinc\u00e8re sur notre d\u00e9sir, et la plupart du temps nous nous sommes d\u00e9tach\u00e9s de nos vrais d\u00e9sirs d&#8217;\u00e2me, parce qu&#8217;ils n&#8217;\u00e9taient pas accueillis avec amour dans notre enfance. Autrement, quand, enfant, nous ressentions des choses que notre entourage ne supportait pas (trop d&#8217;\u00e9motions fortes de joie ou de douleur), il utilisait toutes sortes de m\u00e9thodes conscientes et inconscientes pour nous faire cesser d&#8217;\u00eatre. Donc, nous avons appris \u00e0 d\u00e9velopper des fa\u00e7ades de nous-m\u00eames tellement t\u00f4t, que nous ne savons m\u00eame pas qui nous sommes. Et en plus, nous avons g\u00e9n\u00e9ralement oubli\u00e9 cela, car nos cerveaux n&#8217;\u00e9taient pas encore form\u00e9 dans notre petite enfance, et d\u00e8s 3\/4 ans nous avons d\u00e9j\u00e0 appris pleins de choses qu&#8217;ils ne faut pas ressentir pour avoir l&#8217;amour des parents, et souvent juste pour \u00e9viter leur violence.<\/p>\n<p>Dans nos soci\u00e9t\u00e9s industrialis\u00e9es, nous apprenons aussi \u00e0 d\u00e9velopper beaucoup notre intellect, et \u00e0 r\u00e9primer l&#8217;aspect \u00e9motionnel, si bien qu&#8217;il est devenu r\u00e9prim\u00e9 et atrophi\u00e9 chez la plupart des gens, surtout dans les pays riches et industrialis\u00e9s. Ressentir une \u00e9motion sinc\u00e8re est devenu quelque chose non naturel, alors que c&#8217;est tout \u00e0 fait naturel chez le nouveau-n\u00e9.<\/p>\n<p>Pour engager la Plus grande Exp\u00e9rimentation, il faut faire une pri\u00e8re sinc\u00e8re. Il faut communiquer \u00e9motionnellement \u00e0 Dieu. Il faut apprendre \u00e0 ressentir ce qu&#8217;on ressent vraiment au plus profond de nous. Il faut (r\u00e9-)apprendre la sinc\u00e9rit\u00e9 de l&#8217;enfant. La pri\u00e8re n&#8217;est pas sinc\u00e8re quand on d\u00e9sire juste intellectuellement faire l&#8217;exp\u00e9rience de l&#8217;Amour de Dieu, et que nous avons en m\u00eame temps une croyance bien ferme que Dieu n&#8217;existe pas, ou que nous avons une peur\/terreur r\u00e9prim\u00e9e et inconsciente de la violence de Dieu (de la violence de nos parents), en tant que Autorit\u00e9\/Parent supr\u00eame au temp\u00e9rament violent et col\u00e9rique, tel que Dieu est d\u00e9crit dans les textes religieux de notre soci\u00e9t\u00e9\/culture.<\/p>\n<p>Dieu est notre vrai Parent ; c&#8217;est une \u00c2me infinie. La pri\u00e8re est une communication entre notre 2 \u00e2mes, l&#8217;\u00e2me de Dieu et la n\u00f4tre. Dieu ne peut pas r\u00e9pondre \u00e0 nos fa\u00e7ades, qui ne sont pas nos vraies \u00e9motions, qui ne sont pas la vraie personne que Dieu a cr\u00e9\u00e9e. Pour arriver \u00e0 faire une pri\u00e8re sinc\u00e8re, nous devons avoir un grand d\u00e9sir d&#8217;exp\u00e9rimenter encore et encore, de (re-)devenir vraiment sinc\u00e8re et transparent sur tout ce que l&#8217;on ressent vraiment \u00e0 tout instant, de d\u00e9velopper notre c\u00f4t\u00e9 \u00e9motionnel, de pratiquer et pratiquer encore, et d&#8217;observer le r\u00e9sultat comme un scientifique qui essaye encore et encore, avant de faire une d\u00e9couverte. C&#8217;est un peu comme faire de la r\u00e9\u00e9ducation pour d\u00e9velopper un muscle atrophi\u00e9 apr\u00e8s une blessure. Se r\u00e9-\u00e9duquer \u00e9motionnellement jusqu&#8217;au moment o\u00f9 notre pri\u00e8re sera sinc\u00e8re.<\/p>\n<p>A cet instant o\u00f9 notre pri\u00e8re sera sinc\u00e8re, un conduit \u00e9nerg\u00e9tique est \u00e9tabli entre l&#8217;\u00e2me de Dieu et la n\u00f4tre, et Dieu peut nous r\u00e9pondre, en nous donnant Son Amour, mais aussi en nous communiquer des choses \u00e9motionnelles, la v\u00e9rit\u00e9, qui est de nature \u00e9motionnelle, sur tout sujet de notre pri\u00e8re. Ce conduit \u00e9nerg\u00e9tique a \u00e9t\u00e9 appel\u00e9 par J\u00e9sus, le &#8220;Saint-Esprit&#8221;, ou &#8220;l&#8217;Esprit de V\u00e9rit\u00e9&#8221;, car il ne s&#8217;installe que quand nous sommes sinc\u00e8res et vrais dans notre d\u00e9sir de communiquer avec notre Parents. Dieu respecte notre d\u00e9sir de ne pas vouloir communiquer avec Lui\/Elle. Dieu ne force pas Son Amour sur nous. Mais Dieu souhaite nous le donner, si nous le d\u00e9sirons vraiment.<\/p>\n<p><strong>Qu&#8217;est-ce qu&#8217;une pri\u00e8re sinc\u00e8re ?<\/strong><\/p>\n<p>Une pri\u00e8re sinc\u00e8re est la chose la plus facile \u00e0 faire pour un nouveau-n\u00e9, et pour un adulte qui a grandi dans nos soci\u00e9t\u00e9s, c&#8217;est une des choses les plus difficiles \u00e0 faire. C&#8217;est pour cela que la plupart des gens ne croient pas en la pri\u00e8re en tant qu&#8217;une exp\u00e9rience scientifique certaine. Un pri\u00e8re sinc\u00e8re vers Dieu implique:<\/p>\n<ol>\n<li>Ressentir un d\u00e9sir sinc\u00e8re de recevoir l&#8217;Amour de Dieu<\/li>\n<li>Ressentir un d\u00e9sir sinc\u00e8re de ressentir la V\u00e9rit\u00e9 sur nous-m\u00eame, et la V\u00e9rit\u00e9 de Dieu<\/li>\n<li>Avoir un d\u00e9sir sinc\u00e8re de ressentir toutes nos \u00e9motions, tant heureuses que douloureuses (\u00eatre humbles)<\/li>\n<\/ol>\n<p>Quand ces 3 aspects sont remplis, nous entrons en communication avec Dieu de mani\u00e8re certaine.<\/p>\n<p><strong>Exemple d&#8217;une pri\u00e8re sinc\u00e8re pour une personne qui ne croit pas en Dieu:<\/strong><\/p>\n<p>&#8220;Dieu, je n&#8217;ai aucune id\u00e9e si tu existes, et si tu as de l&#8217;Amour pour moi, mais si c&#8217;est le cas, j&#8217;aimerais recevoir ton Amour.&#8221;<\/p>\n<p>Lire plus sur <a href=\"http:\/\/www.uniondivine.info\/pages\/la-plus-grande-experimentation\/27324640.html\" target=\"_blank\" rel=\"noopener\">La Plus Grande Exp\u00e9rimentation <\/a><\/p>\n","protected":false},"excerpt":{"rendered":"<p>La Plus Grande Exp\u00e9rimentation est tout simplement l&#8217;exp\u00e9rience scientifique la plus importante qu&#8217;un humain puisse faire dans sa vie. C&#8217;est l&#8217;exp\u00e9rience d&#8217;engager la pri\u00e8re de mani\u00e8re pure et sinc\u00e8re pour recevoir l&#8217;Amour de Dieu. C&#8217;est le sujet qui me passionne le plus depuis que j&#8217;ai d\u00e9couvert l&#8217;amour de Dieu en 2011. Je d\u00e9sire aider toute&#8230; <\/p>\n","protected":false},"author":9632,"featured_media":0,"parent":0,"menu_order":0,"comment_status":"closed","ping_status":"closed","template":"","meta":{"jetpack_post_was_ever_published":false,"footnotes":""},"class_list":["post-226","page","type-page","status-publish","hentry"],"translation":{"provider":"WPGlobus","version":"3.0.2","language":"en","enabled_languages":["fr","en","pt"],"languages":{"fr":{"title":true,"content":true,"excerpt":false},"en":{"title":false,"content":false,"excerpt":false},"pt":{"title":false,"content":false,"excerpt":false}}},"jetpack_sharing_enabled":true,"jetpack_shortlink":"https:\/\/wp.me\/P8nQaq-3E","_links":{"self":[{"href":"https:\/\/lecoeuraloeuvre.com\/en\/wp-json\/wp\/v2\/pages\/226","targetHints":{"allow":["GET"]}}],"collection":[{"href":"https:\/\/lecoeuraloeuvre.com\/en\/wp-json\/wp\/v2\/pages"}],"about":[{"href":"https:\/\/lecoeuraloeuvre.com\/en\/wp-json\/wp\/v2\/types\/page"}],"author":[{"embeddable":true,"href":"https:\/\/lecoeuraloeuvre.com\/en\/wp-json\/wp\/v2\/users\/9632"}],"replies":[{"embeddable":true,"href":"https:\/\/lecoeuraloeuvre.com\/en\/wp-json\/wp\/v2\/comments?post=226"}],"version-history":[{"count":5,"href":"https:\/\/lecoeuraloeuvre.com\/en\/wp-json\/wp\/v2\/pages\/226\/revisions"}],"predecessor-version":[{"id":502,"href":"https:\/\/lecoeuraloeuvre.com\/en\/wp-json\/wp\/v2\/pages\/226\/revisions\/502"}],"wp:attachment":[{"href":"https:\/\/lecoeuraloeuvre.com\/en\/wp-json\/wp\/v2\/media?parent=226"}],"curies":[{"name":"wp","href":"https:\/\/api.w.org\/{rel}","templated":true}]}}