{"id":2,"date":"2016-01-16T00:24:00","date_gmt":"2016-01-16T01:24:00","guid":{"rendered":"http:\/\/lecoeuraloeuvre.com\/?page_id=2"},"modified":"2025-09-12T11:09:33","modified_gmt":"2025-09-12T12:09:33","slug":"about","status":"publish","type":"page","link":"https:\/\/lecoeuraloeuvre.com\/en\/","title":{"rendered":"Accueil"},"content":{"rendered":"\n<p><strong>Le c\u0153ur \u00e0 l&#8217;\u0153uvre, which could be translated by &#8220;<em>Putting my heart\/soul into the work<\/em>&#8220;, is a place of sharing of my passions and desires along the way and inspired by spiritual values of love for God, oneself, others and the environment that I aspire to develop more.<\/strong><\/p>\n\n\n\n<p>On this website, you will find its Founding <a href=\"https:\/\/lecoeuraloeuvre.com\/en\/principes\/\">Principles<\/a>, its current areas of activity and services, as well as projects currently under development in <a href=\"https:\/\/lecoeuraloeuvre.com\/en\/tapada-do-castelo\/\">Tapada do Castelo<\/a>, Portugal. You will also find a photo gallery of  clay masonry and other natural building works under <a href=\"https:\/\/lecoeuraloeuvre.com\/en\/realisations\/\">Terpaille&amp;Co<\/a>.<\/p>\n\n\n\n<p>If you would like to be kept informed of the latest <a href=\"https:\/\/lecoeuraloeuvre.com\/en\/nouveautes\/\"><mark style=\"background-color:rgba(0, 0, 0, 0)\" class=\"has-inline-color has-vivid-green-cyan-color\">NEWS<\/mark><\/a> and other activities, subscribe to the blog (link on the right). To receive occasional feature articles, subscribe to the Newsletter (link on the right).<\/p>\n\n\n\n<p>Enjoy your visit and see you soon.<\/p>\n\n\n\n<p>Pierre<\/p>\n\n\n\n<p><\/p>\n","protected":false},"excerpt":{"rendered":"<p>Le c\u0153ur \u00e0 l&#8217;\u0153uvre, which could be translated by &#8220;Putting my heart\/soul into the work&#8220;, is a place of sharing of my passions and desires along the way and inspired by spiritual values of love for God, oneself, others and the environment that I aspire to develop more. On this website, you will find its&#8230; <\/p>\n","protected":false},"author":9632,"featured_media":1653,"parent":0,"menu_order":0,"comment_status":"closed","ping_status":"closed","template":"","meta":{"jetpack_post_was_ever_published":false,"footnotes":""},"class_list":["post-2","page","type-page","status-publish","has-post-thumbnail","hentry"],"translation":{"provider":"WPGlobus","version":"3.0.2","language":"en","enabled_languages":["fr","en","pt"],"languages":{"fr":{"title":true,"content":true,"excerpt":false},"en":{"title":false,"content":true,"excerpt":false},"pt":{"title":false,"content":false,"excerpt":false}}},"jetpack_sharing_enabled":true,"jetpack_shortlink":"https:\/\/wp.me\/P8nQaq-2","_links":{"self":[{"href":"https:\/\/lecoeuraloeuvre.com\/en\/wp-json\/wp\/v2\/pages\/2","targetHints":{"allow":["GET"]}}],"collection":[{"href":"https:\/\/lecoeuraloeuvre.com\/en\/wp-json\/wp\/v2\/pages"}],"about":[{"href":"https:\/\/lecoeuraloeuvre.com\/en\/wp-json\/wp\/v2\/types\/page"}],"author":[{"embeddable":true,"href":"https:\/\/lecoeuraloeuvre.com\/en\/wp-json\/wp\/v2\/users\/9632"}],"replies":[{"embeddable":true,"href":"https:\/\/lecoeuraloeuvre.com\/en\/wp-json\/wp\/v2\/comments?post=2"}],"version-history":[{"count":51,"href":"https:\/\/lecoeuraloeuvre.com\/en\/wp-json\/wp\/v2\/pages\/2\/revisions"}],"predecessor-version":[{"id":17677,"href":"https:\/\/lecoeuraloeuvre.com\/en\/wp-json\/wp\/v2\/pages\/2\/revisions\/17677"}],"wp:featuredmedia":[{"embeddable":true,"href":"https:\/\/lecoeuraloeuvre.com\/en\/wp-json\/wp\/v2\/media\/1653"}],"wp:attachment":[{"href":"https:\/\/lecoeuraloeuvre.com\/en\/wp-json\/wp\/v2\/media?parent=2"}],"curies":[{"name":"wp","href":"https:\/\/api.w.org\/{rel}","templated":true}]}}