{"id":1711,"date":"2021-06-02T21:17:10","date_gmt":"2021-06-02T22:17:10","guid":{"rendered":"https:\/\/lecoeuraloeuvre.com\/?page_id=1711"},"modified":"2021-06-13T04:36:22","modified_gmt":"2021-06-13T05:36:22","slug":"le-monde-spirituel","status":"publish","type":"page","link":"https:\/\/lecoeuraloeuvre.com\/en\/le-monde-spirituel\/","title":{"rendered":"Le monde spirituel"},"content":{"rendered":"\n<h2 class=\"wp-block-heading\">Recherche scientifique sur la communication avec les esprits (non local &#8220;psi&#8221; source \/ Anomalous Information Reception AIR)<\/h2>\n\n\n\n<ul class=\"wp-block-list\"><li><a rel=\"noreferrer noopener\" href=\"https:\/\/www.windbridge.org\/factsheets\/WRC_accuracy.pdf\" target=\"_blank\">https:\/\/www.windbridge.org\/factsheets\/WRC_accuracy.pdf<\/a><\/li><li><a rel=\"noreferrer noopener\" href=\"https:\/\/www.sciencedirect.com\/science\/article\/abs\/pii\/S1550830720301518\" target=\"_blank\">https:\/\/www.sciencedirect.com\/science\/article\/abs\/pii\/S1550830720301518<\/a><\/li><li><a rel=\"noreferrer noopener\" href=\"https:\/\/www.windbridge.org\/factsheets\/WRC_accuracy.pdf\" target=\"_blank\">https:\/\/www.windbridge.org\/factsheets\/WRC_accuracy.pdf<\/a><\/li><li><a rel=\"noreferrer noopener\" href=\"https:\/\/inexplore.inrees.com\/articles\/preuves-apres-vie\" target=\"_blank\">https:\/\/inexplore.inrees.com\/articles\/preuves-apres-vie<\/a><\/li><li><a rel=\"noreferrer noopener\" href=\"https:\/\/journals.sfu.ca\/jnonlocality\/public\/journals\/1\/PREPRINTS\/Callforpapers.pdf\" target=\"_blank\">https:\/\/journals.sfu.ca\/jnonlocality\/public\/journals\/1\/PREPRINTS\/Callforpapers.pdf<\/a><\/li><li><a href=\"https:\/\/lach.arizona.edu\/veritas\">https:\/\/lach.arizona.edu\/veritas<\/a> (<strong>VERITAS Research Program<\/strong> sur la conscience apr\u00e8s la mort)<\/li><\/ul>\n\n\n\n<h2 class=\"wp-block-heading\">Recherche scientifique sur les Exp\u00e9riences de Mort Imminente (EMI ou NDE en anglais)<\/h2>\n\n\n\n<ul class=\"wp-block-list\"><li><a rel=\"noreferrer noopener\" href=\"https:\/\/www.nyas.org\/news-articles\/academy-news\/is-there-life-after-death\/\" target=\"_blank\">What Can Science Tell Us About Death?<\/a><\/li><li><a rel=\"noreferrer noopener\" href=\"http:\/\/www.horizonresearch.org\/Uploads\/Journal_Resuscitation__2_.pdf\" target=\"_blank\">http:\/\/www.horizonresearch.org\/Uploads\/Journal_Resuscitation__2_.pdf<\/a><\/li><li><a rel=\"noreferrer noopener\" href=\"https:\/\/near-death.com\/science\" target=\"_blank\">https:\/\/near-death.com\/science<\/a><\/li><li><a href=\"https:\/\/lifeafterlife.com\/offerings\/the-science-of-ndes\/\" target=\"_blank\" rel=\"noreferrer noopener\">The science of NDE&#8217;s<\/a>, Raymond Moody<\/li><\/ul>\n\n\n\n<h2 class=\"wp-block-heading\"><strong>Litt\u00e9rature sur le monde spirituel :<\/strong><\/h2>\n\n\n\n<p>Messages des James Padgett sur la vie dans le monde spirituel : <a rel=\"noreferrer noopener\" href=\"https:\/\/lanouvellenaissance.com\/category\/james-e-padgett\/autres-categories\/la-vie-apres-la-mort-dans-le-monde-des-esprits\/\" data-type=\"URL\" data-id=\"https:\/\/lanouvellenaissance.com\/category\/james-e-padgett\/autres-categories\/la-vie-apres-la-mort-dans-le-monde-des-esprits\/\" target=\"_blank\">lien<\/a> <\/p>\n\n\n\n<div class=\"wp-block-file\"><a href=\"https:\/\/lecoeuraloeuvre.com\/wp-content\/uploads\/2021\/06\/Hans-Radax-Judas-Messages-1.pdf\">Judas Messages, Hans radax<\/a><a href=\"https:\/\/lecoeuraloeuvre.com\/wp-content\/uploads\/2021\/06\/Hans-Radax-Judas-Messages-1.pdf\" class=\"wp-block-file__button\" download>T\u00e9l\u00e9charger<\/a><\/div>\n\n\n\n<div class=\"wp-block-file\"><a href=\"https:\/\/lecoeuraloeuvre.com\/wp-content\/uploads\/2021\/06\/19000101-1300-1300-pubpi-ei-pbk-bklees-Through-the-Mists-en-book-published.pdf\">Through the Mists, R J Lees<\/a><a href=\"https:\/\/lecoeuraloeuvre.com\/wp-content\/uploads\/2021\/06\/19000101-1300-1300-pubpi-ei-pbk-bklees-Through-the-Mists-en-book-published.pdf\" class=\"wp-block-file__button\" download>T\u00e9l\u00e9charger<\/a><\/div>\n\n\n\n<div class=\"wp-block-file\"><a href=\"https:\/\/lecoeuraloeuvre.com\/wp-content\/uploads\/2021\/06\/18960101-1300-1300-pubpi-ei-pbk-bkfarn-A-Wanderer-in-the-Spirit-Lands-en-book-published.pdf\">A Wanderer in the Spirit Lands Franchezzo<\/a><a href=\"https:\/\/lecoeuraloeuvre.com\/wp-content\/uploads\/2021\/06\/18960101-1300-1300-pubpi-ei-pbk-bkfarn-A-Wanderer-in-the-Spirit-Lands-en-book-published.pdf\" class=\"wp-block-file__button\" download>T\u00e9l\u00e9charger<\/a><\/div>\n\n\n\n<div class=\"wp-block-file\"><a href=\"https:\/\/lecoeuraloeuvre.com\/wp-content\/uploads\/2021\/06\/19240101-1300-1300-pubpi-ei-pbk-bkwick-30-Years-Among-the-Dead-en-book-published.pdf\">30 Years Among the Dead, Dr. Carl A. Wickland, M.D.<\/a><a href=\"https:\/\/lecoeuraloeuvre.com\/wp-content\/uploads\/2021\/06\/19240101-1300-1300-pubpi-ei-pbk-bkwick-30-Years-Among-the-Dead-en-book-published.pdf\" class=\"wp-block-file__button\" download>T\u00e9l\u00e9charger<\/a><\/div>\n\n\n\n<div class=\"wp-block-file\"><a href=\"https:\/\/lecoeuraloeuvre.com\/wp-content\/uploads\/2021\/06\/19540101-1300-1300-pubpi-ei-pbk-bkborg-Life-in-the-World-Unseen-en-book-published.pdf\">Life in the World Unseen, Anthony Borgia<\/a><a href=\"https:\/\/lecoeuraloeuvre.com\/wp-content\/uploads\/2021\/06\/19540101-1300-1300-pubpi-ei-pbk-bkborg-Life-in-the-World-Unseen-en-book-published.pdf\" class=\"wp-block-file__button\" download>T\u00e9l\u00e9charger<\/a><\/div>\n\n\n\n<div class=\"wp-block-file\"><a href=\"https:\/\/lecoeuraloeuvre.com\/wp-content\/uploads\/2021\/06\/19560101-1300-1300-pubpi-ei-pbk-bkpadm-Angelic-Revelations-Volume-1-en-book-published.pdf\">Angelic Revelations Volume 1, James Padgett<\/a><a href=\"https:\/\/lecoeuraloeuvre.com\/wp-content\/uploads\/2021\/06\/19560101-1300-1300-pubpi-ei-pbk-bkpadm-Angelic-Revelations-Volume-1-en-book-published.pdf\" class=\"wp-block-file__button\" download>T\u00e9l\u00e9charger<\/a><\/div>\n\n\n\n<div class=\"wp-block-file\"><a href=\"https:\/\/lecoeuraloeuvre.com\/wp-content\/uploads\/2021\/06\/19560101-1300-1300-pubpi-ei-pbk-bkpadm-Angelic-Revelations-Volume-2-en-book-published.pdf\">Angelic Revelations Volume 2, James Padgett<\/a><a href=\"https:\/\/lecoeuraloeuvre.com\/wp-content\/uploads\/2021\/06\/19560101-1300-1300-pubpi-ei-pbk-bkpadm-Angelic-Revelations-Volume-2-en-book-published.pdf\" class=\"wp-block-file__button\" download>T\u00e9l\u00e9charger<\/a><\/div>\n\n\n\n<h2 class=\"wp-block-heading\">Films sur le monde spirituel<\/h2>\n\n\n\n<ul class=\"wp-block-list\"><li>Film\/livre : Nosso lar (Notre demeure), astral city: a spiritual journey, par Chico Xavier<\/li><li>Film Au-del\u00e0 de nos r\u00eave, par Vincent Ward, avec Robin Williams<\/li><\/ul>\n\n\n\n<h2 class=\"wp-block-heading\"><strong>La mort:<\/strong><\/h2>\n\n\n\n<p>Les th\u00e8mes trait\u00e9s  sont :<\/p>\n\n\n\n<ul class=\"wp-block-list\"><li>D\u00e9finitions m\u00e9dico-l\u00e9gales de la mort<\/li><li>Le processus r\u00e9el de la mort<\/li><li>Les Exp\u00e9riences de Mort Imminente (IME)<\/li><li>L&#8217;\u00e9tat de sommeil<\/li><li>Les causes officielles et r\u00e9elles de le mort<\/li><li>Vieillissement et (im)mortalit\u00e9<\/li><li>La peur de la mort  <\/li><\/ul>\n\n\n\n<div class=\"wp-block-file\"><a href=\"https:\/\/lecoeuraloeuvre.com\/wp-content\/uploads\/2021\/06\/Quest-ce-que-la-mort.pdf\"><strong>Document \u00e0 t\u00e9l\u00e9charger avec les sources<\/strong> : Qu&#8217;est-ce-que-la-mort<\/a><a href=\"https:\/\/lecoeuraloeuvre.com\/wp-content\/uploads\/2021\/06\/Quest-ce-que-la-mort.pdf\" class=\"wp-block-file__button\" download>T\u00e9l\u00e9charger<\/a><\/div>\n\n\n\n<p>Pour visionner la vid\u00e9o : &#8220;<a rel=\"noreferrer noopener\" href=\"https:\/\/youtu.be\/S4892wo-LpM\" data-type=\"URL\" data-id=\"https:\/\/youtu.be\/S4892wo-LpM\" target=\"_blank\">Qu&#8217;est-ce que le mort?<\/a>&#8220;<\/p>\n\n\n\n<figure class=\"wp-block-embed is-type-rich is-provider-prise-en-charge-des-contenus-embarques wp-block-embed-prise-en-charge-des-contenus-embarques wp-embed-aspect-16-9 wp-has-aspect-ratio\"><div class=\"wp-block-embed__wrapper\">\n <span class=\"embed-youtube\" style=\"text-align:center; display: block;\"><iframe class=\"youtube-player\" width=\"640\" height=\"360\" src=\"https:\/\/www.youtube.com\/embed\/S4892wo-LpM?version=3&#038;rel=1&#038;showsearch=0&#038;showinfo=1&#038;iv_load_policy=1&#038;fs=1&#038;hl=en-RU&#038;autohide=2&#038;wmode=transparent\" allowfullscreen=\"true\" style=\"border:0;\" sandbox=\"allow-scripts allow-same-origin allow-popups allow-presentation allow-popups-to-escape-sandbox\"><\/iframe><\/span> \n<\/div><\/figure>\n\n\n\n<p><a href=\"https:\/\/youtu.be\/S4892wo-LpM \">https:\/\/youtu.be\/S4892wo-<\/a><a href=\"https:\/\/youtu.be\/S4892wo-LpM\" data-type=\"URL\" data-id=\"https:\/\/youtu.be\/S4892wo-LpM\">LpM <\/a><\/p>\n\n\n\n<figure class=\"wp-block-embed is-type-rich is-provider-prise-en-charge-des-contenus-embarques wp-block-embed-prise-en-charge-des-contenus-embarques wp-embed-aspect-16-9 wp-has-aspect-ratio\"><div class=\"wp-block-embed__wrapper\">\n<span class=\"embed-youtube\" style=\"text-align:center; display: block;\"><iframe class=\"youtube-player\" width=\"640\" height=\"360\" src=\"https:\/\/www.youtube.com\/embed\/kOn8QMXU3SQ?version=3&#038;rel=1&#038;showsearch=0&#038;showinfo=1&#038;iv_load_policy=1&#038;fs=1&#038;hl=en-RU&#038;autohide=2&#038;wmode=transparent\" allowfullscreen=\"true\" style=\"border:0;\" sandbox=\"allow-scripts allow-same-origin allow-popups allow-presentation allow-popups-to-escape-sandbox\"><\/iframe><\/span> \n<\/div><\/figure>\n\n\n\n<h2 class=\"wp-block-heading\"><strong>Communication avec les esprits (humains d\u00e9c\u00e9d\u00e9s)<\/strong><\/h2>\n\n\n\n<figure class=\"wp-block-embed is-type-video is-provider-youtube wp-block-embed-youtube wp-embed-aspect-16-9 wp-has-aspect-ratio\"><div class=\"wp-block-embed__wrapper\">\n<span class=\"embed-youtube\" style=\"text-align:center; display: block;\"><iframe class=\"youtube-player\" width=\"640\" height=\"360\" src=\"https:\/\/www.youtube.com\/embed\/22Gh7rHY2AM?version=3&#038;rel=1&#038;showsearch=0&#038;showinfo=1&#038;iv_load_policy=1&#038;fs=1&#038;hl=en-RU&#038;autohide=2&#038;start=333&#038;wmode=transparent&#038;listType=playlist&#038;list=PL6PutUphzUHT7jCndwCuTJp15cv87KGXA\" allowfullscreen=\"true\" style=\"border:0;\" sandbox=\"allow-scripts allow-same-origin allow-popups allow-presentation allow-popups-to-escape-sandbox\"><\/iframe><\/span>\n<\/div><\/figure>\n\n\n\n<figure class=\"wp-block-embed is-type-video is-provider-youtube wp-block-embed-youtube wp-embed-aspect-16-9 wp-has-aspect-ratio\"><div class=\"wp-block-embed__wrapper\">\n<span class=\"embed-youtube\" style=\"text-align:center; display: block;\"><iframe class=\"youtube-player\" width=\"640\" height=\"360\" src=\"https:\/\/www.youtube.com\/embed\/DM7m99moBlQ?version=3&#038;rel=1&#038;showsearch=0&#038;showinfo=1&#038;iv_load_policy=1&#038;fs=1&#038;hl=en-RU&#038;autohide=2&#038;wmode=transparent&#038;listType=playlist&#038;list=PL6PutUphzUHT7jCndwCuTJp15cv87KGXA\" allowfullscreen=\"true\" style=\"border:0;\" sandbox=\"allow-scripts allow-same-origin allow-popups allow-presentation allow-popups-to-escape-sandbox\"><\/iframe><\/span>\n<\/div><\/figure>\n\n\n\n<figure class=\"wp-block-embed is-type-video is-provider-youtube wp-block-embed-youtube wp-embed-aspect-16-9 wp-has-aspect-ratio\"><div class=\"wp-block-embed__wrapper\">\n<span class=\"embed-youtube\" style=\"text-align:center; display: block;\"><iframe class=\"youtube-player\" width=\"640\" height=\"360\" src=\"https:\/\/www.youtube.com\/embed\/5d7kYYJiqe0?version=3&#038;rel=1&#038;showsearch=0&#038;showinfo=1&#038;iv_load_policy=1&#038;fs=1&#038;hl=en-RU&#038;autohide=2&#038;wmode=transparent&#038;listType=playlist&#038;list=PL6PutUphzUHT7jCndwCuTJp15cv87KGXA\" allowfullscreen=\"true\" style=\"border:0;\" sandbox=\"allow-scripts allow-same-origin allow-popups allow-presentation allow-popups-to-escape-sandbox\"><\/iframe><\/span>\n<\/div><\/figure>\n\n\n\n<figure class=\"wp-block-embed is-type-video is-provider-youtube wp-block-embed-youtube wp-embed-aspect-16-9 wp-has-aspect-ratio\"><div class=\"wp-block-embed__wrapper\">\n<span class=\"embed-youtube\" style=\"text-align:center; display: block;\"><iframe class=\"youtube-player\" width=\"640\" height=\"360\" src=\"https:\/\/www.youtube.com\/embed\/pVSn_sdBEDc?version=3&#038;rel=1&#038;showsearch=0&#038;showinfo=1&#038;iv_load_policy=1&#038;fs=1&#038;hl=en-RU&#038;autohide=2&#038;wmode=transparent&#038;listType=playlist&#038;list=PL6PutUphzUHT7jCndwCuTJp15cv87KGXA\" allowfullscreen=\"true\" style=\"border:0;\" sandbox=\"allow-scripts allow-same-origin allow-popups allow-presentation allow-popups-to-escape-sandbox\"><\/iframe><\/span>\n<\/div><\/figure>\n\n\n\n<figure class=\"wp-block-embed is-type-video is-provider-youtube wp-block-embed-youtube wp-embed-aspect-16-9 wp-has-aspect-ratio\"><div class=\"wp-block-embed__wrapper\">\n<span class=\"embed-youtube\" style=\"text-align:center; display: block;\"><iframe class=\"youtube-player\" width=\"640\" height=\"360\" src=\"https:\/\/www.youtube.com\/embed\/q6WweDNxS80?version=3&#038;rel=1&#038;showsearch=0&#038;showinfo=1&#038;iv_load_policy=1&#038;fs=1&#038;hl=en-RU&#038;autohide=2&#038;wmode=transparent&#038;listType=playlist&#038;list=PL6PutUphzUHT7jCndwCuTJp15cv87KGXA\" allowfullscreen=\"true\" style=\"border:0;\" sandbox=\"allow-scripts allow-same-origin allow-popups allow-presentation allow-popups-to-escape-sandbox\"><\/iframe><\/span>\n<\/div><\/figure>\n\n\n\n<h2 class=\"wp-block-heading\">Qu&#8217;est-ce qui se passe apr\u00e8s la mort ?<\/h2>\n\n\n\n<figure class=\"wp-block-embed is-type-rich is-provider-prise-en-charge-des-contenus-embarques wp-block-embed-prise-en-charge-des-contenus-embarques wp-embed-aspect-16-9 wp-has-aspect-ratio\"><div class=\"wp-block-embed__wrapper\">\n<span class=\"embed-youtube\" style=\"text-align:center; display: block;\"><iframe class=\"youtube-player\" width=\"640\" height=\"360\" src=\"https:\/\/www.youtube.com\/embed\/s5L0yQI_mJw?version=3&#038;rel=1&#038;showsearch=0&#038;showinfo=1&#038;iv_load_policy=1&#038;fs=1&#038;hl=en-RU&#038;autohide=2&#038;wmode=transparent\" allowfullscreen=\"true\" style=\"border:0;\" sandbox=\"allow-scripts allow-same-origin allow-popups allow-presentation allow-popups-to-escape-sandbox\"><\/iframe><\/span> \n<\/div><\/figure>\n\n\n\n<figure class=\"wp-block-embed is-type-video is-provider-youtube wp-block-embed-youtube wp-embed-aspect-16-9 wp-has-aspect-ratio\"><div class=\"wp-block-embed__wrapper\">\n<span class=\"embed-youtube\" style=\"text-align:center; display: block;\"><iframe class=\"youtube-player\" width=\"640\" height=\"360\" src=\"https:\/\/www.youtube.com\/embed\/fiHP5obKDKs?version=3&#038;rel=1&#038;showsearch=0&#038;showinfo=1&#038;iv_load_policy=1&#038;fs=1&#038;hl=en-RU&#038;autohide=2&#038;wmode=transparent&#038;listType=playlist&#038;list=PLCDA38EC3912D3E9D\" allowfullscreen=\"true\" style=\"border:0;\" sandbox=\"allow-scripts allow-same-origin allow-popups allow-presentation allow-popups-to-escape-sandbox\"><\/iframe><\/span>\n<\/div><\/figure>\n","protected":false},"excerpt":{"rendered":"<p>Recherche scientifique sur la communication avec les esprits (non local &#8220;psi&#8221; source \/ Anomalous Information Reception AIR) https:\/\/www.windbridge.org\/factsheets\/WRC_accuracy.pdf https:\/\/www.sciencedirect.com\/science\/article\/abs\/pii\/S1550830720301518 https:\/\/www.windbridge.org\/factsheets\/WRC_accuracy.pdf https:\/\/inexplore.inrees.com\/articles\/preuves-apres-vie https:\/\/journals.sfu.ca\/jnonlocality\/public\/journals\/1\/PREPRINTS\/Callforpapers.pdf https:\/\/lach.arizona.edu\/veritas (VERITAS Research Program sur la conscience apr\u00e8s la mort) Recherche scientifique sur les Exp\u00e9riences de Mort Imminente (EMI ou NDE en anglais) What Can Science Tell Us About Death? http:\/\/www.horizonresearch.org\/Uploads\/Journal_Resuscitation__2_.pdf https:\/\/near-death.com\/science The&#8230; <\/p>\n","protected":false},"author":9632,"featured_media":0,"parent":0,"menu_order":0,"comment_status":"closed","ping_status":"closed","template":"","meta":{"jetpack_post_was_ever_published":false,"footnotes":""},"class_list":["post-1711","page","type-page","status-publish","hentry"],"translation":{"provider":"WPGlobus","version":"3.0.2","language":"en","enabled_languages":["fr","en","pt"],"languages":{"fr":{"title":true,"content":true,"excerpt":false},"en":{"title":false,"content":false,"excerpt":false},"pt":{"title":false,"content":false,"excerpt":false}}},"jetpack_sharing_enabled":true,"jetpack_shortlink":"https:\/\/wp.me\/P8nQaq-rB","_links":{"self":[{"href":"https:\/\/lecoeuraloeuvre.com\/en\/wp-json\/wp\/v2\/pages\/1711","targetHints":{"allow":["GET"]}}],"collection":[{"href":"https:\/\/lecoeuraloeuvre.com\/en\/wp-json\/wp\/v2\/pages"}],"about":[{"href":"https:\/\/lecoeuraloeuvre.com\/en\/wp-json\/wp\/v2\/types\/page"}],"author":[{"embeddable":true,"href":"https:\/\/lecoeuraloeuvre.com\/en\/wp-json\/wp\/v2\/users\/9632"}],"replies":[{"embeddable":true,"href":"https:\/\/lecoeuraloeuvre.com\/en\/wp-json\/wp\/v2\/comments?post=1711"}],"version-history":[{"count":13,"href":"https:\/\/lecoeuraloeuvre.com\/en\/wp-json\/wp\/v2\/pages\/1711\/revisions"}],"predecessor-version":[{"id":1831,"href":"https:\/\/lecoeuraloeuvre.com\/en\/wp-json\/wp\/v2\/pages\/1711\/revisions\/1831"}],"wp:attachment":[{"href":"https:\/\/lecoeuraloeuvre.com\/en\/wp-json\/wp\/v2\/media?parent=1711"}],"curies":[{"name":"wp","href":"https:\/\/api.w.org\/{rel}","templated":true}]}}