{"id":15,"date":"2017-02-03T11:40:16","date_gmt":"2017-02-03T11:40:16","guid":{"rendered":"http:\/\/lecoeuraloeuvre.com\/?page_id=15"},"modified":"2025-09-12T10:38:58","modified_gmt":"2025-09-12T11:38:58","slug":"services","status":"publish","type":"page","link":"https:\/\/lecoeuraloeuvre.com\/en\/services\/","title":{"rendered":"Autres services"},"content":{"rendered":"<p><a href=\"https:\/\/i0.wp.com\/lecoeuraloeuvre.com\/wp-content\/uploads\/2017\/02\/Maneges-de-Moselle.jpg\"><img data-recalc-dims=\"1\" decoding=\"async\" class=\"wp-image-137 size-medium\" src=\"https:\/\/i0.wp.com\/lecoeuraloeuvre.com\/wp-content\/uploads\/2017\/02\/Maneges-de-Moselle-300x200.jpg?resize=300%2C200&#038;ssl=1\" alt=\"\" width=\"300\" height=\"200\" srcset=\"https:\/\/i0.wp.com\/lecoeuraloeuvre.com\/wp-content\/uploads\/2017\/02\/Maneges-de-Moselle.jpg?resize=300%2C200&amp;ssl=1 300w, https:\/\/i0.wp.com\/lecoeuraloeuvre.com\/wp-content\/uploads\/2017\/02\/Maneges-de-Moselle.jpg?w=309&amp;ssl=1 309w\" sizes=\"(max-width: 300px) 100vw, 300px\" \/><\/a><\/p>\n<p>Voici les multiples passions et explorations :<\/p>\n<ul>\n<li><a href=\"https:\/\/lecoeuraloeuvre.com\/terpailleco\/\">\u00c9co-constructions : Terpaille&amp;Co<\/a><\/li>\n<li><a href=\"https:\/\/lecoeuraloeuvre.com\/apprendre-a-aimer\/\">\u00c9ducation<\/a><\/li>\n<li><a href=\"https:\/\/lecoeuraloeuvre.com\/environnement\/\">Environnement<\/a><\/li>\n<li><a href=\"https:\/\/lecoeuraloeuvre.com\/traductions-sous-titrage\/\">Traductions et sous-titrage<\/a><\/li>\n<li><a href=\"https:\/\/lecoeuraloeuvre.com\/recherches\/\">Recherches<\/a><\/li>\n<li><a href=\"https:\/\/lecoeuraloeuvre.com\/creation-de-blogs-sites-web\/\">Cr\u00e9ation de sites blogs \/ sites web<\/a><\/li>\n<li><a href=\"https:\/\/lecoeuraloeuvre.com\/permaculture\/\">Permaculture<\/a><\/li>\n<li><a href=\"https:\/\/lecoeuraloeuvre.com\/productions-audiovisuelles\/\">Productions audiovisuelles<\/a><\/li>\n<li>Cuisine de nourriture v\u00e9g\u00e9tale<\/li>\n<li><a href=\"https:\/\/lecoeuraloeuvre.com\/radio-du-coeur\/\">Radio du\u00a0c\u0153ur<\/a><\/li>\n<\/ul>\n","protected":false},"excerpt":{"rendered":"<p>Voici les multiples passions et explorations : \u00c9co-constructions : Terpaille&amp;Co \u00c9ducation Environnement Traductions et sous-titrage Recherches Cr\u00e9ation de sites blogs \/ sites web Permaculture Productions audiovisuelles Cuisine de nourriture v\u00e9g\u00e9tale Radio du\u00a0c\u0153ur<\/p>\n","protected":false},"author":9632,"featured_media":0,"parent":0,"menu_order":0,"comment_status":"closed","ping_status":"closed","template":"","meta":{"jetpack_post_was_ever_published":false,"footnotes":""},"class_list":["post-15","page","type-page","status-publish","hentry"],"translation":{"provider":"WPGlobus","version":"3.0.2","language":"en","enabled_languages":["fr","en","pt"],"languages":{"fr":{"title":true,"content":true,"excerpt":false},"en":{"title":false,"content":false,"excerpt":false},"pt":{"title":false,"content":false,"excerpt":false}}},"jetpack_sharing_enabled":true,"jetpack_shortlink":"https:\/\/wp.me\/P8nQaq-f","_links":{"self":[{"href":"https:\/\/lecoeuraloeuvre.com\/en\/wp-json\/wp\/v2\/pages\/15","targetHints":{"allow":["GET"]}}],"collection":[{"href":"https:\/\/lecoeuraloeuvre.com\/en\/wp-json\/wp\/v2\/pages"}],"about":[{"href":"https:\/\/lecoeuraloeuvre.com\/en\/wp-json\/wp\/v2\/types\/page"}],"author":[{"embeddable":true,"href":"https:\/\/lecoeuraloeuvre.com\/en\/wp-json\/wp\/v2\/users\/9632"}],"replies":[{"embeddable":true,"href":"https:\/\/lecoeuraloeuvre.com\/en\/wp-json\/wp\/v2\/comments?post=15"}],"version-history":[{"count":29,"href":"https:\/\/lecoeuraloeuvre.com\/en\/wp-json\/wp\/v2\/pages\/15\/revisions"}],"predecessor-version":[{"id":17670,"href":"https:\/\/lecoeuraloeuvre.com\/en\/wp-json\/wp\/v2\/pages\/15\/revisions\/17670"}],"wp:attachment":[{"href":"https:\/\/lecoeuraloeuvre.com\/en\/wp-json\/wp\/v2\/media?parent=15"}],"curies":[{"name":"wp","href":"https:\/\/api.w.org\/{rel}","templated":true}]}}