{"id":1464,"date":"2021-03-10T10:56:11","date_gmt":"2021-03-10T11:56:11","guid":{"rendered":"https:\/\/lecoeuraloeuvre.com\/?page_id=1464"},"modified":"2023-04-23T11:23:43","modified_gmt":"2023-04-23T12:23:43","slug":"ecriture","status":"publish","type":"page","link":"https:\/\/lecoeuraloeuvre.com\/en\/ecriture\/","title":{"rendered":"\u00c9critures"},"content":{"rendered":"\n<div class=\"wp-block-group\"><div class=\"wp-block-group__inner-container is-layout-flow wp-block-group-is-layout-flow\">\n<h2 class=\"wp-block-heading\">V\u00e9rit\u00e9 \u00e0 nue<\/h2>\n\n\n\n<div class=\"wp-block-columns is-layout-flex wp-container-core-columns-is-layout-9d6595d7 wp-block-columns-is-layout-flex\">\n<div class=\"wp-block-column is-layout-flow wp-block-column-is-layout-flow\" style=\"flex-basis:100%\">\n<figure class=\"wp-block-pullquote is-style-default\"><blockquote><p>C&#8217;est beaucoup plus confortable de partager qui je suis sur une page Facebook, de mon PC,  <\/p><p>que dans le monde r\u00e9el.<\/p><p>  Je me sens en s\u00e9curit\u00e9 derri\u00e8re mon \u00e9cran d&#8217;ordinateur.<\/p><p>\n<p>&nbsp;<\/p>\n<\/p><p> Dans le monde r\u00e9el, &#8220;I feel I don&#8217;t belong&#8221;. <\/p><p>\n<p>&nbsp;<\/p>\n<\/p><p>Non, je ne vie pas en ermite.  <\/p><p>J&#8217;aime de plus en plus les gens,  <\/p><p>comme des cr\u00e9ations magnifiques de Dieu. <\/p><p>En \u00e9tant sinc\u00e8re et par mes passions,  <\/p><p>je tisse des liens profonds, <\/p><p>de c\u0153ur \u00e0 c\u0153ur, <\/p><p> comme un animal social sensible, <\/p><p>et solitaire en m\u00eame temps.  <\/p><p>\n<p>&nbsp;<\/p>\n<\/p><p>Je suis dans ce monde qu&#8217;on appelle &#8220;r\u00e9el&#8221;,  <\/p><p>construit sur des mensonges et des illusions,  <\/p><p>mais je n&#8217;en fais pas vraiment partie. <\/p><p>Je ne partage pas la plupart de ses croyances ou aspirations.  <\/p><p>J&#8217;ai peu d&#8217;int\u00e9r\u00eat pour la plupart des choses mat\u00e9rielles, <\/p><p>ou de pouvoir. <\/p><p>J&#8217;ai souvent cette impression de perdre mon temps <\/p><p>en engageant des activit\u00e9s sociales.  <\/p><p>\n<p>&nbsp;<\/p>\n<\/p><p>J&#8217;ai de l&#8217;int\u00e9r\u00eat pour les choses marginales de ce monde,  <\/p><p>dans la poursuite de moralit\u00e9 telle que Dieu la con\u00e7oit, <\/p><p>dans la d\u00e9couverte de Dieu et de moi-m\u00eame, des gens,  <\/p><p>dans l&#8217;authenticit\u00e9 et la sinc\u00e9rit\u00e9, <\/p><p>dans la beaut\u00e9 de l&#8217;univers. <\/p><p>\n<p>&nbsp;<\/p>\n<\/p><p>J&#8217;aime d\u00e9noncer les mensonges, <\/p><p>qui entra\u00eenent toutes ces souffrances dans le monde, <\/p><p>surtout celle des enfants innocents.<\/p><p>J&#8217;aime encourager ou inspirer les gens, <\/p><p>\u00e0 oser exprimer ce qu&#8217;ils ressentent au fond du c\u0153ur.  <\/p><p>C&#8217;est ce qui m&#8217;anime. <\/p><p>\n<p>&nbsp;<\/p>\n<\/p><p>Agir dans le monde \u00e0 partir de ma singularit\u00e9,  <\/p><p>c&#8217;est un d\u00e9fi pour d\u00e9passer toutes mes peurs,  <\/p><p>d&#8217;\u00eatre attaqu\u00e9,<\/p><p>moqu\u00e9,<\/p><p>jug\u00e9, <\/p><p>condamn\u00e9, <\/p><p>pour \u00eatre qui je suis,  <\/p><p>pour ce qui se trouve au fond de moi.  <\/p><p>\n<p>&nbsp;<\/p>\n<\/p><p>Il y a Dieu, <\/p><p>et ensuite ma solitude, <\/p><p>une bonne solitude,  <\/p><p>de qualit\u00e9, <\/p><p>que je nourris, <\/p><p>mais parfois lourde, aussi. <\/p><p>\n<p>&nbsp;<\/p>\n<\/p><p>Comme un homosexuel en &#8220;coming out&#8221;, <\/p><p>comme un noir en Am\u00e9rique, <\/p><p>comme un enfant maltrait\u00e9, <\/p><p>je me sens aussi marginal, <\/p><p>\u00e0 ma fa\u00e7on,  <\/p><p>dans ma compr\u00e9hension de l&#8217;amour,  <\/p><p>et mes valeurs spirituelles&#8230;  <\/p><p>\n<p>&nbsp;<\/p>\n<\/p><p>Pr\u00e9tendre autrement, <\/p><p>ce serait une nouvelle trahison de moi-m\u00eame. <\/p><p>\n<p>&nbsp;<\/p>\n<\/p><p>Apr\u00e8s une vie pass\u00e9e <\/p><p>\u00e0 \u00eatre quelqu&#8217;un d&#8217;autre, <\/p><p>j&#8217;ai du mal \u00e0 m&#8217;accepter, <\/p><p>\u00e0 nu. <\/p><p>\n<p>&nbsp;<\/p>\n<\/p><p>Anim\u00e9, <\/p><p>passionn\u00e9,  <\/p><p>d\u00e9prim\u00e9, <\/p><p>j&#8217;ai la foi, <\/p><p>mais pas en moi. <\/p><p>\n<p>&nbsp;<\/p>\n<\/p><p>Parfois heureux, <\/p><p>souvent peureux comme un enfant. <\/p><p>\n<p>&nbsp;<\/p>\n<\/p><p>Voil\u00e0 la v\u00e9rit\u00e9 \u00e0 nue&#8230; <\/p><p>\n<p>&nbsp;<\/p>\n<\/p><p><strong>Mars 2021<\/strong><\/p><\/blockquote><\/figure>\n<\/div>\n<\/div>\n<\/div><\/div>\n\n\n\n<p><\/p>\n\n\n\n<p><\/p>\n\n\n\n<h2 class=\"wp-block-heading\">Mon meilleur ami<\/h2>\n\n\n\n<figure class=\"wp-block-pullquote\"><blockquote><p>Mon meilleur ami,<\/p><p>je l&#8217;ai ignor\u00e9,<\/p><p>je l&#8217;ai craint,<\/p><p>presque toute ma vie,<\/p><p>et encore souvent aujourd&#8217;hui.<\/p><p>\n<p>&nbsp;<\/p>\n<\/p><p>Mon meilleur ami,<\/p><p>je ne l&#8217;ai jamais vu,<\/p><p>mais je l&#8217;ai ressenti.<\/p><p>Ce n&#8217;est pas qu&#8217;il se cache,<\/p><p>mais il n&#8217;a pas de corps physique<\/p><p>et il est trop Grand <\/p><p>pour vivre dans l&#8217;univers mat\u00e9riel.<\/p><p>\n<p>&nbsp;<\/p>\n<\/p><p>Mon meilleur ami,<\/p><p>y en a qui le v\u00e9n\u00e8rent,<\/p><p>y en a qui le craignent,<\/p><p>y en a qui l&#8217;ignorent,<\/p><p>y en a qui le d\u00e9testent,<\/p><p>y en a qui le bl\u00e2ment pour leur douleur<\/p><p>et y en a m\u00eame qui pensent qu&#8217;il n&#8217;existe pas.<\/p><p>\n<p>&nbsp;<\/p>\n<\/p><p>Mon meilleur ami,<\/p><p>c&#8217;est la personne la plus aim\u00e9e,<\/p><p>et la plus d\u00e9test\u00e9e.<\/p><p>C&#8217;est la personne la plus populaire<\/p><p>et la plus ignor\u00e9e et inconnue.<\/p><p>\n<p>&nbsp;<\/p>\n<\/p><p>Mon meilleur ami,<\/p><p>il est plus doux qu&#8217;un ange,<\/p><p>il aime \u00e0 la folie,<\/p><p>il a r\u00e9ponse \u00e0 tout,<\/p><p>il est infiniment intelligent,<\/p><p>il est infiniment grand,<\/p><p>il est infiniment bon,<\/p><p>il est infiniment puissant,<\/p><p>il est infiniment cr\u00e9atif,<\/p><p>il a une infinit\u00e9 de qualit\u00e9s<\/p><p>qu&#8217;il adore partager.<\/p><p>\n<p>&nbsp;<\/p>\n<\/p><p>Mon meilleur ami,<\/p><p>je l&#8217;entends uniquement quand<\/p><p>je le souhaite vraiment,<\/p><p>quand je suis tranquille, humble et sinc\u00e8re.<\/p><p>Il est toujours l\u00e0 pour moi,<\/p><p>attendant que je lui ouvre mon c\u0153ur,<\/p><p>mais ne m&#8217;impose jamais rien.<\/p><p>\n<p>&nbsp;<\/p>\n<\/p><p>Mon meilleur ami,<\/p><p>il a un amour unique qui me transforme,<\/p><p>quand je m&#8217;ouvre \u00e0 lui.<\/p><p>Il m&#8217;adoucit et \u00e9veille mon amour,<\/p><p>\u00e0 moi, aux autres et \u00e0 l&#8217;environnement.<\/p><p>Il m&#8217;aide \u00e0 me conna\u00eetre derri\u00e8re les apparences.<\/p><p>Il me fait ressentir ce qui fait mal en moi.<\/p><p>Il m&#8217;aide \u00e0 me gu\u00e9rir de mes peurs, hontes et chagrins,<\/p><p> et me transforme doucement en mon meilleur potentiel,<\/p><p>telle une chenille qui devient progressivement papillon,<\/p><p>apr\u00e8s avoir lib\u00e9r\u00e9 ce qui n&#8217;est pas en amour.<\/p><p>\n<p>&nbsp;<\/p>\n<\/p><p>Mon meilleur ami,<\/p><p>on aime en son nom,<\/p><p>on tue en son nom,<\/p><p>on juge et condamne en son nom.<\/p><p>On a m\u00eame cr\u00e9\u00e9 des religions en son nom.<\/p><p>Mais lui n&#8217;a jamais rien demand\u00e9.<\/p><p>\n<p>&nbsp;<\/p>\n<\/p><p>Il chuchote tendrement \u00e0 l&#8217;oreille du c\u0153ur de chacun qui veut l&#8217;entendre: <\/p><p>&#8220;Je t&#8217;aime mon enfant,<\/p><p>quoi que tu penses,<\/p><p>quoi que tu fasses,<\/p><p>quoi que tu dises,<\/p><p>je sais qui tu es,<\/p><p>et tu es merveilleux,<\/p><p>et le plus pr\u00e9cieux \u00e0 mes yeux.<\/p><p>\n<p>&nbsp;<\/p>\n<\/p><p>Je t&#8217;aime.<\/p><p>\n<p>&nbsp;<\/p>\n<\/p><p><strong>Septembre 2020<\/strong><\/p><\/blockquote><\/figure>\n\n\n\n<p><\/p>\n\n\n\n<p><\/p>\n\n\n\n<h2 class=\"wp-block-heading has-text-align-center\">Autres textes:<\/h2>\n\n\n\n<h2 class=\"wp-block-heading\"><a rel=\"noreferrer noopener\" href=\"https:\/\/lecoeuraloeuvre.com\/ecritures\/lempreinte-damour\/\" target=\"_blank\">L&#8217;empreinte d&#8217;amour<\/a><\/h2>\n\n\n\n<h2 class=\"wp-block-heading\"><a href=\"https:\/\/lecoeuraloeuvre.com\/ecritures\/the-greatest-experiment-1-2\/\">The greatest experiment 1\/2<\/a><\/h2>\n\n\n\n<h2 class=\"wp-block-heading\"><a href=\"https:\/\/lecoeuraloeuvre.com\/ecritures\/the-greatest-experiment-2-2\/\">The greatest experiment 2\/2<\/a><\/h2>\n\n\n\n<p><a href=\"https:\/\/lecoeuraloeuvre.com\/nouvelles\/i-want-to-sing-my-own-song\/\"><strong>I want to sing my own song<\/strong><\/a><\/p>\n\n\n\n<p><\/p>\n","protected":false},"excerpt":{"rendered":"<p>V\u00e9rit\u00e9 \u00e0 nue C&#8217;est beaucoup plus confortable de partager qui je suis sur une page Facebook, de mon PC, que dans le monde r\u00e9el. Je me sens en s\u00e9curit\u00e9 derri\u00e8re mon \u00e9cran d&#8217;ordinateur. &nbsp; Dans le monde r\u00e9el, &#8220;I feel I don&#8217;t belong&#8221;. &nbsp; Non, je ne vie pas en ermite. J&#8217;aime de plus en&#8230; <\/p>\n","protected":false},"author":9632,"featured_media":0,"parent":0,"menu_order":0,"comment_status":"closed","ping_status":"closed","template":"","meta":{"jetpack_post_was_ever_published":false,"footnotes":""},"class_list":["post-1464","page","type-page","status-publish","hentry"],"translation":{"provider":"WPGlobus","version":"3.0.2","language":"en","enabled_languages":["fr","en","pt"],"languages":{"fr":{"title":true,"content":true,"excerpt":false},"en":{"title":false,"content":false,"excerpt":false},"pt":{"title":false,"content":false,"excerpt":false}}},"jetpack_sharing_enabled":true,"jetpack_shortlink":"https:\/\/wp.me\/P8nQaq-nC","_links":{"self":[{"href":"https:\/\/lecoeuraloeuvre.com\/en\/wp-json\/wp\/v2\/pages\/1464","targetHints":{"allow":["GET"]}}],"collection":[{"href":"https:\/\/lecoeuraloeuvre.com\/en\/wp-json\/wp\/v2\/pages"}],"about":[{"href":"https:\/\/lecoeuraloeuvre.com\/en\/wp-json\/wp\/v2\/types\/page"}],"author":[{"embeddable":true,"href":"https:\/\/lecoeuraloeuvre.com\/en\/wp-json\/wp\/v2\/users\/9632"}],"replies":[{"embeddable":true,"href":"https:\/\/lecoeuraloeuvre.com\/en\/wp-json\/wp\/v2\/comments?post=1464"}],"version-history":[{"count":23,"href":"https:\/\/lecoeuraloeuvre.com\/en\/wp-json\/wp\/v2\/pages\/1464\/revisions"}],"predecessor-version":[{"id":6682,"href":"https:\/\/lecoeuraloeuvre.com\/en\/wp-json\/wp\/v2\/pages\/1464\/revisions\/6682"}],"wp:attachment":[{"href":"https:\/\/lecoeuraloeuvre.com\/en\/wp-json\/wp\/v2\/media?parent=1464"}],"curies":[{"name":"wp","href":"https:\/\/api.w.org\/{rel}","templated":true}]}}