{"id":109,"date":"2017-02-20T04:25:24","date_gmt":"2017-02-20T04:25:24","guid":{"rendered":"http:\/\/lecoeuraloeuvre.com\/?page_id=109"},"modified":"2018-02-04T20:48:59","modified_gmt":"2018-02-04T21:48:59","slug":"une-education-a-lamour-pour-tous","status":"publish","type":"page","link":"https:\/\/lecoeuraloeuvre.com\/en\/une-education-a-lamour-pour-tous\/","title":{"rendered":"Une \u00e9ducation \u00e0 l&#8217;amour pour tous"},"content":{"rendered":"<h2 class=\"articletitle\">L\u2019acc\u00e8s \u00e0 une \u00ab \u00e9ducation \u00e0 l\u2019Amour \u00bb enfin disponible sur terre !<\/h2>\n<div class=\"articlebody\">\n<div style=\"width: 444px\" class=\"wp-caption aligncenter\"><img data-recalc-dims=\"1\" decoding=\"async\" class=\"widthadapted nonealign showcaption\" src=\"https:\/\/i0.wp.com\/p1.storage.canalblog.com\/15\/31\/861478\/114777509.jpg?resize=434%2C244\" alt=\"La porte des Cieux Celestes (photo libre de droits)\" width=\"434\" height=\"244\" border=\"0\" \/><p class=\"wp-caption-text\">La porte des Cieux (photo libre de droits)<\/p><\/div>\n<p>Ce qui manque le plus sur la plan\u00e8te est une v\u00e9ritable \u00e9ducation en Amour pour les parents et les enfants, c&#8217;est- \u00e0 -dire qui soit en harmonie avec les lois d&#8217;amour et la V\u00e9rit\u00e9 de Dieu plut\u00f4t qu&#8217;avec les concepts de l&#8217;homme sur le sujet.<\/p>\n<p>Il est n\u00e9cessaire de d\u00e9velopper un syst\u00e8me \u00e9ducatif en harmonie avec cela. Un changement positif et durable en chaque individu m\u00e8nera in\u00e9vitablement, tout ou tard, \u00e0 un changement profond d&#8217;envergure plan\u00e9taire. La bonne nouvelle, c&#8217;est que c&#8217;est en train de se r\u00e9aliser gr\u00e2ce au retour de J\u00e9sus et Mary sur terre. Ceux-ci donnent, en ce moment en Australie, sous formes de groupes d\u2019assistance, la premi\u00e8re formation \u00e9ducative de base \u00e0 l&#8217;amour jamais pr\u00e9sent\u00e9e sur terre. Elle vise \u00e0 aider les personnes \u00e0 d\u00e9velopper une relation personnelle avec Dieu, notre vrai parent, pour pouvoir \u00eatre enseign\u00e9 directement par Dieu qui est la source de la V\u00e9rit\u00e9 Divine sur tout sujet.<\/p>\n<p>Pour lire la suite, cliquez <a href=\"http:\/\/www.uniondivine.info\/archives\/2015\/03\/20\/34959046.html\" target=\"_blank\" rel=\"noopener\">ici<\/a><\/p>\n<\/div>\n","protected":false},"excerpt":{"rendered":"<p>L\u2019acc\u00e8s \u00e0 une \u00ab \u00e9ducation \u00e0 l\u2019Amour \u00bb enfin disponible sur terre ! Ce qui manque le plus sur la plan\u00e8te est une v\u00e9ritable \u00e9ducation en Amour pour les parents et les enfants, c&#8217;est- \u00e0 -dire qui soit en harmonie avec les lois d&#8217;amour et la V\u00e9rit\u00e9 de Dieu plut\u00f4t qu&#8217;avec les concepts de l&#8217;homme&#8230; <\/p>\n","protected":false},"author":9632,"featured_media":0,"parent":0,"menu_order":0,"comment_status":"closed","ping_status":"closed","template":"","meta":{"jetpack_post_was_ever_published":false,"footnotes":""},"class_list":["post-109","page","type-page","status-publish","hentry"],"translation":{"provider":"WPGlobus","version":"3.0.2","language":"en","enabled_languages":["fr","en","pt"],"languages":{"fr":{"title":true,"content":true,"excerpt":false},"en":{"title":false,"content":false,"excerpt":false},"pt":{"title":false,"content":false,"excerpt":false}}},"jetpack_sharing_enabled":true,"jetpack_shortlink":"https:\/\/wp.me\/P8nQaq-1L","_links":{"self":[{"href":"https:\/\/lecoeuraloeuvre.com\/en\/wp-json\/wp\/v2\/pages\/109","targetHints":{"allow":["GET"]}}],"collection":[{"href":"https:\/\/lecoeuraloeuvre.com\/en\/wp-json\/wp\/v2\/pages"}],"about":[{"href":"https:\/\/lecoeuraloeuvre.com\/en\/wp-json\/wp\/v2\/types\/page"}],"author":[{"embeddable":true,"href":"https:\/\/lecoeuraloeuvre.com\/en\/wp-json\/wp\/v2\/users\/9632"}],"replies":[{"embeddable":true,"href":"https:\/\/lecoeuraloeuvre.com\/en\/wp-json\/wp\/v2\/comments?post=109"}],"version-history":[{"count":2,"href":"https:\/\/lecoeuraloeuvre.com\/en\/wp-json\/wp\/v2\/pages\/109\/revisions"}],"predecessor-version":[{"id":313,"href":"https:\/\/lecoeuraloeuvre.com\/en\/wp-json\/wp\/v2\/pages\/109\/revisions\/313"}],"wp:attachment":[{"href":"https:\/\/lecoeuraloeuvre.com\/en\/wp-json\/wp\/v2\/media?parent=109"}],"curies":[{"name":"wp","href":"https:\/\/api.w.org\/{rel}","templated":true}]}}